 

{"id":13742,"date":"2021-11-22T17:59:19","date_gmt":"2021-11-22T16:59:19","guid":{"rendered":"https:\/\/www.carrerivegauche.com\/boutique-crg\/bronze-faune-et-biche-par-ary-bitter\/"},"modified":"2023-04-01T15:47:20","modified_gmt":"2023-04-01T13:47:20","slug":"bronze-faune-et-biche-par-ary-bitter","status":"publish","type":"product","link":"https:\/\/www.carrerivegauche.com\/fr\/boutique-crg\/bronze-faune-et-biche-par-ary-bitter\/","title":{"rendered":"Bronze, faune et biche par Ary BITTER"},"content":{"rendered":"<p style=\"margin: 0px;padding: 0px 0px 1em;border: 0px;font-size: 14px;vertical-align: baseline;background-image: initial;background-position: initial;background-size: initial;background-attachment: initial;color: #757575;font-family: Poppins, Helvetica, Arial, Lucida, sans-serif\" data-mce-style=\"box-sizing: border-box; margin: 0px; padding: 0px 0px 1em; border: 0px; outline: 0px; font-size: 14px; text-size-adjust: 100%; vertical-align: baseline; background-image: initial; background-position: initial; background-size: initial; background-repeat: initial; background-attachment: initial; background-origin: initial; background-clip: initial; color: #757575; font-family: Poppins, Helvetica, Arial, Lucida, sans-serif;\">Ary BITTER na\u00eet le 29 mai 1883 \u00e0 Marseille.<br data-mce-style=\"box-sizing: border-box;\">Sculpteur de statuettes, de bronze, aux sujets souvent mythologiques, il aime aussi les nus et les repr\u00e9sentations animali\u00e8res.<\/p>\n<p style=\"margin: 0px;padding: 0px 0px 1em;border: 0px;font-size: 14px;vertical-align: baseline;background-image: initial;background-position: initial;background-size: initial;background-attachment: initial;color: #757575;font-family: Poppins, Helvetica, Arial, Lucida, sans-serif\" data-mce-style=\"box-sizing: border-box; margin: 0px; padding: 0px 0px 1em; border: 0px; outline: 0px; font-size: 14px; text-size-adjust: 100%; vertical-align: baseline; background-image: initial; background-position: initial; background-size: initial; background-repeat: initial; background-attachment: initial; background-origin: initial; background-clip: initial; color: #757575; font-family: Poppins, Helvetica, Arial, Lucida, sans-serif;\">Ses \u0153uvres figurent au Salon des Artistes Fran\u00e7ais entre 1910 et 1939.<br data-mce-style=\"box-sizing: border-box;\">Il obtient une mention honorable en 1910, une m\u00e9daille de bronze en 1913, une m\u00e9daille d\u2019argent en 1921, une m\u00e9daille en 1924. Et une m\u00e9daille d\u2019or \u00e0 l\u2019Exposition Internationale de 1937.<\/p>\n<p style=\"margin: 0px;padding: 0px;border: 0px;font-size: 14px;vertical-align: baseline;background-image: initial;background-position: initial;background-size: initial;background-attachment: initial;color: #757575;font-family: Poppins, Helvetica, Arial, Lucida, sans-serif\" data-mce-style=\"box-sizing: border-box; margin: 0px; padding: 0px; border: 0px; outline: 0px; font-size: 14px; text-size-adjust: 100%; vertical-align: baseline; background-image: initial; background-position: initial; background-size: initial; background-repeat: initial; background-attachment: initial; background-origin: initial; background-clip: initial; color: #757575; font-family: Poppins, Helvetica, Arial, Lucida, sans-serif;\">Son style est \u00e0 la fois fin et rugueux.<\/p>\n","protected":false},"excerpt":{"rendered":"<p><span style=\"color: #5e5e5e;font-family: Poppins, Helvetica, Arial, Lucida, sans-serif;font-size: 14px\" data-mce-style=\"color: #5e5e5e; font-family: Poppins, Helvetica, Arial, Lucida, sans-serif; font-size: 14px;\">Ce charmant bronze \u00e0 patine brune poss\u00e8de la marque du fondeur Susse Fr\u00e8re et la signature de l\u2019artiste.<\/span><br style=\"color: #5e5e5e;font-family: Poppins, Helvetica, Arial, Lucida, sans-serif;font-size: 14px\" data-mce-style=\"box-sizing: border-box; color: #5e5e5e; font-family: Poppins, Helvetica, Arial, Lucida, sans-serif; font-size: 14px;\"><span style=\"color: #5e5e5e;font-family: Poppins, Helvetica, Arial, Lucida, sans-serif;font-size: 14px\" data-mce-style=\"color: #5e5e5e; font-family: Poppins, Helvetica, Arial, Lucida, sans-serif; font-size: 14px;\">En parfait \u00e9tat, l\u2019artiste nous propose une sc\u00e8ne mythologique pleine de tendresse.<\/span><\/p>\n","protected":false},"featured_media":13733,"template":"","meta":[],"product_brand":[],"product_cat":[278],"product_tag":[],"class_list":{"0":"post-13742","1":"product","2":"type-product","3":"status-publish","4":"has-post-thumbnail","6":"product_cat-saint-martin","7":"description-off","9":"first","10":"instock","11":"shipping-taxable","12":"purchasable","13":"product-type-simple"},"aioseo_notices":[],"_links":{"self":[{"href":"https:\/\/www.carrerivegauche.com\/fr\/wp-json\/wp\/v2\/product\/13742","targetHints":{"allow":["GET"]}}],"collection":[{"href":"https:\/\/www.carrerivegauche.com\/fr\/wp-json\/wp\/v2\/product"}],"about":[{"href":"https:\/\/www.carrerivegauche.com\/fr\/wp-json\/wp\/v2\/types\/product"}],"wp:featuredmedia":[{"embeddable":true,"href":"https:\/\/www.carrerivegauche.com\/fr\/wp-json\/wp\/v2\/media\/13733"}],"wp:attachment":[{"href":"https:\/\/www.carrerivegauche.com\/fr\/wp-json\/wp\/v2\/media?parent=13742"}],"wp:term":[{"taxonomy":"product_brand","embeddable":true,"href":"https:\/\/www.carrerivegauche.com\/fr\/wp-json\/wp\/v2\/product_brand?post=13742"},{"taxonomy":"product_cat","embeddable":true,"href":"https:\/\/www.carrerivegauche.com\/fr\/wp-json\/wp\/v2\/product_cat?post=13742"},{"taxonomy":"product_tag","embeddable":true,"href":"https:\/\/www.carrerivegauche.com\/fr\/wp-json\/wp\/v2\/product_tag?post=13742"}],"curies":[{"name":"wp","href":"https:\/\/api.w.org\/{rel}","templated":true}]}}