 

{"id":13709,"date":"2021-11-22T17:38:28","date_gmt":"2021-11-22T16:38:28","guid":{"rendered":"https:\/\/www.carrerivegauche.com\/boutique-crg\/une-paire-de-chauffeuse-directoire-estampillee-jacob-desmalter\/"},"modified":"2024-06-25T18:17:27","modified_gmt":"2024-06-25T16:17:27","slug":"une-paire-de-chauffeuse-directoire-estampillee-jacob-desmalter","status":"publish","type":"product","link":"https:\/\/www.carrerivegauche.com\/fr\/boutique-crg\/une-paire-de-chauffeuse-directoire-estampillee-jacob-desmalter\/","title":{"rendered":"Une paire de chauffeuse directoire estampill\u00e9e Jacob Desmalter"},"content":{"rendered":"<p style=\"margin: 0px;padding-bottom: 0px;color: #64676e;min-height: 10px;font-family: Segoe-UI;font-size: 17px\" data-mce-style=\"margin: 0px; padding-bottom: 0px; color: #64676e; min-height: 10px; font-family: Segoe-UI; font-size: 17px;\">Quand il fut nomm\u00e9 \u00e9b\u00e9niste de l&rsquo;Empereur,\u00a0sa fabrique avait pris un d\u00e9veloppement prodigieux.<\/p>\n<p style=\"margin: 0px;padding-bottom: 0px;color: #64676e;min-height: 10px;font-family: Segoe-UI;font-size: 17px\" data-mce-style=\"margin: 0px; padding-bottom: 0px; color: #64676e; min-height: 10px; font-family: Segoe-UI; font-size: 17px;\">On y comptait non moins de quinze ateliers,\u00a0dont sept de menuiserie,d&rsquo;\u00e9b\u00e9nisterie et de tournage, trois pour la sculpture, la peinture et la dorure sur bois, trois autres pour le travail des bronzes, un pour la tapisserie et le dernier pour la serrurerie m\u00e9canique\u2026.\u00a0<\/p>\n<p style=\"margin: 0px;padding-bottom: 0px;color: #64676e;min-height: 10px;font-family: Segoe-UI;font-size: 17px\" data-mce-style=\"margin: 0px; padding-bottom: 0px; color: #64676e; min-height: 10px; font-family: Segoe-UI; font-size: 17px;\">Les meubles sont estampill\u00e9s comme les n\u00f4tres.\u00a0<\/p>\n","protected":false},"excerpt":{"rendered":"<p class=\"MsoNormal\" align=\"center\" style=\"text-align: left\" data-mce-style=\"text-align: left;\"><span style=\"color: #64676e;font-family: Segoe-UI;font-size: 17px;text-align: start\" data-mce-style=\"color: #64676e; font-family: Segoe-UI; font-size: 17px; text-align: start;\">Les traditions de Georges Jacob , grand \u00e9b\u00e9niste du 18\u00e8me <\/span><span style=\"color: #64676e;font-family: Segoe-UI;font-size: 17px;text-align: start\" data-mce-style=\"color: #64676e; font-family: Segoe-UI; font-size: 17px; text-align: start;\">furent continu\u00e9es par ses fils Georges et Fran\u00e7ois-Honor\u00e9 <\/span><span style=\"color: #64676e;font-family: Segoe-UI;font-size: 17px;text-align: start\" data-mce-style=\"color: #64676e; font-family: Segoe-UI; font-size: 17px; text-align: start;\">unis sous le nom de \u00ab Jacob Fr\u00e8res \u00bb,<\/span><br style=\"color: #64676e;font-family: Segoe-UI;font-size: 17px;text-align: start\" data-mce-style=\"color: #64676e; font-family: Segoe-UI; font-size: 17px; text-align: start;\"><br style=\"color: #64676e;font-family: Segoe-UI;font-size: 17px;text-align: start\" data-mce-style=\"color: #64676e; font-family: Segoe-UI; font-size: 17px; text-align: start;\"><span style=\"color: #64676e;font-family: Segoe-UI;font-size: 17px;text-align: start\" data-mce-style=\"color: #64676e; font-family: Segoe-UI; font-size: 17px; text-align: start;\">A la \u00e0 la mort de l&rsquo;a\u00een\u00e9 des fr\u00e8res Jacob <\/span><span style=\"color: #64676e;font-family: Segoe-UI;font-size: 17px;text-align: start\" data-mce-style=\"color: #64676e; font-family: Segoe-UI; font-size: 17px; text-align: start;\">Fran\u00e7ois-Honor\u00e9 forma une nouvelle association avec son p\u00e8re, <\/span><span style=\"color: #64676e;font-family: Segoe-UI;font-size: 17px;text-align: start\" data-mce-style=\"color: #64676e; font-family: Segoe-UI; font-size: 17px; text-align: start;\">sous le nom de \u00ab Jacob Desmalter et Cie \u00bb<\/span><\/p>\n<p><\/p>\n","protected":false},"featured_media":13703,"template":"","meta":[],"product_brand":[],"product_cat":[278],"product_tag":[],"class_list":{"0":"post-13709","1":"product","2":"type-product","3":"status-publish","4":"has-post-thumbnail","6":"product_cat-saint-martin","7":"description-off","9":"first","10":"instock","11":"shipping-taxable","12":"purchasable","13":"product-type-simple"},"aioseo_notices":[],"_links":{"self":[{"href":"https:\/\/www.carrerivegauche.com\/fr\/wp-json\/wp\/v2\/product\/13709","targetHints":{"allow":["GET"]}}],"collection":[{"href":"https:\/\/www.carrerivegauche.com\/fr\/wp-json\/wp\/v2\/product"}],"about":[{"href":"https:\/\/www.carrerivegauche.com\/fr\/wp-json\/wp\/v2\/types\/product"}],"wp:featuredmedia":[{"embeddable":true,"href":"https:\/\/www.carrerivegauche.com\/fr\/wp-json\/wp\/v2\/media\/13703"}],"wp:attachment":[{"href":"https:\/\/www.carrerivegauche.com\/fr\/wp-json\/wp\/v2\/media?parent=13709"}],"wp:term":[{"taxonomy":"product_brand","embeddable":true,"href":"https:\/\/www.carrerivegauche.com\/fr\/wp-json\/wp\/v2\/product_brand?post=13709"},{"taxonomy":"product_cat","embeddable":true,"href":"https:\/\/www.carrerivegauche.com\/fr\/wp-json\/wp\/v2\/product_cat?post=13709"},{"taxonomy":"product_tag","embeddable":true,"href":"https:\/\/www.carrerivegauche.com\/fr\/wp-json\/wp\/v2\/product_tag?post=13709"}],"curies":[{"name":"wp","href":"https:\/\/api.w.org\/{rel}","templated":true}]}}