 

{"id":13695,"date":"2021-11-22T17:24:34","date_gmt":"2021-11-22T16:24:34","guid":{"rendered":"https:\/\/www.carrerivegauche.com\/boutique-crg\/huile-sur-panneau-marche-a-haifa-par-mane-katz\/"},"modified":"2024-04-05T16:34:00","modified_gmt":"2024-04-05T14:34:00","slug":"huile-sur-panneau-marche-a-haifa-par-mane-katz","status":"publish","type":"product","link":"https:\/\/www.carrerivegauche.com\/fr\/boutique-crg\/huile-sur-panneau-marche-a-haifa-par-mane-katz\/","title":{"rendered":"Huile sur panneau, March\u00e9 \u00e0 Haifa par Mane KATZ"},"content":{"rendered":"<p><span id=\"gmail-p137\"><span id=\"gmail-152\">Man\u00e9-<\/span><span id=\"gmail-153\">Katz<\/span>\u00a0commence ses \u00e9tudes aux Beaux-Arts de Kiev en 1911.<\/span><span id=\"gmail-p166\">\u00a0En 1913, il s\u2019installe \u00e0 Paris.<\/span><span id=\"gmail-p139\"><\/span><br \/><span id=\"gmail-p141\">Grand voyageur, l\u2019Europe, mais aussi le Maghreb, et le Moyen Orient,\u00a0<span id=\"gmail-p170\">(il s\u2019installera deux ans en Isra\u00ebl)<\/span>, il revient toujours \u00e0 Paris.<\/span><\/p>\n<p><span id=\"gmail-p142\">L&rsquo;art de\u00a0<span id=\"gmail-158\" class=\"gmail-s-rg-t\">Man\u00e9-Katz<\/span>\u00a0cherche \u00e0 maintenir la culture vivante de la Torah.<\/span><br \/><span id=\"gmail-p143\">Son enfance fut totalement impr\u00e9gn\u00e9e par la culture juive.<\/span><span id=\"gmail-p144\">\u00a0Son p\u00e8re, qui s&rsquo;<span id=\"gmail-159\" class=\"gmail-s-bl-t\">occupait de<\/span>\u00a0la synagogue et l&rsquo;\u00e9duque selon les pr\u00e9ceptes de la religion juive<\/span><br \/><span id=\"gmail-p145\">Le jeune gar\u00e7on apprend alors le dessin en cachette.<\/span><span id=\"gmail-p146\"><\/span><\/p>\n<p><span id=\"gmail-p147\"><span id=\"gmail-161\">Man\u00e9-<\/span><span id=\"gmail-162\">Katz<\/span>\u00a0est le peintre des rabbins, des ghettos, et des Justes\u2026<\/span><\/p>\n<p>Une autre partie de son \u0153uvre est consacr\u00e9e \u00e0\u00a0<span id=\"gmail-p149\">des peintures de fleurs, des paysages de Paris, de Vend\u00e9e, de Bretagne, ou d\u2019<span id=\"gmail-164\">Israel<\/span>. (comme n\u00f4tre \u0153uvre)<\/span><br \/><span id=\"gmail-p169\">Ses \u0153uvres-ci, sont color\u00e9es, vivantes, expressives, attractives, po\u00e9tiques et solaires.<\/span><span id=\"gmail-p151\">\u00a0<\/span><\/p>\n","protected":false},"excerpt":{"rendered":"<p><span id=\"gmail-p110\"><span id=\"gmail-119\" class=\"gmail-s-rg-t\">Man\u00e9<\/span>\u00a0<span id=\"gmail-120\" class=\"gmail-s-rg-t\">KATZ<\/span><span id=\"gmail-121\" class=\"gmail-s-bl-t\">\u00a0<\/span><span id=\"gmail-p109\">(1894-1962)<\/span><\/span><br \/><span id=\"gmail-p111\"><span id=\"gmail-122\" class=\"gmail-s-rg-t\">est<\/span>\u00a0un peintre ukrainien, naturalis\u00e9 fran\u00e7ais en 1927.<\/span><span id=\"gmail-p112\"><br \/><\/span>Il fr\u00e9quente le Paris de Chagall, Soutine et Modigliani.<span id=\"gmail-p113\">\u00a0Il est d\u00e9crit comme le peintre de l\u2019\u00e2me juive.<\/span><span id=\"gmail-p114\"><\/span><br \/><span id=\"gmail-p115\">Il remporte en 1937 la m\u00e9daille d\u2019or \u00e0 l\u2019exposition universelle.<\/span><span id=\"gmail-p116\"><br \/>Ses tableaux se trouvent dans les Mus\u00e9es de Paris, Londres,\u00a0<span id=\"gmail-123\" class=\"gmail-s-rg-t\">New-York<\/span>,\u00a0Gen\u00e8ve.<\/span><span id=\"gmail-p117\"><\/span><br \/><span id=\"gmail-p126\">Un mus\u00e9e porte son nom \u00e0 Ha\u00effa en Isra\u00ebl.<\/span><\/p>\n","protected":false},"featured_media":13683,"template":"","meta":[],"product_brand":[],"product_cat":[278],"product_tag":[],"class_list":{"0":"post-13695","1":"product","2":"type-product","3":"status-publish","4":"has-post-thumbnail","6":"product_cat-saint-martin","7":"description-off","9":"first","10":"instock","11":"shipping-taxable","12":"purchasable","13":"product-type-simple"},"aioseo_notices":[],"_links":{"self":[{"href":"https:\/\/www.carrerivegauche.com\/fr\/wp-json\/wp\/v2\/product\/13695","targetHints":{"allow":["GET"]}}],"collection":[{"href":"https:\/\/www.carrerivegauche.com\/fr\/wp-json\/wp\/v2\/product"}],"about":[{"href":"https:\/\/www.carrerivegauche.com\/fr\/wp-json\/wp\/v2\/types\/product"}],"wp:featuredmedia":[{"embeddable":true,"href":"https:\/\/www.carrerivegauche.com\/fr\/wp-json\/wp\/v2\/media\/13683"}],"wp:attachment":[{"href":"https:\/\/www.carrerivegauche.com\/fr\/wp-json\/wp\/v2\/media?parent=13695"}],"wp:term":[{"taxonomy":"product_brand","embeddable":true,"href":"https:\/\/www.carrerivegauche.com\/fr\/wp-json\/wp\/v2\/product_brand?post=13695"},{"taxonomy":"product_cat","embeddable":true,"href":"https:\/\/www.carrerivegauche.com\/fr\/wp-json\/wp\/v2\/product_cat?post=13695"},{"taxonomy":"product_tag","embeddable":true,"href":"https:\/\/www.carrerivegauche.com\/fr\/wp-json\/wp\/v2\/product_tag?post=13695"}],"curies":[{"name":"wp","href":"https:\/\/api.w.org\/{rel}","templated":true}]}}