 

{"id":13525,"date":"2021-11-06T18:40:44","date_gmt":"2021-11-06T17:40:44","guid":{"rendered":"https:\/\/www.carrerivegauche.com\/boutique-crg\/canne-a-systeme-cornet-acoustique\/"},"modified":"2021-11-06T18:59:20","modified_gmt":"2021-11-06T17:59:20","slug":"canne-a-systeme-cornet-acoustique","status":"publish","type":"product","link":"https:\/\/www.carrerivegauche.com\/fr\/boutique-crg\/canne-a-systeme-cornet-acoustique\/","title":{"rendered":"Canne \u00e0 syst\u00e8me Cornet Acoustique"},"content":{"rendered":"<p><strong>R\u00e9f: 657\/030201.5<\/strong><\/p>\n<p>Astucieuses canne cornet acoustique dont la partie sup\u00e9rieure en m\u00e9tal peint en noir comporte le pommeau de forme boule puis la partie tuyau qui se met dans l&rsquo;oreille enfin plus bas une cage acoustique fixe.<\/p>\n<p>Ce mod\u00e8le est r\u00e9pertori\u00e9 dans le livre de C. Dike \u00ab\u00a0Les cannes \u00e0 syst\u00e8mes\u00a0\u00bb page 205 photo 23\/30. (C. Dike&rsquo;s book \u00ab\u00a0Cane Curiosa\u00a0\u00bb page 235 photo 23\/30). Un mod\u00e8le similaire aurait \u00e9t\u00e9 port\u00e9 par le Duc de Wellington (1769-1852) actuellement dans un mus\u00e9e qui lui est consacr\u00e9 \u00e0 Strattford Saye sur son domaine, en Angleterre.<\/p>\n<p>Une bague en laiton s\u00e9pare la partie m\u00e9tallique du f\u00fbt en bois laqu\u00e9 noir.<br \/>F\u00e9rule en m\u00e9tal.<\/p>\n<p>Longueur totale : 88,5 cm.<\/p>\n<p>France ou Angleterre &#8211; XIXeme.<\/p>\n<p>\u00a0<\/p>\n","protected":false},"excerpt":{"rendered":"<p><strong>R\u00e9f: 657\/030201.5<\/strong><\/p>\n<p>Astucieuses canne cornet acoustique dont la partie sup\u00e9rieure en m\u00e9tal peint en noir comporte un tuyau qui se met dans l&rsquo;oreille enfin d&rsquo;amplifier le son \u00e0 l&rsquo;aide de la cage acoustique plus basse.<\/p>\n<p>France ou Angleterre &#8211; XIXeme.<\/p>\n<p>\u00a0<\/p>\n","protected":false},"featured_media":13504,"template":"","meta":[],"product_brand":[],"product_cat":[223],"product_tag":[],"class_list":{"0":"post-13525","1":"product","2":"type-product","3":"status-publish","4":"has-post-thumbnail","6":"product_cat-artcannes","7":"description-off","9":"first","10":"instock","11":"shipping-taxable","12":"product-type-simple"},"aioseo_notices":[],"_links":{"self":[{"href":"https:\/\/www.carrerivegauche.com\/fr\/wp-json\/wp\/v2\/product\/13525","targetHints":{"allow":["GET"]}}],"collection":[{"href":"https:\/\/www.carrerivegauche.com\/fr\/wp-json\/wp\/v2\/product"}],"about":[{"href":"https:\/\/www.carrerivegauche.com\/fr\/wp-json\/wp\/v2\/types\/product"}],"wp:featuredmedia":[{"embeddable":true,"href":"https:\/\/www.carrerivegauche.com\/fr\/wp-json\/wp\/v2\/media\/13504"}],"wp:attachment":[{"href":"https:\/\/www.carrerivegauche.com\/fr\/wp-json\/wp\/v2\/media?parent=13525"}],"wp:term":[{"taxonomy":"product_brand","embeddable":true,"href":"https:\/\/www.carrerivegauche.com\/fr\/wp-json\/wp\/v2\/product_brand?post=13525"},{"taxonomy":"product_cat","embeddable":true,"href":"https:\/\/www.carrerivegauche.com\/fr\/wp-json\/wp\/v2\/product_cat?post=13525"},{"taxonomy":"product_tag","embeddable":true,"href":"https:\/\/www.carrerivegauche.com\/fr\/wp-json\/wp\/v2\/product_tag?post=13525"}],"curies":[{"name":"wp","href":"https:\/\/api.w.org\/{rel}","templated":true}]}}