 

{"id":13457,"date":"2021-11-05T17:09:20","date_gmt":"2021-11-05T16:09:20","guid":{"rendered":"https:\/\/www.carrerivegauche.com\/?post_type=product&#038;p=13457"},"modified":"2021-11-08T19:08:14","modified_gmt":"2021-11-08T18:08:14","slug":"canne-dart-populaire-anti-militariste","status":"publish","type":"product","link":"https:\/\/www.carrerivegauche.com\/fr\/boutique-crg\/canne-dart-populaire-anti-militariste\/","title":{"rendered":"Canne d&rsquo;Art Populaire anti-militariste"},"content":{"rendered":"<p><strong>R\u00e9f: 904\/031114.14.0<\/strong><\/p>\n<p>Canne d&rsquo;art populaire humoristique et anti-militariste en buis monoxyle. Elle est sculpt\u00e9e d&rsquo;un soldat fumant la pipe, la m\u00e8che de cheveu d\u00e9bordant de son casque mais c&rsquo;est un sabot ! Son nez important est retrouss\u00e9. Il porte une redingote avec de gros boutons et des \u00e9paulettes, autour du cou un mouchoir est nou\u00e9, \u00e0 sa main droite il porte un balai de paille ! De sa main gauche il porte un long sabre \u00e0 pompon tenu par un baudrier. Dans le dos son barda comporte une couverture roul\u00e9e un chapeau de paille \u00e0 long bord, une paire de chaussures dont on voit les semelles. A ses pieds une grande bouteille de vin. Des sabots compl\u00e8tent son uniforme.<br \/>Dans un deuxi\u00e8me registre sont sculpt\u00e9s une gerbe de bl\u00e9, un seau, des grappes de raisin et de la vigne, en dessous des instruments agraires dans un r\u00e2telier et un cartouche portant la date 1871.<br \/>Enfin une pelle et une fourche se croisent avec \u00e0 la jonction un masque de l&rsquo;autre c\u00f4t\u00e9 une binette s\u2019entrecroise avec une hache.<br \/>La canne se termine par un troph\u00e9e de b\u00eate cornue.<\/p>\n<p>Peut-\u00eatre cette canne a \u00e9t\u00e9 sculpt\u00e9e apr\u00e8s la d\u00e9faite des troupes fran\u00e7aises en Mars 1871 ou pendant la commune de Paris voulant signifier que les militaires seraient mieux dans les champs et vendanger que de faire la guerre!!<\/p>\n<p>Longueur totale : 100 cm.<\/p>\n<p>Longueur totale : 39.5&Prime;.<\/p>\n<p>France &#8211; 1871<\/p>\n","protected":false},"excerpt":{"rendered":"<p><strong>R\u00e9f: 904\/031114.14.0<\/strong><\/p>\n<p>Canne d&rsquo;art populaire humoristique et anti-militariste en buis monoxyle repr\u00e9sentant un soldat.<\/p>\n<p>France &#8211; 1871<\/p>\n","protected":false},"featured_media":13547,"template":"","meta":[],"product_brand":[],"product_cat":[223],"product_tag":[],"class_list":{"0":"post-13457","1":"product","2":"type-product","3":"status-publish","4":"has-post-thumbnail","6":"product_cat-artcannes","7":"description-off","9":"first","10":"instock","11":"shipping-taxable","12":"product-type-simple"},"aioseo_notices":[],"_links":{"self":[{"href":"https:\/\/www.carrerivegauche.com\/fr\/wp-json\/wp\/v2\/product\/13457","targetHints":{"allow":["GET"]}}],"collection":[{"href":"https:\/\/www.carrerivegauche.com\/fr\/wp-json\/wp\/v2\/product"}],"about":[{"href":"https:\/\/www.carrerivegauche.com\/fr\/wp-json\/wp\/v2\/types\/product"}],"wp:featuredmedia":[{"embeddable":true,"href":"https:\/\/www.carrerivegauche.com\/fr\/wp-json\/wp\/v2\/media\/13547"}],"wp:attachment":[{"href":"https:\/\/www.carrerivegauche.com\/fr\/wp-json\/wp\/v2\/media?parent=13457"}],"wp:term":[{"taxonomy":"product_brand","embeddable":true,"href":"https:\/\/www.carrerivegauche.com\/fr\/wp-json\/wp\/v2\/product_brand?post=13457"},{"taxonomy":"product_cat","embeddable":true,"href":"https:\/\/www.carrerivegauche.com\/fr\/wp-json\/wp\/v2\/product_cat?post=13457"},{"taxonomy":"product_tag","embeddable":true,"href":"https:\/\/www.carrerivegauche.com\/fr\/wp-json\/wp\/v2\/product_tag?post=13457"}],"curies":[{"name":"wp","href":"https:\/\/api.w.org\/{rel}","templated":true}]}}