 

{"id":13352,"date":"2021-11-05T16:26:40","date_gmt":"2021-11-05T15:26:40","guid":{"rendered":"https:\/\/www.carrerivegauche.com\/boutique-crg\/homme-en-ivoire-baissant-son-pantalon\/"},"modified":"2021-11-05T18:02:33","modified_gmt":"2021-11-05T17:02:33","slug":"homme-en-ivoire-baissant-son-pantalon","status":"publish","type":"product","link":"https:\/\/www.carrerivegauche.com\/fr\/boutique-crg\/homme-en-ivoire-baissant-son-pantalon\/","title":{"rendered":"Homme en Ivoire baissant son pantalon"},"content":{"rendered":"<p><br data-mce-bogus=\"1\"><\/p>\n","protected":false},"excerpt":{"rendered":"<p><strong>R\u00e9f: 16\/07.2.7<\/strong><\/p>\n<p>Tr\u00e8s curieux pommeau humoristique en ivoire sculpt\u00e9 d&rsquo;un homme portant un chapeau \u00e0 plume, baissant son pantalon. Son sexe \u00e9tant visible. Son visage semble souffrir, car il fait une grimace et l\u00e8ve les yeux au ciel.<\/p>\n<p>Sur un f\u00fbt en \u00e9b\u00e8ne, bague en m\u00e9tal, f\u00e9rule en ivoire.<\/p>\n<p>France\u00a0 &#8211;\u00a0 fin XIX eme.<br data-mce-bogus=\"1\"><\/p>\n","protected":false},"featured_media":13334,"template":"","meta":[],"product_brand":[],"product_cat":[223],"product_tag":[],"class_list":{"0":"post-13352","1":"product","2":"type-product","3":"status-publish","4":"has-post-thumbnail","6":"product_cat-artcannes","7":"description-off","9":"first","10":"instock","11":"shipping-taxable","12":"product-type-simple"},"aioseo_notices":[],"_links":{"self":[{"href":"https:\/\/www.carrerivegauche.com\/fr\/wp-json\/wp\/v2\/product\/13352","targetHints":{"allow":["GET"]}}],"collection":[{"href":"https:\/\/www.carrerivegauche.com\/fr\/wp-json\/wp\/v2\/product"}],"about":[{"href":"https:\/\/www.carrerivegauche.com\/fr\/wp-json\/wp\/v2\/types\/product"}],"wp:featuredmedia":[{"embeddable":true,"href":"https:\/\/www.carrerivegauche.com\/fr\/wp-json\/wp\/v2\/media\/13334"}],"wp:attachment":[{"href":"https:\/\/www.carrerivegauche.com\/fr\/wp-json\/wp\/v2\/media?parent=13352"}],"wp:term":[{"taxonomy":"product_brand","embeddable":true,"href":"https:\/\/www.carrerivegauche.com\/fr\/wp-json\/wp\/v2\/product_brand?post=13352"},{"taxonomy":"product_cat","embeddable":true,"href":"https:\/\/www.carrerivegauche.com\/fr\/wp-json\/wp\/v2\/product_cat?post=13352"},{"taxonomy":"product_tag","embeddable":true,"href":"https:\/\/www.carrerivegauche.com\/fr\/wp-json\/wp\/v2\/product_tag?post=13352"}],"curies":[{"name":"wp","href":"https:\/\/api.w.org\/{rel}","templated":true}]}}