 

{"id":13174,"date":"2021-10-25T18:08:32","date_gmt":"2021-10-25T16:08:32","guid":{"rendered":"https:\/\/www.carrerivegauche.com\/boutique-crg\/grande-huile-sur-toile-la-femme-adultere-19eme\/"},"modified":"2021-11-02T16:38:41","modified_gmt":"2021-11-02T15:38:41","slug":"grande-huile-sur-toile-la-femme-adultere-19eme","status":"publish","type":"product","link":"https:\/\/www.carrerivegauche.com\/fr\/boutique-crg\/grande-huile-sur-toile-la-femme-adultere-19eme\/","title":{"rendered":"Grande huile sur toile, La femme adult\u00e8re, 19\u00e8me"},"content":{"rendered":"<p>Le peintre, peint pr\u00e9cis\u00e9ment, le moment ou J\u00e9sus d\u00e9cide de prendre la d\u00e9fense de la femme adult\u00e8re.<\/p>\n<p>Le moment est parfaitement mis en sc\u00e8ne : la lumi\u00e8re \u00e9mane du centre du tableau ou se trouve j\u00e9sus, la femme et ses accusateurs, orientant le regard du spectateur vers le sujet central.<\/p>\n<p>La femme est plac\u00e9 derri\u00e8re J\u00e9sus, agripp\u00e9 \u00e0 lui, la couleur rose de son v\u00eatement montre quel est l\u2019un des personnages principaux de l\u2019histoire, quand toute l\u2019\u0153uvre est dans les tons de bleu vert et marron.<\/p>\n<p>Les scribes et les Pharisiens se reconnaissent par leur tunique plus \u00e9labor\u00e9s.<br \/>Les autres personnages, repr\u00e9sentent le peuple, pierre \u00e0 la main, pr\u00e8s \u00e0 lapider la jeune femme.<br \/>Chaque personnage est pens\u00e9 et r\u00e9fl\u00e9chi par le peintre et un grand soin est apport\u00e9 aux d\u00e9tails, \u00e0 l&rsquo;expression de leurs visages, \u00e0 l\u2019attitude de leurs corps, \u00e0 leurs habits\u2026<\/p>\n","protected":false},"excerpt":{"rendered":"<p>La femme adult\u00e8re est un \u00e9pisode de l\u2019\u00c9vangile selon Saint Jean.<br \/>J\u00e9sus se confronte aux scribes et\u00a0 aux Pharisiens, afin d\u2019\u00e9viter, la sentence pour adult\u00e8re : la lapidation.<br \/>J\u00e9sus d\u00e9nonce par cette formule\u00a0 \u00ab\u00a0 que celui qui n&rsquo;a jamais p\u00e9ch\u00e9 lui jette la premi\u00e8re pierre \u00bb\u00a0 l\u2019hypocrisie de ses contradicteurs.<\/p>\n","protected":false},"featured_media":13162,"template":"","meta":[],"product_brand":[],"product_cat":[278],"product_tag":[],"class_list":{"0":"post-13174","1":"product","2":"type-product","3":"status-publish","4":"has-post-thumbnail","6":"product_cat-saint-martin","7":"description-off","9":"first","10":"instock","11":"shipping-taxable","12":"product-type-simple"},"aioseo_notices":[],"_links":{"self":[{"href":"https:\/\/www.carrerivegauche.com\/fr\/wp-json\/wp\/v2\/product\/13174","targetHints":{"allow":["GET"]}}],"collection":[{"href":"https:\/\/www.carrerivegauche.com\/fr\/wp-json\/wp\/v2\/product"}],"about":[{"href":"https:\/\/www.carrerivegauche.com\/fr\/wp-json\/wp\/v2\/types\/product"}],"wp:featuredmedia":[{"embeddable":true,"href":"https:\/\/www.carrerivegauche.com\/fr\/wp-json\/wp\/v2\/media\/13162"}],"wp:attachment":[{"href":"https:\/\/www.carrerivegauche.com\/fr\/wp-json\/wp\/v2\/media?parent=13174"}],"wp:term":[{"taxonomy":"product_brand","embeddable":true,"href":"https:\/\/www.carrerivegauche.com\/fr\/wp-json\/wp\/v2\/product_brand?post=13174"},{"taxonomy":"product_cat","embeddable":true,"href":"https:\/\/www.carrerivegauche.com\/fr\/wp-json\/wp\/v2\/product_cat?post=13174"},{"taxonomy":"product_tag","embeddable":true,"href":"https:\/\/www.carrerivegauche.com\/fr\/wp-json\/wp\/v2\/product_tag?post=13174"}],"curies":[{"name":"wp","href":"https:\/\/api.w.org\/{rel}","templated":true}]}}