 

{"id":13161,"date":"2021-10-25T17:59:47","date_gmt":"2021-10-25T15:59:47","guid":{"rendered":"https:\/\/www.carrerivegauche.com\/boutique-crg\/deploration-du-christ-vers-1500\/"},"modified":"2021-11-02T16:38:54","modified_gmt":"2021-11-02T15:38:54","slug":"deploration-du-christ-vers-1500","status":"publish","type":"product","link":"https:\/\/www.carrerivegauche.com\/fr\/boutique-crg\/deploration-du-christ-vers-1500\/","title":{"rendered":"D\u00e9ploration du Christ vers 1500"},"content":{"rendered":"<p><\/p>\n<p>La D\u00e9ploration, repr\u00e9sente, en plus du Christ et de sa M\u00e8re,les personnages pr\u00e9sents au pied de la Croix, Saint-Jean, l\u2019ap\u00f4tre pr\u00e9f\u00e9r\u00e9 et Marie Madeline.<\/p>\n<p>Ici, le sculpteur a choisis de rendre Marie plus haute que les autres, dans une position de pi\u00e9t\u00e9, les mains jointes, elle porte le Christ sur ses genoux.<br \/>De par sa taille, Marie, la m\u00e8re, \u00e0 la place la plus importante. Il l&rsquo;a distingue ainsi des autres personnages.<br \/>Elle est reconnaissable \u00e0 son voile et son manteau, bleu et rouge, couleurs qui lui sont associ\u00e9es.<br \/>Saint-Jean \u00e0 gauche, porte \u00e0 ses mains le drap soutenant J\u00e9sus mourant, il semble pleurer.<br \/>Marie-Madeleine est \u00e0 droite en pri\u00e8re, les mains crois\u00e9es sur sa poitrine.<\/p>\n<p>Sur la base, les lettres IHS\u00a0 inscrites, sont ce que l\u2019on appelle un \u00ab christogramme \u00bb, une ancienne abr\u00e9viation du nom de J\u00e9sus-Christ.<\/p>\n<p>Au IIIe si\u00e8cle, les chr\u00e9tiens avaient pour habitude de raccourcir le nom de J\u00e9sus et de ne garder que les trois premi\u00e8res lettres de son nom en grec : ??? .<br \/>La lettre grecque ? (sigma) fut ensuite transcrite dans l\u2019alphabet latin sous la forme du S, si bien que le monogramme se transformaeen IHS.<\/p>\n","protected":false},"excerpt":{"rendered":"<p>D\u00e9ploration du Christ en noyer sculpt\u00e9, polychrome<br \/>avec une base orn\u00e9e d&rsquo;un \u00e9cu avec inscription IHS,<br \/>provient de la r\u00e9gion du Val de Loire, vers 1500<br data-mce-bogus=\"1\"><\/p>\n","protected":false},"featured_media":13146,"template":"","meta":[],"product_brand":[],"product_cat":[278],"product_tag":[],"class_list":{"0":"post-13161","1":"product","2":"type-product","3":"status-publish","4":"has-post-thumbnail","6":"product_cat-saint-martin","7":"description-off","9":"first","10":"instock","11":"shipping-taxable","12":"product-type-simple"},"aioseo_notices":[],"_links":{"self":[{"href":"https:\/\/www.carrerivegauche.com\/fr\/wp-json\/wp\/v2\/product\/13161","targetHints":{"allow":["GET"]}}],"collection":[{"href":"https:\/\/www.carrerivegauche.com\/fr\/wp-json\/wp\/v2\/product"}],"about":[{"href":"https:\/\/www.carrerivegauche.com\/fr\/wp-json\/wp\/v2\/types\/product"}],"wp:featuredmedia":[{"embeddable":true,"href":"https:\/\/www.carrerivegauche.com\/fr\/wp-json\/wp\/v2\/media\/13146"}],"wp:attachment":[{"href":"https:\/\/www.carrerivegauche.com\/fr\/wp-json\/wp\/v2\/media?parent=13161"}],"wp:term":[{"taxonomy":"product_brand","embeddable":true,"href":"https:\/\/www.carrerivegauche.com\/fr\/wp-json\/wp\/v2\/product_brand?post=13161"},{"taxonomy":"product_cat","embeddable":true,"href":"https:\/\/www.carrerivegauche.com\/fr\/wp-json\/wp\/v2\/product_cat?post=13161"},{"taxonomy":"product_tag","embeddable":true,"href":"https:\/\/www.carrerivegauche.com\/fr\/wp-json\/wp\/v2\/product_tag?post=13161"}],"curies":[{"name":"wp","href":"https:\/\/api.w.org\/{rel}","templated":true}]}}