 

{"id":13130,"date":"2021-10-16T18:21:38","date_gmt":"2021-10-16T16:21:38","guid":{"rendered":"https:\/\/www.carrerivegauche.com\/boutique-crg\/une-paire-daquarelle-apr-francois-nicolas-laurent\/"},"modified":"2024-06-25T18:22:57","modified_gmt":"2024-06-25T16:22:57","slug":"une-paire-daquarelle-apr-francois-nicolas-laurent","status":"publish","type":"product","link":"https:\/\/www.carrerivegauche.com\/fr\/boutique-crg\/une-paire-daquarelle-apr-francois-nicolas-laurent\/","title":{"rendered":"Une paire d&rsquo;aquarelle apr Francois Nicolas LAURENT"},"content":{"rendered":"<p>Sa popularit\u00e9 est tellequ&rsquo;il est surnomm\u00e9\u00a0\u00bble peintre de fleurs et de fruitsdu garde-meuble de la couronne\u00a0\u00bb.<\/p>\n<p>Cette administration \u00e9tait charg\u00e9e de la gestiondes tableaux, des meublesdestin\u00e9s \u00e0 la d\u00e9coration des r\u00e9sidences royales.<\/p>\n<p>Fran\u00e7ois-Nicolas LAURENT,r\u00e9alise des \u0153uvres tr\u00e8s soign\u00e9es, minutieuses et subtiles,rappelant l&rsquo;influence des peintres flamands.<\/p>\n<p>Ses grandes peintures \u00e0 l&rsquo;huilerepr\u00e9sentent de luxueux bouquets pos\u00e9s sur un marbre<\/p>\n<p>Ses aquarelles,s&rsquo;inspirent de planches botaniques.Elles offrent au spectateurtoute la d\u00e9licatesseque cette technique permet.<\/p>\n","protected":false},"excerpt":{"rendered":"<p>Fran\u00e7ois Nicolas LAURENT,\u00e9l\u00e8ve du c\u00e9l\u00e8bre Baron G\u00e9rard,a expos\u00e9 au Salon de 1801 \u00e0 1919.<\/p>\n","protected":false},"featured_media":13112,"template":"","meta":[],"product_brand":[],"product_cat":[278],"product_tag":[],"class_list":{"0":"post-13130","1":"product","2":"type-product","3":"status-publish","4":"has-post-thumbnail","6":"product_cat-saint-martin","7":"description-off","9":"first","10":"instock","11":"shipping-taxable","12":"purchasable","13":"product-type-simple"},"aioseo_notices":[],"_links":{"self":[{"href":"https:\/\/www.carrerivegauche.com\/fr\/wp-json\/wp\/v2\/product\/13130","targetHints":{"allow":["GET"]}}],"collection":[{"href":"https:\/\/www.carrerivegauche.com\/fr\/wp-json\/wp\/v2\/product"}],"about":[{"href":"https:\/\/www.carrerivegauche.com\/fr\/wp-json\/wp\/v2\/types\/product"}],"wp:featuredmedia":[{"embeddable":true,"href":"https:\/\/www.carrerivegauche.com\/fr\/wp-json\/wp\/v2\/media\/13112"}],"wp:attachment":[{"href":"https:\/\/www.carrerivegauche.com\/fr\/wp-json\/wp\/v2\/media?parent=13130"}],"wp:term":[{"taxonomy":"product_brand","embeddable":true,"href":"https:\/\/www.carrerivegauche.com\/fr\/wp-json\/wp\/v2\/product_brand?post=13130"},{"taxonomy":"product_cat","embeddable":true,"href":"https:\/\/www.carrerivegauche.com\/fr\/wp-json\/wp\/v2\/product_cat?post=13130"},{"taxonomy":"product_tag","embeddable":true,"href":"https:\/\/www.carrerivegauche.com\/fr\/wp-json\/wp\/v2\/product_tag?post=13130"}],"curies":[{"name":"wp","href":"https:\/\/api.w.org\/{rel}","templated":true}]}}