 

{"id":13095,"date":"2021-10-16T18:00:13","date_gmt":"2021-10-16T16:00:13","guid":{"rendered":"https:\/\/www.carrerivegauche.com\/boutique-crg\/timbale-email-de-limoges-fin-17e\/"},"modified":"2024-06-25T18:23:50","modified_gmt":"2024-06-25T16:23:50","slug":"timbale-email-de-limoges-fin-17e","status":"publish","type":"product","link":"https:\/\/www.carrerivegauche.com\/fr\/boutique-crg\/timbale-email-de-limoges-fin-17e\/","title":{"rendered":"Timbale, \u00e9mail de Limoges fin 17e"},"content":{"rendered":"<p>Limoges est connu pour la grande qualit\u00e9 de son \u00e9mail et de ses artistes qui surent se r\u00e9inventer \u00e0 chaque \u00e9poque. L&rsquo;\u00e9mail appara\u00eet d\u00e8s le 12e si\u00e8cle, et sa production est essentiellement religieuse.<\/p>\n<p>Elle va ensuite se diversifi\u00e9e.<\/p>\n<p>Ouvriers issus du monde de l&rsquo;orf\u00e9vrerie, leurs statuts changent au 16e. Ils apportent plus d&rsquo;attention au style, aux d\u00e9tails et se consid\u00e8rent davantage comme des peintres et signent m\u00eame leurs \u0153uvres.<\/p>\n","protected":false},"excerpt":{"rendered":"<p>Tr\u00e8s rare timbale \u00e0 d\u00e9cor de chasse. De tr\u00e8s belle couleurs, des personnages vifs et vivant, des sc\u00e8nes finement travaill\u00e9e.\u00a0<\/p>\n","protected":false},"featured_media":13080,"template":"","meta":[],"product_brand":[],"product_cat":[278],"product_tag":[],"class_list":{"0":"post-13095","1":"product","2":"type-product","3":"status-publish","4":"has-post-thumbnail","6":"product_cat-saint-martin","7":"description-off","9":"first","10":"instock","11":"shipping-taxable","12":"purchasable","13":"product-type-simple"},"aioseo_notices":[],"_links":{"self":[{"href":"https:\/\/www.carrerivegauche.com\/fr\/wp-json\/wp\/v2\/product\/13095","targetHints":{"allow":["GET"]}}],"collection":[{"href":"https:\/\/www.carrerivegauche.com\/fr\/wp-json\/wp\/v2\/product"}],"about":[{"href":"https:\/\/www.carrerivegauche.com\/fr\/wp-json\/wp\/v2\/types\/product"}],"wp:featuredmedia":[{"embeddable":true,"href":"https:\/\/www.carrerivegauche.com\/fr\/wp-json\/wp\/v2\/media\/13080"}],"wp:attachment":[{"href":"https:\/\/www.carrerivegauche.com\/fr\/wp-json\/wp\/v2\/media?parent=13095"}],"wp:term":[{"taxonomy":"product_brand","embeddable":true,"href":"https:\/\/www.carrerivegauche.com\/fr\/wp-json\/wp\/v2\/product_brand?post=13095"},{"taxonomy":"product_cat","embeddable":true,"href":"https:\/\/www.carrerivegauche.com\/fr\/wp-json\/wp\/v2\/product_cat?post=13095"},{"taxonomy":"product_tag","embeddable":true,"href":"https:\/\/www.carrerivegauche.com\/fr\/wp-json\/wp\/v2\/product_tag?post=13095"}],"curies":[{"name":"wp","href":"https:\/\/api.w.org\/{rel}","templated":true}]}}