 

{"id":13044,"date":"2021-10-08T09:22:38","date_gmt":"2021-10-08T07:22:38","guid":{"rendered":"https:\/\/www.carrerivegauche.com\/boutique-crg\/regulateur-de-cheminee-en-bronze-dore-de-la-fin-du-xviiie-siecle\/"},"modified":"2021-10-12T11:01:00","modified_gmt":"2021-10-12T09:01:00","slug":"regulateur-de-cheminee-en-bronze-dore-de-la-fin-du-xviiie-siecle","status":"publish","type":"product","link":"https:\/\/www.carrerivegauche.com\/fr\/boutique-crg\/regulateur-de-cheminee-en-bronze-dore-de-la-fin-du-xviiie-siecle\/","title":{"rendered":"R\u00c9GULATEUR DE CHEMIN\u00c9E EN BRONZE DOR\u00c9 DE LA FIN DU XVIIIE SI\u00c8CLE"},"content":{"rendered":"<p class=\"font_8\" style=\"text-align:justify;font-size:13px\">Mouvement de Charles Guillaume Hautemani\u00e8re (1750-1834), dit Mani\u00e8re, horloger re\u00e7u ma\u00eetre le 1er mai 1778<\/p>\n<p class=\"font_8\" style=\"text-align:justify;font-size:13px\">Cadran de Georges Adrien Merlet (1754-1812) \u00e9mailleur<\/p>\n<p class=\"font_8\" style=\"text-align:justify;font-size:13px\">La caisse attribu\u00e9e \u00e0 Pierre Philippe Thomire (1751-1843), bronzier re\u00e7u maitre en 1772<\/p>\n<p class=\"font_8\" style=\"text-align:justify;font-size:13px\">Le cadran<br \/>\ncirculaire \u00e9maill\u00e9, sign\u00e9 \u00ab Mani\u00e8re AParis \u00bb, indique les heures en<br \/>\nchiffres romains, soulign\u00e9s de petits cabochons dor\u00e9s, et les minutes<br \/>\npar tranches de quinze en chiffres arabes sur sa bordure ext\u00e9rieure, par<br \/>\n deux aiguilles reperc\u00e9es en bronze dor\u00e9. Il porte \u00e9galement la marque<br \/>\nde Georges Adrien Merlet (1754-1812), l\u2019un des meilleurs \u00e9mailleurs<br \/>\nparisiens de la fin du XVIIIe si\u00e8cle, avec Joseph Coteau (1740-1801) et<br \/>\nEtienne Gobin (1731-1815), connu sous le nom de Dubuisson. Il s\u2019inscrit<br \/>\ndans un cabinet \u00e0 panneaux de verres, qui permet d\u2019admirer le mouvement<br \/>\net l\u2019oscillation du balancier. Enti\u00e8rement r\u00e9alis\u00e9 en bronze tr\u00e8s<br \/>\nfinement cisel\u00e9 et dor\u00e9, il attribu\u00e9 au bronzier Pierre Philippe<br \/>\nThomire, collaborateur habituel de Mani\u00e8re. Sa tr\u00e8s grande qualit\u00e9,<br \/>\nalternant mat et brunis, s\u2019apparente \u00e0 celle de l\u2019orf\u00e8vrerie. La lunette<br \/>\n molet\u00e9e et dor\u00e9e avec son verre de protection bomb\u00e9 est soulign\u00e9e d\u2019un<br \/>\nsuperbe motif de draperie, orn\u00e9 de passementeries alternant fines<br \/>\nfranges moulin\u00e9es et sequins brillants. Les montants de la cage sont<br \/>\norn\u00e9s \u00e0 toutes faces de frises de raies de c\u0153ur, qu\u2019encadrent une gorge<br \/>\nbrett\u00e9e entre deux filets brunis. Le socle rectangulaire ainsi que la<br \/>\ncorniche \u00e0 double mouluration situ\u00e9e \u00e0 l\u2019amortissement sont cisel\u00e9s de<br \/>\nperles et de feuilles d\u2019acanthe. Le contre socle en marbre Portor repose<br \/>\n sur quatre petits pieds boules en bronze dor\u00e9.<\/p>\n<p class=\"font_8\" style=\"text-align:justify;font-size:13px\">\u00c9chappement \u00e0<br \/>\n ancre \u00e0 recul, sonnerie \u00e0 roue de compte ext\u00e9rieure sur cloche<br \/>\nargent\u00e9e, au passage des heures et des demis. Balancier lenticulaire \u00e0<br \/>\ngrill bim\u00e9tallique, et suspension \u00e0 lame modifi\u00e9s au XIXe si\u00e8cle. La<br \/>\ncloche inscrite Hottinguer \u00e0 l\u2019encre. Autonomie de 15 jours.<\/p>\n<p class=\"font_8\" style=\"text-align:justify;font-size:13px\">Provenance : ancienne collection Hottinguer, Paris\u00a0<\/p>\n<p><br data-mce-bogus=\"1\"><\/p>\n<p class=\"font_8\" style=\"font-size:13px\">Charles Guillaume Hautemani\u00e8re,<br \/>\n dit Mani\u00e8re, re\u00e7u ma\u00eetre le 1er mai 1778, est l\u2019un des plus importants<br \/>\nhorlogers parisiens de la fin du XVIIIe si\u00e8cle et des premi\u00e8res<br \/>\nd\u00e9cennies du si\u00e8cle suivant. Il rencontre un immense succ\u00e8s en<br \/>\ntravaillant d\u00e8s ses d\u00e9buts avec le marchand mercier Dominique Daguerre,<br \/>\nauquel il livre un total de 920.000 livres de commandes entre 1778 et<br \/>\n1792, et par l\u2019interm\u00e9diaire duquel il fournit les plus grands<br \/>\ncollectionneurs de l\u2019\u00e9poque, amateurs de pi\u00e8ces d\u2019horlogeries rares,<br \/>\ncomme le prince de Salm-Kyrbourg (1744-1794), le banquier Jean-Fr\u00e9d\u00e9ric<br \/>\nPerregaux (1742-1808) ou le financiers Joseph Micault d&rsquo;Harvelay<br \/>\n(1723-1786).<\/p>\n<p class=\"font_8\" style=\"font-size:13px\">Apr\u00e8s la mort de Daguerre en<br \/>\n1796 il poursuit cette collaboration avec son successeur Martin-Eloi<br \/>\nLignereux, puis avec le successeur de celui-ci en 1804\u00a0: le bronzier<br \/>\nThomire, avec lequel il travaille de fa\u00e7on habituelle depuis d\u00e9j\u00e0<br \/>\nplusieurs ann\u00e9es<\/p>\n<p class=\"font_8\" style=\"font-size:13px\">Car tout au long de sa<br \/>\ncarri\u00e8re, Mani\u00e8re s\u2019entoure des meilleurs bronziers et ciseleurs-doreurs<br \/>\n parisiens pour la r\u00e9alisation des caisses de ses pendules,<br \/>\nPierre-Philippe Thomire que nous avons d\u00e9j\u00e0 cit\u00e9, mais \u00e9galement Jean<br \/>\nBaptiste Osmond, Fran\u00e7ois R\u00e9mond, ou Edm\u00e9 Roy ainsi que son successeur<br \/>\net gendre Claude Galle.<\/p>\n<p class=\"font_8\" style=\"font-size:13px\">Les pendules de Mani\u00e8re sont<br \/>\nrecherch\u00e9es non seulement pour leur excellence m\u00e9canique mais \u00e9galement<br \/>\npour leur valeur esth\u00e9tique, et appartiennent de nos jours aux plus<br \/>\nimportantes collections priv\u00e9es et publiques internationales. Citons<br \/>\nnotamment celles qui sont expos\u00e9es au Mus\u00e9e de l\u2019Ermitage \u00e0<br \/>\nSaint-P\u00e9tersbourg, au Mus\u00e9e national du ch\u00e2teau de Fontainebleau, au<br \/>\nPalais du Quirinale \u00e0 Rome, au Palais royal de Naples, dans les<br \/>\ncollections royales espagnoles, au Mus\u00e9e Nissim de Camondo \u00e0 Paris et au<br \/>\n Mus\u00e9e national du ch\u00e2teau de Versailles et des Trianons.<\/p>\n<p class=\"font_8\" style=\"font-size:13px\">\u00a0Son atelier connu diff\u00e9rentes<br \/>\nadresses \u00e0 Paris\u00a0: rue du Faubourg Saint-Honor\u00e9 (1778), rue des<br \/>\nProuvaires (1781), rue des Merciers (1789), rue Christine (1806), et rue<br \/>\n Bertin Poir\u00e9 (1810-1812).<\/p>\n<p class=\"font_8\" style=\"font-size:13px\"><span class=\"wixGuard\">\u200b<\/span><\/p>\n<p class=\"font_8\" style=\"text-align:justify;font-size:13px\"><span class=\"wixGuard\">\u200b<\/span><\/p>\n","protected":false},"excerpt":{"rendered":"<p>MANI\u00c8RE, MERLET, THOMIRE<br \/>R\u00c9GULATEUR DE CHEMIN\u00c9E EN BRONZE DOR\u00c9 VERS 1795 &#8211; 1805<br \/>Bronze cisel\u00e9 et dor\u00e9, marbre Portor, panneaux de glaces claires<br \/>Sign\u00e9 sur le cadran Maniere \u00e0 Paris et G. Merlet<br \/>Hauteur : 43 cm, Largeur : 27 cm, Profondeur : 18,5 cm<\/p>\n<p>\u00a9 galerie philippe guegan<\/p>\n<p>______________________________<\/p>\n<p><em>MANI\u00c8RE, MERLET, THOMIRE<br \/><\/em><em><em>AN IMPORTANT GILT BRONZE MANTEL REGULATOR<\/em> BY 1795-1805<br \/><\/em><em>Chased and gilded bronze, Portor marble, glass<\/em><em><br \/><\/em><em>Signed Mani\u00e8re \u00e0 Paris and G.Merlet on the dial<br \/><\/em><\/p>\n","protected":false},"featured_media":13029,"template":"","meta":[],"product_brand":[],"product_cat":[259],"product_tag":[],"class_list":{"0":"post-13044","1":"product","2":"type-product","3":"status-publish","4":"has-post-thumbnail","6":"product_cat-guegan","7":"description-off","9":"first","10":"instock","11":"shipping-taxable","12":"product-type-simple"},"aioseo_notices":[],"_links":{"self":[{"href":"https:\/\/www.carrerivegauche.com\/fr\/wp-json\/wp\/v2\/product\/13044","targetHints":{"allow":["GET"]}}],"collection":[{"href":"https:\/\/www.carrerivegauche.com\/fr\/wp-json\/wp\/v2\/product"}],"about":[{"href":"https:\/\/www.carrerivegauche.com\/fr\/wp-json\/wp\/v2\/types\/product"}],"wp:featuredmedia":[{"embeddable":true,"href":"https:\/\/www.carrerivegauche.com\/fr\/wp-json\/wp\/v2\/media\/13029"}],"wp:attachment":[{"href":"https:\/\/www.carrerivegauche.com\/fr\/wp-json\/wp\/v2\/media?parent=13044"}],"wp:term":[{"taxonomy":"product_brand","embeddable":true,"href":"https:\/\/www.carrerivegauche.com\/fr\/wp-json\/wp\/v2\/product_brand?post=13044"},{"taxonomy":"product_cat","embeddable":true,"href":"https:\/\/www.carrerivegauche.com\/fr\/wp-json\/wp\/v2\/product_cat?post=13044"},{"taxonomy":"product_tag","embeddable":true,"href":"https:\/\/www.carrerivegauche.com\/fr\/wp-json\/wp\/v2\/product_tag?post=13044"}],"curies":[{"name":"wp","href":"https:\/\/api.w.org\/{rel}","templated":true}]}}