 

{"id":12174,"date":"2021-07-10T14:01:57","date_gmt":"2021-07-10T12:01:57","guid":{"rendered":"https:\/\/www.carrerivegauche.com\/boutique-crg\/rare-paire-de-bougeoirs-depoque-louis-xvi\/"},"modified":"2021-07-20T18:45:33","modified_gmt":"2021-07-20T16:45:33","slug":"rare-paire-de-bougeoirs-depoque-louis-xvi","status":"publish","type":"product","link":"https:\/\/www.carrerivegauche.com\/fr\/boutique-crg\/rare-paire-de-bougeoirs-depoque-louis-xvi\/","title":{"rendered":"Rare paire de bougeoirs d&rsquo;\u00e9poque louis XVI"},"content":{"rendered":"<p><span style=\"caret-color: rgb(0, 0, 0); color: rgb(0, 0, 0); font-family: Helvetica; font-size: 12px; text-size-adjust: auto;\">La base cylindrique en bronze dor\u00e9 est surmont\u00e9 de trois petites sph\u00e8res, de trois pieds griffes et de trois t\u00eate d\u2019aigles\u00a0reli\u00e9s entre eux par une chainette en bronze dor\u00e9. Ceux ci\u00a0supportant une fleur et un binet en bronze dor\u00e9.<br \/><\/span><span style=\"caret-color: rgb(0, 0, 0); color: rgb(0, 0, 0); font-family: Helvetica; font-size: 12px; text-size-adjust: auto;\">Belle dorure d\u2019origine et beau travail de la fin du XVIII\u00e8me si\u00e8cle<br \/><\/span><span style=\"caret-color: rgb(0, 0, 0); color: rgb(0, 0, 0); font-family: Helvetica; font-size: 12px; text-size-adjust: auto;\">Dimensions:<br \/><\/span><span style=\"caret-color: rgb(0, 0, 0); color: rgb(0, 0, 0); font-family: Helvetica; font-size: 12px; text-size-adjust: auto;\">29 cm H x 13 cm D<\/span><br data-mce-bogus=\"1\"><\/p>\n","protected":false},"excerpt":{"rendered":"<p><br data-mce-bogus=\"1\"><\/p>\n","protected":false},"featured_media":12156,"template":"","meta":[],"product_brand":[],"product_cat":[268],"product_tag":[],"class_list":{"0":"post-12174","1":"product","2":"type-product","3":"status-publish","4":"has-post-thumbnail","6":"product_cat-linossier","7":"description-off","9":"first","10":"instock","11":"shipping-taxable","12":"product-type-simple"},"aioseo_notices":[],"_links":{"self":[{"href":"https:\/\/www.carrerivegauche.com\/fr\/wp-json\/wp\/v2\/product\/12174","targetHints":{"allow":["GET"]}}],"collection":[{"href":"https:\/\/www.carrerivegauche.com\/fr\/wp-json\/wp\/v2\/product"}],"about":[{"href":"https:\/\/www.carrerivegauche.com\/fr\/wp-json\/wp\/v2\/types\/product"}],"wp:featuredmedia":[{"embeddable":true,"href":"https:\/\/www.carrerivegauche.com\/fr\/wp-json\/wp\/v2\/media\/12156"}],"wp:attachment":[{"href":"https:\/\/www.carrerivegauche.com\/fr\/wp-json\/wp\/v2\/media?parent=12174"}],"wp:term":[{"taxonomy":"product_brand","embeddable":true,"href":"https:\/\/www.carrerivegauche.com\/fr\/wp-json\/wp\/v2\/product_brand?post=12174"},{"taxonomy":"product_cat","embeddable":true,"href":"https:\/\/www.carrerivegauche.com\/fr\/wp-json\/wp\/v2\/product_cat?post=12174"},{"taxonomy":"product_tag","embeddable":true,"href":"https:\/\/www.carrerivegauche.com\/fr\/wp-json\/wp\/v2\/product_tag?post=12174"}],"curies":[{"name":"wp","href":"https:\/\/api.w.org\/{rel}","templated":true}]}}