 

{"id":11885,"date":"2021-07-07T15:05:16","date_gmt":"2021-07-07T13:05:16","guid":{"rendered":"https:\/\/www.carrerivegauche.com\/boutique-crg\/deux-vases-porcelaine-de-chine-epoque-qianlong-xviii\/"},"modified":"2023-06-29T16:59:19","modified_gmt":"2023-06-29T14:59:19","slug":"deux-vases-porcelaine-de-chine-epoque-qianlong-xviii","status":"publish","type":"product","link":"https:\/\/www.carrerivegauche.com\/fr\/boutique-crg\/deux-vases-porcelaine-de-chine-epoque-qianlong-xviii\/","title":{"rendered":"Deux vases porcelaine de Chine \u00e9poque Qianlong XVIII\u00b0"},"content":{"rendered":"<p><\/p>\n","protected":false},"excerpt":{"rendered":"<p>Deux vases formant paire en porcelaine de Chine p\u00e9riode Qianlong, d\u00e9cor au mandarin, sur-d\u00e9cor\u00e9s au XVIII\u00b0, monture bronze dor\u00e9 \u00e9poque Louis XVI. Dimensions en CM : largeur 15 X hauteur 33 X profondeur 11<\/p>\n<p>Two vases forming pair in China porcelain Qianlong period, decor au mandarin, on decorated 18th century, ormolu mounted Louis XVI period. Size in inches : width 6 X height 13 X depth 4,5<\/p>\n","protected":false},"featured_media":11842,"template":"","meta":[],"product_brand":[],"product_cat":[251],"product_tag":[],"class_list":{"0":"post-11885","1":"product","2":"type-product","3":"status-publish","4":"has-post-thumbnail","6":"product_cat-chalvignac-laurent","7":"description-off","9":"first","10":"instock","11":"shipping-taxable","12":"purchasable","13":"product-type-simple"},"aioseo_notices":[],"_links":{"self":[{"href":"https:\/\/www.carrerivegauche.com\/fr\/wp-json\/wp\/v2\/product\/11885","targetHints":{"allow":["GET"]}}],"collection":[{"href":"https:\/\/www.carrerivegauche.com\/fr\/wp-json\/wp\/v2\/product"}],"about":[{"href":"https:\/\/www.carrerivegauche.com\/fr\/wp-json\/wp\/v2\/types\/product"}],"wp:featuredmedia":[{"embeddable":true,"href":"https:\/\/www.carrerivegauche.com\/fr\/wp-json\/wp\/v2\/media\/11842"}],"wp:attachment":[{"href":"https:\/\/www.carrerivegauche.com\/fr\/wp-json\/wp\/v2\/media?parent=11885"}],"wp:term":[{"taxonomy":"product_brand","embeddable":true,"href":"https:\/\/www.carrerivegauche.com\/fr\/wp-json\/wp\/v2\/product_brand?post=11885"},{"taxonomy":"product_cat","embeddable":true,"href":"https:\/\/www.carrerivegauche.com\/fr\/wp-json\/wp\/v2\/product_cat?post=11885"},{"taxonomy":"product_tag","embeddable":true,"href":"https:\/\/www.carrerivegauche.com\/fr\/wp-json\/wp\/v2\/product_tag?post=11885"}],"curies":[{"name":"wp","href":"https:\/\/api.w.org\/{rel}","templated":true}]}}