 

{"id":11841,"date":"2021-07-07T13:44:30","date_gmt":"2021-07-07T11:44:30","guid":{"rendered":"https:\/\/www.carrerivegauche.com\/boutique-crg\/regulateur-en-ebene-epoque-louis-xv\/"},"modified":"2023-06-29T16:56:27","modified_gmt":"2023-06-29T14:56:27","slug":"regulateur-en-ebene-epoque-louis-xv","status":"publish","type":"product","link":"https:\/\/www.carrerivegauche.com\/fr\/boutique-crg\/regulateur-en-ebene-epoque-louis-xv\/","title":{"rendered":"R\u00e9gulateur en \u00e9b\u00e8ne \u00e9poque Louis XV"},"content":{"rendered":"<p><\/p>\n","protected":false},"excerpt":{"rendered":"<p>R\u00e9gulateur en \u00e9b\u00e8ne et bronze dor\u00e9 \u00e9poque Louis XV milieu du XVIII \u00e8me si\u00e8cle. Echappement dit \u00ab\u00a0du Chevalier de B\u00e9thune\u00a0\u00bb. Travail parisien attribu\u00e9 \u00e0 Jacques DUBOIS (1693\/1763) Re\u00e7u Ma\u00eetre le 5\/09\/1742. Dimensions en CM : largeur 70 X profondeur 30 X hauteur 210.<\/p>\n<p>Ebony and gilded bronze R\u00e9gulateur clock Louis XV period, mid 18th century. Echappement said \u00ab\u00a0at B\u00e9thune knight. Parisian work attributed to Jacques DUBOIS (1693\/1763) Master 5\/09\/1742.<br \/>Size in inches : width 28 X depth 12 X height 83\u00a0<\/p>\n","protected":false},"featured_media":11817,"template":"","meta":[],"product_brand":[],"product_cat":[251],"product_tag":[],"class_list":{"0":"post-11841","1":"product","2":"type-product","3":"status-publish","4":"has-post-thumbnail","6":"product_cat-chalvignac-laurent","7":"description-off","9":"first","10":"instock","11":"shipping-taxable","12":"purchasable","13":"product-type-simple"},"aioseo_notices":[],"_links":{"self":[{"href":"https:\/\/www.carrerivegauche.com\/fr\/wp-json\/wp\/v2\/product\/11841","targetHints":{"allow":["GET"]}}],"collection":[{"href":"https:\/\/www.carrerivegauche.com\/fr\/wp-json\/wp\/v2\/product"}],"about":[{"href":"https:\/\/www.carrerivegauche.com\/fr\/wp-json\/wp\/v2\/types\/product"}],"wp:featuredmedia":[{"embeddable":true,"href":"https:\/\/www.carrerivegauche.com\/fr\/wp-json\/wp\/v2\/media\/11817"}],"wp:attachment":[{"href":"https:\/\/www.carrerivegauche.com\/fr\/wp-json\/wp\/v2\/media?parent=11841"}],"wp:term":[{"taxonomy":"product_brand","embeddable":true,"href":"https:\/\/www.carrerivegauche.com\/fr\/wp-json\/wp\/v2\/product_brand?post=11841"},{"taxonomy":"product_cat","embeddable":true,"href":"https:\/\/www.carrerivegauche.com\/fr\/wp-json\/wp\/v2\/product_cat?post=11841"},{"taxonomy":"product_tag","embeddable":true,"href":"https:\/\/www.carrerivegauche.com\/fr\/wp-json\/wp\/v2\/product_tag?post=11841"}],"curies":[{"name":"wp","href":"https:\/\/api.w.org\/{rel}","templated":true}]}}