 

{"id":11219,"date":"2021-06-12T15:34:42","date_gmt":"2021-06-12T13:34:42","guid":{"rendered":"https:\/\/www.carrerivegauche.com\/boutique-crg\/dame-assise-etrusque\/"},"modified":"2021-06-16T18:23:33","modified_gmt":"2021-06-16T16:23:33","slug":"dame-assise-etrusque","status":"publish","type":"product","link":"https:\/\/www.carrerivegauche.com\/fr\/boutique-crg\/dame-assise-etrusque\/","title":{"rendered":"Dame assise \u00e9trusque"},"content":{"rendered":"<p><br data-mce-bogus=\"1\"><\/p>\n","protected":false},"excerpt":{"rendered":"<p style=\"margin-right: 0cm; margin-left: 0cm; font-size: medium; font-family: \"Times New Roman\"; caret-color: rgb(0, 0, 0); color: rgb(0, 0, 0);\"><span style=\"font-family: Helvetica;\">Dame assise sur un tro\u0302ne ajoure\u0301. Elle porte le chiton plisse\u0301 qui laisse apparai\u0302tre ses pieds, et un himation lui couvre la te\u0302te. Ses bras sont pose\u0301s sur ses jambes. Son visage est empreint d\u2019une grande inte\u0301riorite\u0301.\u00a0<o:p><\/o:p><\/span><\/p>\n<p style=\"margin-right: 0cm; margin-left: 0cm; font-size: medium; font-family: \"Times New Roman\"; caret-color: rgb(0, 0, 0); color: rgb(0, 0, 0);\"><span style=\"font-family: Helvetica;\">Art \u00e9trusque, 4<sup>\u00e8me<\/sup>si\u00e8cle av JC<o:p><\/o:p><\/span><\/p>\n<p style=\"margin-right: 0cm; margin-left: 0cm; font-size: medium; font-family: \"Times New Roman\"; caret-color: rgb(0, 0, 0); color: rgb(0, 0, 0);\"><span style=\"font-family: Helvetica;\">Terre cuite<o:p><\/o:p><\/span><\/p>\n<p style=\"margin-right: 0cm; margin-left: 0cm; font-size: medium; font-family: \"Times New Roman\"; caret-color: rgb(0, 0, 0); color: rgb(0, 0, 0);\"><span style=\"font-family: Helvetica;\">H\u00a0: 42 cm<o:p><\/o:p><\/span><\/p>\n<p style=\"margin-right: 0cm; margin-left: 0cm; font-size: medium; font-family: \"Times New Roman\"; caret-color: rgb(0, 0, 0); color: rgb(0, 0, 0);\"><span style=\"font-family: Helvetica;\">Ancienne collection fran\u00e7aise du 19\u00e8me si\u00e8cle\u00a0<o:p><\/o:p><\/span><\/p>\n<p style=\"margin-right: 0cm; margin-left: 0cm; font-size: medium; font-family: \"Times New Roman\"; caret-color: rgb(0, 0, 0); color: rgb(0, 0, 0);\"><span style=\"font-family: Helvetica;\">Un test de thermoluminescence confirme la datation\u00a0<o:p><\/o:p><\/span><\/p>\n","protected":false},"featured_media":11216,"template":"","meta":[],"product_brand":[],"product_cat":[279],"product_tag":[],"class_list":{"0":"post-11219","1":"product","2":"type-product","3":"status-publish","4":"has-post-thumbnail","6":"product_cat-samarcande","7":"description-off","9":"first","10":"instock","11":"shipping-taxable","12":"product-type-simple"},"aioseo_notices":[],"_links":{"self":[{"href":"https:\/\/www.carrerivegauche.com\/fr\/wp-json\/wp\/v2\/product\/11219","targetHints":{"allow":["GET"]}}],"collection":[{"href":"https:\/\/www.carrerivegauche.com\/fr\/wp-json\/wp\/v2\/product"}],"about":[{"href":"https:\/\/www.carrerivegauche.com\/fr\/wp-json\/wp\/v2\/types\/product"}],"wp:featuredmedia":[{"embeddable":true,"href":"https:\/\/www.carrerivegauche.com\/fr\/wp-json\/wp\/v2\/media\/11216"}],"wp:attachment":[{"href":"https:\/\/www.carrerivegauche.com\/fr\/wp-json\/wp\/v2\/media?parent=11219"}],"wp:term":[{"taxonomy":"product_brand","embeddable":true,"href":"https:\/\/www.carrerivegauche.com\/fr\/wp-json\/wp\/v2\/product_brand?post=11219"},{"taxonomy":"product_cat","embeddable":true,"href":"https:\/\/www.carrerivegauche.com\/fr\/wp-json\/wp\/v2\/product_cat?post=11219"},{"taxonomy":"product_tag","embeddable":true,"href":"https:\/\/www.carrerivegauche.com\/fr\/wp-json\/wp\/v2\/product_tag?post=11219"}],"curies":[{"name":"wp","href":"https:\/\/api.w.org\/{rel}","templated":true}]}}