 

{"id":11211,"date":"2021-06-04T15:26:51","date_gmt":"2021-06-04T13:26:51","guid":{"rendered":"https:\/\/www.carrerivegauche.com\/boutique-crg\/vishnu-khmer-xie-siecle\/"},"modified":"2021-06-14T15:43:31","modified_gmt":"2021-06-14T13:43:31","slug":"vishnu-khmer-xie-siecle","status":"publish","type":"product","link":"https:\/\/www.carrerivegauche.com\/fr\/boutique-crg\/vishnu-khmer-xie-siecle\/","title":{"rendered":"Vishnu Khmer XIe si\u00e8cle"},"content":{"rendered":"<p><br data-mce-bogus=\"1\"><\/p>\n","protected":false},"excerpt":{"rendered":"<p><span style=\"caret-color: rgb(0, 0, 0); color: rgb(0, 0, 0); font-family: regular, \"Lucida Sans Unicode\", \"Lucida Grande\", sans-serif; font-size: 15px; text-align: justify; background-color: rgb(248, 248, 248);\">Rare statue pr\u00e9sum\u00e9e du dieu Vishnu<\/span><br style=\"caret-color: rgb(0, 0, 0); color: rgb(0, 0, 0); font-family: regular, \"Lucida Sans Unicode\", \"Lucida Grande\", sans-serif; font-size: 15px; text-align: justify;\"><br style=\"caret-color: rgb(0, 0, 0); color: rgb(0, 0, 0); font-family: regular, \"Lucida Sans Unicode\", \"Lucida Grande\", sans-serif; font-size: 15px; text-align: justify;\"><span style=\"caret-color: rgb(0, 0, 0); color: rgb(0, 0, 0); font-family: regular, \"Lucida Sans Unicode\", \"Lucida Grande\", sans-serif; font-size: 15px; text-align: justify; background-color: rgb(248, 248, 248);\">Cambodge, Khmer, P\u00e9riode d\u2019Angkor, Style du Baphuon, XI\u00e8me si\u00e8cle<\/span><br style=\"caret-color: rgb(0, 0, 0); color: rgb(0, 0, 0); font-family: regular, \"Lucida Sans Unicode\", \"Lucida Grande\", sans-serif; font-size: 15px; text-align: justify;\"><br style=\"caret-color: rgb(0, 0, 0); color: rgb(0, 0, 0); font-family: regular, \"Lucida Sans Unicode\", \"Lucida Grande\", sans-serif; font-size: 15px; text-align: justify;\"><span style=\"caret-color: rgb(0, 0, 0); color: rgb(0, 0, 0); font-family: regular, \"Lucida Sans Unicode\", \"Lucida Grande\", sans-serif; font-size: 15px; text-align: justify; background-color: rgb(248, 248, 248);\">Gr\u00e8s Poli<\/span><br style=\"caret-color: rgb(0, 0, 0); color: rgb(0, 0, 0); font-family: regular, \"Lucida Sans Unicode\", \"Lucida Grande\", sans-serif; font-size: 15px; text-align: justify;\"><br style=\"caret-color: rgb(0, 0, 0); color: rgb(0, 0, 0); font-family: regular, \"Lucida Sans Unicode\", \"Lucida Grande\", sans-serif; font-size: 15px; text-align: justify;\"><span style=\"caret-color: rgb(0, 0, 0); color: rgb(0, 0, 0); font-family: regular, \"Lucida Sans Unicode\", \"Lucida Grande\", sans-serif; font-size: 15px; text-align: justify; background-color: rgb(248, 248, 248);\">H\u00a0: 60 cm\u00a0<\/span><br style=\"caret-color: rgb(0, 0, 0); color: rgb(0, 0, 0); font-family: regular, \"Lucida Sans Unicode\", \"Lucida Grande\", sans-serif; font-size: 15px; text-align: justify;\"><br style=\"caret-color: rgb(0, 0, 0); color: rgb(0, 0, 0); font-family: regular, \"Lucida Sans Unicode\", \"Lucida Grande\", sans-serif; font-size: 15px; text-align: justify;\"><span style=\"caret-color: rgb(0, 0, 0); color: rgb(0, 0, 0); font-family: regular, \"Lucida Sans Unicode\", \"Lucida Grande\", sans-serif; font-size: 15px; text-align: justify; background-color: rgb(248, 248, 248);\">Provenance\u00a0: Collection particuli\u00e8re parisienne constitu\u00e9e au cours des ann\u00e9es 50\/60 et conserv\u00e9s dans la tradition familiale (attest\u00e9e par Me Morel, commissaire-priseur \u00e0 Paris)<\/span><br style=\"caret-color: rgb(0, 0, 0); color: rgb(0, 0, 0); font-family: regular, \"Lucida Sans Unicode\", \"Lucida Grande\", sans-serif; font-size: 15px; text-align: justify;\"><span style=\"caret-color: rgb(0, 0, 0); color: rgb(0, 0, 0); font-family: regular, \"Lucida Sans Unicode\", \"Lucida Grande\", sans-serif; font-size: 15px; text-align: justify; background-color: rgb(248, 248, 248);\">Au dos, porte un num\u00e9ro de collection 151<\/span><br style=\"caret-color: rgb(0, 0, 0); color: rgb(0, 0, 0); font-family: regular, \"Lucida Sans Unicode\", \"Lucida Grande\", sans-serif; font-size: 15px; text-align: justify;\"><br style=\"caret-color: rgb(0, 0, 0); color: rgb(0, 0, 0); font-family: regular, \"Lucida Sans Unicode\", \"Lucida Grande\", sans-serif; font-size: 15px; text-align: justify;\"><span style=\"caret-color: rgb(0, 0, 0); color: rgb(0, 0, 0); font-family: regular, \"Lucida Sans Unicode\", \"Lucida Grande\", sans-serif; font-size: 15px; text-align: justify; background-color: rgb(248, 248, 248);\">Il est repr\u00e9sent\u00e9 debout, dans la posture du Samabhanga.<\/span><br style=\"caret-color: rgb(0, 0, 0); color: rgb(0, 0, 0); font-family: regular, \"Lucida Sans Unicode\", \"Lucida Grande\", sans-serif; font-size: 15px; text-align: justify;\"><br style=\"caret-color: rgb(0, 0, 0); color: rgb(0, 0, 0); font-family: regular, \"Lucida Sans Unicode\", \"Lucida Grande\", sans-serif; font-size: 15px; text-align: justify;\"><span style=\"caret-color: rgb(0, 0, 0); color: rgb(0, 0, 0); font-family: regular, \"Lucida Sans Unicode\", \"Lucida Grande\", sans-serif; font-size: 15px; text-align: justify; background-color: rgb(248, 248, 248);\">La t\u00eate porte la tiare mukuta orf\u00e9vr\u00e9e et joliment nou\u00e9e \u00e0 l\u2019arri\u00e8re. Ses cheveux sont remont\u00e9s en chignon. Son visage est serein et esquisse un l\u00e9ger sourire, ses yeux sont en amande, son arcade sourcili\u00e8re continue. Ses l\u00e8vres sont charnues et surmont\u00e9es d\u2019une moustache incis\u00e9e.<\/span><br style=\"caret-color: rgb(0, 0, 0); color: rgb(0, 0, 0); font-family: regular, \"Lucida Sans Unicode\", \"Lucida Grande\", sans-serif; font-size: 15px; text-align: justify;\"><br style=\"caret-color: rgb(0, 0, 0); color: rgb(0, 0, 0); font-family: regular, \"Lucida Sans Unicode\", \"Lucida Grande\", sans-serif; font-size: 15px; text-align: justify;\"><span style=\"caret-color: rgb(0, 0, 0); color: rgb(0, 0, 0); font-family: regular, \"Lucida Sans Unicode\", \"Lucida Grande\", sans-serif; font-size: 15px; text-align: justify; background-color: rgb(248, 248, 248);\">Torse nu, il a la taille ceinte d\u2019un sampo (pagne), finement pliss\u00e9 et court, avec un ample drap\u00e9 en poche sur la cuisse gauche, \u00e9chancr\u00e9 sous l\u2019ombilic et remontant au niveau des\u00a0<\/span><span style=\"caret-color: rgb(0, 0, 0); color: rgb(0, 0, 0); font-family: regular, \"Lucida Sans Unicode\", \"Lucida Grande\", sans-serif; font-size: 15px; text-align: justify; background-color: rgb(248, 248, 248);\">hanches et le dos. Les drap\u00e9s s\u2019ach\u00e8vent en une sorte de n\u0153ud\u00a0<\/span><span style=\"caret-color: rgb(0, 0, 0); color: rgb(0, 0, 0); font-family: regular, \"Lucida Sans Unicode\", \"Lucida Grande\", sans-serif; font-size: 15px; text-align: justify; background-color: rgb(248, 248, 248);\">papillon au niveau des reins.<\/span><br data-mce-bogus=\"1\"><\/p>\n<p><span style=\"caret-color: rgb(0, 0, 0); color: rgb(0, 0, 0); font-family: regular, \"Lucida Sans Unicode\", \"Lucida Grande\", sans-serif; font-size: 15px; text-align: justify; background-color: rgb(248, 248, 248);\">L\u2019ensemble est maintenu par une ceinture.<\/span><br style=\"caret-color: rgb(0, 0, 0); color: rgb(0, 0, 0); font-family: regular, \"Lucida Sans Unicode\", \"Lucida Grande\", sans-serif; font-size: 15px; text-align: justify;\"><br style=\"caret-color: rgb(0, 0, 0); color: rgb(0, 0, 0); font-family: regular, \"Lucida Sans Unicode\", \"Lucida Grande\", sans-serif; font-size: 15px; text-align: justify;\"><span style=\"caret-color: rgb(0, 0, 0); color: rgb(0, 0, 0); font-family: regular, \"Lucida Sans Unicode\", \"Lucida Grande\", sans-serif; font-size: 15px; text-align: justify; background-color: rgb(248, 248, 248);\">On notera le model\u00e9 et le poli particuli\u00e8rement r\u00e9ussi de cette sculpture, ainsi que de nombreux d\u00e9tails tr\u00e8s raffin\u00e9s, qui font de cette sculpture une grande \u0153uvre<\/span><\/p>\n","protected":false},"featured_media":11196,"template":"","meta":[],"product_brand":[],"product_cat":[279],"product_tag":[],"class_list":{"0":"post-11211","1":"product","2":"type-product","3":"status-publish","4":"has-post-thumbnail","6":"product_cat-samarcande","7":"description-off","9":"first","10":"instock","11":"shipping-taxable","12":"purchasable","13":"product-type-simple"},"aioseo_notices":[],"_links":{"self":[{"href":"https:\/\/www.carrerivegauche.com\/fr\/wp-json\/wp\/v2\/product\/11211","targetHints":{"allow":["GET"]}}],"collection":[{"href":"https:\/\/www.carrerivegauche.com\/fr\/wp-json\/wp\/v2\/product"}],"about":[{"href":"https:\/\/www.carrerivegauche.com\/fr\/wp-json\/wp\/v2\/types\/product"}],"wp:featuredmedia":[{"embeddable":true,"href":"https:\/\/www.carrerivegauche.com\/fr\/wp-json\/wp\/v2\/media\/11196"}],"wp:attachment":[{"href":"https:\/\/www.carrerivegauche.com\/fr\/wp-json\/wp\/v2\/media?parent=11211"}],"wp:term":[{"taxonomy":"product_brand","embeddable":true,"href":"https:\/\/www.carrerivegauche.com\/fr\/wp-json\/wp\/v2\/product_brand?post=11211"},{"taxonomy":"product_cat","embeddable":true,"href":"https:\/\/www.carrerivegauche.com\/fr\/wp-json\/wp\/v2\/product_cat?post=11211"},{"taxonomy":"product_tag","embeddable":true,"href":"https:\/\/www.carrerivegauche.com\/fr\/wp-json\/wp\/v2\/product_tag?post=11211"}],"curies":[{"name":"wp","href":"https:\/\/api.w.org\/{rel}","templated":true}]}}