 

{"id":11191,"date":"2021-06-19T15:12:57","date_gmt":"2021-06-19T13:12:57","guid":{"rendered":"https:\/\/www.carrerivegauche.com\/boutique-crg\/amulette-de-thoueris\/"},"modified":"2021-06-23T12:29:46","modified_gmt":"2021-06-23T10:29:46","slug":"amulette-de-thoueris","status":"publish","type":"product","link":"https:\/\/www.carrerivegauche.com\/fr\/boutique-crg\/amulette-de-thoueris\/","title":{"rendered":"Amulette de Thou\u00e9ris"},"content":{"rendered":"<p><br data-mce-bogus=\"1\"><\/p>\n","protected":false},"excerpt":{"rendered":"<div class=\"texte\" style=\"border: none; font-size: 15px; margin: 20px 0px; padding: 0px 20px 0px 0px; vertical-align: baseline; font-family: regular, \"Lucida Sans Unicode\", \"Lucida Grande\", sans-serif; line-height: 1.6em; color: rgb(0, 0, 0); text-align: justify;\">\n<p style=\"margin: 4px 0px 20px;\">Amulette repr\u00e9sentant la d\u00e9esse Thou\u00e9ris<\/p>\n<p>Egypte, Epoque Ptol\u00e9ma\u00efque (332-30 av. J.-C.)<\/p>\n<p>Fritte brun-vert<\/p>\n<p>H : 5,5cm<\/p>\n<p>Provenance\u00a0: Ancienne collection Christian Rolle, ing\u00e9nieur agronome, sp\u00e9cialiste de l\u2019irrigation en Egypte, dans les ann\u00e9es 40<\/p>\n<\/div>\n<p><br class=\"Apple-interchange-newline\" style=\"caret-color: rgb(0, 0, 0); color: rgb(0, 0, 0); font-family: -webkit-standard;\"><\/p>\n","protected":false},"featured_media":11188,"template":"","meta":[],"product_brand":[],"product_cat":[279],"product_tag":[],"class_list":{"0":"post-11191","1":"product","2":"type-product","3":"status-publish","4":"has-post-thumbnail","6":"product_cat-samarcande","7":"description-off","9":"first","10":"instock","11":"shipping-taxable","12":"purchasable","13":"product-type-simple"},"aioseo_notices":[],"_links":{"self":[{"href":"https:\/\/www.carrerivegauche.com\/fr\/wp-json\/wp\/v2\/product\/11191","targetHints":{"allow":["GET"]}}],"collection":[{"href":"https:\/\/www.carrerivegauche.com\/fr\/wp-json\/wp\/v2\/product"}],"about":[{"href":"https:\/\/www.carrerivegauche.com\/fr\/wp-json\/wp\/v2\/types\/product"}],"wp:featuredmedia":[{"embeddable":true,"href":"https:\/\/www.carrerivegauche.com\/fr\/wp-json\/wp\/v2\/media\/11188"}],"wp:attachment":[{"href":"https:\/\/www.carrerivegauche.com\/fr\/wp-json\/wp\/v2\/media?parent=11191"}],"wp:term":[{"taxonomy":"product_brand","embeddable":true,"href":"https:\/\/www.carrerivegauche.com\/fr\/wp-json\/wp\/v2\/product_brand?post=11191"},{"taxonomy":"product_cat","embeddable":true,"href":"https:\/\/www.carrerivegauche.com\/fr\/wp-json\/wp\/v2\/product_cat?post=11191"},{"taxonomy":"product_tag","embeddable":true,"href":"https:\/\/www.carrerivegauche.com\/fr\/wp-json\/wp\/v2\/product_tag?post=11191"}],"curies":[{"name":"wp","href":"https:\/\/api.w.org\/{rel}","templated":true}]}}