 

{"id":11187,"date":"2021-06-12T15:08:25","date_gmt":"2021-06-12T13:08:25","guid":{"rendered":"https:\/\/www.carrerivegauche.com\/boutique-crg\/oushebti-de-tja-enna-hebou-directeur-de-la-flotte-royale\/"},"modified":"2021-06-14T15:41:24","modified_gmt":"2021-06-14T13:41:24","slug":"oushebti-de-tja-enna-hebou-directeur-de-la-flotte-royale","status":"publish","type":"product","link":"https:\/\/www.carrerivegauche.com\/fr\/boutique-crg\/oushebti-de-tja-enna-hebou-directeur-de-la-flotte-royale\/","title":{"rendered":"Oushebti de Tja Enna Hebou, directeur de la flotte royale"},"content":{"rendered":"<p><br data-mce-bogus=\"1\"><\/p>\n","protected":false},"excerpt":{"rendered":"<p class=\"MsoNormal\" style=\"margin: 0cm 0cm 0.0001pt; font-size: medium; font-family: Calibri; caret-color: rgb(0, 0, 0); color: rgb(0, 0, 0);\">Oushebti momiforme, appuy\u00e9 \u00e0 un pilier dorsal, debout sur une base rectangulaire, il tient en main la houe et le hoyau, 11 lignes d\u2019inscription hi\u00e9roglyphiques. Sa tombe est au Mus\u00e9e du Caire<o:p><\/o:p><\/p>\n<p class=\"MsoNormal\" style=\"margin: 0cm 0cm 0.0001pt; font-size: medium; font-family: Calibri; caret-color: rgb(0, 0, 0); color: rgb(0, 0, 0);\"><o:p>\u00a0<\/o:p><\/p>\n<p class=\"MsoNormal\" style=\"margin: 0cm 0cm 0.0001pt; font-size: medium; font-family: Calibri; caret-color: rgb(0, 0, 0); color: rgb(0, 0, 0);\">Egypte, Epoque Sa\u00efte, fin de la XXVI\u00e8me dynastie, \u00e0 Saqqara<o:p><\/o:p><\/p>\n<p class=\"MsoNormal\" style=\"margin: 0cm 0cm 0.0001pt; font-size: medium; font-family: Calibri; caret-color: rgb(0, 0, 0); color: rgb(0, 0, 0);\">Fa\u00efence bleue<o:p><\/o:p><\/p>\n<p class=\"MsoNormal\" style=\"margin: 0cm 0cm 0.0001pt; font-size: medium; font-family: Calibri; caret-color: rgb(0, 0, 0); color: rgb(0, 0, 0);\"><o:p>\u00a0<\/o:p><\/p>\n<p class=\"MsoNormal\" style=\"margin: 0cm 0cm 0.0001pt; font-size: medium; font-family: Calibri; caret-color: rgb(0, 0, 0); color: rgb(0, 0, 0);\">H\u00a0:18,5 cm<o:p><\/o:p><\/p>\n<p class=\"MsoNormal\" style=\"margin: 0cm 0cm 0.0001pt; font-size: medium; font-family: Calibri; caret-color: rgb(0, 0, 0); color: rgb(0, 0, 0);\"><o:p>\u00a0<\/o:p><\/p>\n<p class=\"MsoNormal\" style=\"margin: 0cm 0cm 0.0001pt; font-size: medium; font-family: Calibri; caret-color: rgb(0, 0, 0); color: rgb(0, 0, 0);\">Provenance\u00a0: Ancienne collection Christian Rolle, ing\u00e9nieur agronome, sp\u00e9cialiste de l\u2019irrigation en Egypte, dans les ann\u00e9es 40<o:p><\/o:p><\/p>\n<p class=\"MsoNormal\" style=\"margin: 0cm 0cm 0.0001pt; font-size: medium; font-family: Calibri; caret-color: rgb(0, 0, 0); color: rgb(0, 0, 0);\"><o:p>\u00a0<\/o:p><\/p>\n","protected":false},"featured_media":11184,"template":"","meta":[],"product_brand":[],"product_cat":[279],"product_tag":[],"class_list":{"0":"post-11187","1":"product","2":"type-product","3":"status-publish","4":"has-post-thumbnail","6":"product_cat-samarcande","7":"description-off","9":"first","10":"instock","11":"shipping-taxable","12":"purchasable","13":"product-type-simple"},"aioseo_notices":[],"_links":{"self":[{"href":"https:\/\/www.carrerivegauche.com\/fr\/wp-json\/wp\/v2\/product\/11187","targetHints":{"allow":["GET"]}}],"collection":[{"href":"https:\/\/www.carrerivegauche.com\/fr\/wp-json\/wp\/v2\/product"}],"about":[{"href":"https:\/\/www.carrerivegauche.com\/fr\/wp-json\/wp\/v2\/types\/product"}],"wp:featuredmedia":[{"embeddable":true,"href":"https:\/\/www.carrerivegauche.com\/fr\/wp-json\/wp\/v2\/media\/11184"}],"wp:attachment":[{"href":"https:\/\/www.carrerivegauche.com\/fr\/wp-json\/wp\/v2\/media?parent=11187"}],"wp:term":[{"taxonomy":"product_brand","embeddable":true,"href":"https:\/\/www.carrerivegauche.com\/fr\/wp-json\/wp\/v2\/product_brand?post=11187"},{"taxonomy":"product_cat","embeddable":true,"href":"https:\/\/www.carrerivegauche.com\/fr\/wp-json\/wp\/v2\/product_cat?post=11187"},{"taxonomy":"product_tag","embeddable":true,"href":"https:\/\/www.carrerivegauche.com\/fr\/wp-json\/wp\/v2\/product_tag?post=11187"}],"curies":[{"name":"wp","href":"https:\/\/api.w.org\/{rel}","templated":true}]}}