 

{"id":11099,"date":"2021-05-18T14:59:39","date_gmt":"2021-05-18T12:59:39","guid":{"rendered":"https:\/\/www.carrerivegauche.com\/boutique-crg\/portrait-de-gentilhomme-en-habit-par-levrac-tourniere\/"},"modified":"2021-06-05T14:28:41","modified_gmt":"2021-06-05T12:28:41","slug":"portrait-de-gentilhomme-en-habit-par-levrac-tourniere","status":"publish","type":"product","link":"https:\/\/www.carrerivegauche.com\/fr\/boutique-crg\/portrait-de-gentilhomme-en-habit-par-levrac-tourniere\/","title":{"rendered":"Portrait de gentilhomme en habit, par Levrac Tourniere"},"content":{"rendered":"<p>\u00c9l\u00e8ve de Lucas de la Haye de l&rsquo;ordre de Carmes et de Bon Boulogne et de Hacynthe Rigaud.<\/p>\n<p>Il fut re\u00e7u acad\u00e9micien comme portraitiste en 1702 et comme peintre d&rsquo;histoire en 1716, nomm\u00e9 professeur adjoint en 1725 et expos\u00e9 au Salon de Paris en 1704 et 178. Il exposa sous les nom de Tourniers et Tourni\u00e8res.\u00a0<\/p>\n<p>Sa technique tr\u00e8s liss\u00e9e, notamment sur des panneaux de bois, donnant des effets et des tons d&#8217;email par transparence. Avec un r\u00e9el talent de physionomiste et de peintre, Tourni\u00e8res a joui de son vivant d\u2019une tr\u00e8s grande r\u00e9putation.<\/p>\n<p>Fort recherch\u00e9 de son temps, il fut le portraitiste du R\u00e9gent, de chanceliers ainsi que de beaucoup de personnalit\u00e9s politiques et a laiss\u00e9 plus de deux cents portraits. Ses tableaux sont pr\u00e9sents dans de nombreux Mus\u00e9es de France : Paris : Le Louvre, Mus\u00e9e des Arts-D\u00e9coratifs, Com\u00e9die-Fran\u00e7aise, Aix, Caen, Angers , mais aussi \u00e0 l&rsquo;\u00e9tranger, Moscou, New-York<\/p>\n<p>Ses nombreux portraits repr\u00e9sentant des personnages de diverses classes : ministres, magistrats, dames de la cour, artistes, marchands. On ressent dans ses portraits, avec un coloris juste, des draperies \u00e9l\u00e9gante, une r\u00e9elle influence hollandaise.<\/p>\n","protected":false},"excerpt":{"rendered":"<p>Portrait de gentilhomme dans son cadre d&rsquo;origine\u00a0<\/p>\n<p>Portraitiste de l&rsquo;Ecole Fran\u00e7aise et peintre d&rsquo;histoire, il est n\u00e9 \u00e0 Caen en 1667 ou 1668, mort \u00e0 Caen le 18 mai 1752.\u00a0<\/p>\n","protected":false},"featured_media":11096,"template":"","meta":[],"product_brand":[],"product_cat":[278],"product_tag":[],"class_list":{"0":"post-11099","1":"product","2":"type-product","3":"status-publish","4":"has-post-thumbnail","6":"product_cat-saint-martin","7":"description-off","9":"first","10":"instock","11":"shipping-taxable","12":"product-type-simple"},"aioseo_notices":[],"_links":{"self":[{"href":"https:\/\/www.carrerivegauche.com\/fr\/wp-json\/wp\/v2\/product\/11099","targetHints":{"allow":["GET"]}}],"collection":[{"href":"https:\/\/www.carrerivegauche.com\/fr\/wp-json\/wp\/v2\/product"}],"about":[{"href":"https:\/\/www.carrerivegauche.com\/fr\/wp-json\/wp\/v2\/types\/product"}],"wp:featuredmedia":[{"embeddable":true,"href":"https:\/\/www.carrerivegauche.com\/fr\/wp-json\/wp\/v2\/media\/11096"}],"wp:attachment":[{"href":"https:\/\/www.carrerivegauche.com\/fr\/wp-json\/wp\/v2\/media?parent=11099"}],"wp:term":[{"taxonomy":"product_brand","embeddable":true,"href":"https:\/\/www.carrerivegauche.com\/fr\/wp-json\/wp\/v2\/product_brand?post=11099"},{"taxonomy":"product_cat","embeddable":true,"href":"https:\/\/www.carrerivegauche.com\/fr\/wp-json\/wp\/v2\/product_cat?post=11099"},{"taxonomy":"product_tag","embeddable":true,"href":"https:\/\/www.carrerivegauche.com\/fr\/wp-json\/wp\/v2\/product_tag?post=11099"}],"curies":[{"name":"wp","href":"https:\/\/api.w.org\/{rel}","templated":true}]}}