 

{"id":11057,"date":"2021-05-04T14:47:07","date_gmt":"2021-05-04T12:47:07","guid":{"rendered":"https:\/\/www.carrerivegauche.com\/boutique-crg\/la-laitiere-par-joseph-bail\/"},"modified":"2024-06-25T18:53:14","modified_gmt":"2024-06-25T16:53:14","slug":"la-laitiere-par-joseph-bail","status":"publish","type":"product","link":"https:\/\/www.carrerivegauche.com\/fr\/boutique-crg\/la-laitiere-par-joseph-bail\/","title":{"rendered":"La laiti\u00e8re par Joseph BAIL"},"content":{"rendered":"<p>Son fr\u00e8re et son p\u00e8re sont tout autant connus que lui. Il devient cependant le plus jeune m\u00e9daill\u00e9 d\u2019honneur en 1886. En 1900, il re\u00e7oit la m\u00e9daille d\u2019or de l\u2019Exposition Universelle pour trois de ses tableaux.<\/p>\n<p>Ses \u0153uvres sont dans le go\u00fbt hollandais et flamand, mais aussi de Chardin. Il sait rendre l\u2019\u00e9clat d\u2019un cuivre, jouer avec la lumi\u00e8re d\u2019un rayon de soleil et aime repr\u00e9senter les marmitons en cuisine et les servantes.<\/p>\n<p>Joseph Bail utilise une palette de couleurs variant du marron \u00e0 l\u2019orange. Il fera aussi des portraits, d\u2019une grande simplicit\u00e9 avec une belle technique.<\/p>\n","protected":false},"excerpt":{"rendered":"<p>Joseph Bail (1862-1921) est issu d\u2019une famille de peintres.<\/p>\n<p>\u00a0Il se place dans la tradition r\u00e9aliste des sujets de genres avec une tendance hollandaise<\/p>\n","protected":false},"featured_media":11042,"template":"","meta":[],"product_brand":[],"product_cat":[278],"product_tag":[],"class_list":{"0":"post-11057","1":"product","2":"type-product","3":"status-publish","4":"has-post-thumbnail","6":"product_cat-saint-martin","7":"description-off","9":"first","10":"instock","11":"shipping-taxable","12":"purchasable","13":"product-type-simple"},"aioseo_notices":[],"_links":{"self":[{"href":"https:\/\/www.carrerivegauche.com\/fr\/wp-json\/wp\/v2\/product\/11057","targetHints":{"allow":["GET"]}}],"collection":[{"href":"https:\/\/www.carrerivegauche.com\/fr\/wp-json\/wp\/v2\/product"}],"about":[{"href":"https:\/\/www.carrerivegauche.com\/fr\/wp-json\/wp\/v2\/types\/product"}],"wp:featuredmedia":[{"embeddable":true,"href":"https:\/\/www.carrerivegauche.com\/fr\/wp-json\/wp\/v2\/media\/11042"}],"wp:attachment":[{"href":"https:\/\/www.carrerivegauche.com\/fr\/wp-json\/wp\/v2\/media?parent=11057"}],"wp:term":[{"taxonomy":"product_brand","embeddable":true,"href":"https:\/\/www.carrerivegauche.com\/fr\/wp-json\/wp\/v2\/product_brand?post=11057"},{"taxonomy":"product_cat","embeddable":true,"href":"https:\/\/www.carrerivegauche.com\/fr\/wp-json\/wp\/v2\/product_cat?post=11057"},{"taxonomy":"product_tag","embeddable":true,"href":"https:\/\/www.carrerivegauche.com\/fr\/wp-json\/wp\/v2\/product_tag?post=11057"}],"curies":[{"name":"wp","href":"https:\/\/api.w.org\/{rel}","templated":true}]}}