 

{"id":11018,"date":"2021-05-14T14:13:55","date_gmt":"2021-05-14T12:13:55","guid":{"rendered":"https:\/\/www.carrerivegauche.com\/boutique-crg\/moise-adoucissant-les-eaux-de-mara-et-delim-debut-18e\/"},"modified":"2021-06-05T14:27:40","modified_gmt":"2021-06-05T12:27:40","slug":"moise-adoucissant-les-eaux-de-mara-et-delim-debut-18e","status":"publish","type":"product","link":"https:\/\/www.carrerivegauche.com\/fr\/boutique-crg\/moise-adoucissant-les-eaux-de-mara-et-delim-debut-18e\/","title":{"rendered":"Moise adoucissant les eaux de Mara et d&rsquo;Elim, d\u00e9but 18e"},"content":{"rendered":"<p><\/p>\n<p>Apr\u00e8s des nombreux jours \u00e0 fuir les Egyptiens et \u00e0 marcher dans le d\u00e9sert, Moise et son peuple arriv\u00e8rent \u00e0 Mara, et trouv\u00e8rent un point d\u2019eau.\u00a0<\/p>\n<p>Une eau am\u00e8re que Moise, gr\u00e2ce \u00e0 Dieu, transforma en une eau douce.\u00a0<\/p>\n<p>Notre toile, repr\u00e9sente cet \u00e9pisode\u00a0 de l\u2019exode qui aura aussi \u00e9t\u00e9 trait\u00e9 par Poussin.<\/p>\n<p>Moise est identifiable au centre les mains jointes en geste de pri\u00e8re, un halo au dessus de sa t\u00eate et les yeux lev\u00e9s vers le ciel.<\/p>\n<p>A ces cot\u00e9s un grand pr\u00eate reconnaissable \u00e0 un bijou pectoral qu\u2019il porte, surement un hoshen (bijou pectoral incrust\u00e9 de 12 pierres, repr\u00e9sentant les 12 tribus d\u2019Isra\u00ebl )\u00a0<\/p>\n<p>Au centre un rocher avec une fontaine d\u2019o\u00f9 jaillit l\u2019eau, et de chaque c\u00f4t\u00e9 le peuple assoiff\u00e9 qui<\/p>\n","protected":false},"excerpt":{"rendered":"<p>Tr\u00e8s grande huile sur toile, d\u00e9but 18\u00e8me, Repr\u00e9sentant Moise adoucissant les eaux de Mara et d\u2019Elim , rentoil\u00e9e<\/p>\n<p><\/p>\n","protected":false},"featured_media":10994,"template":"","meta":[],"product_brand":[],"product_cat":[278],"product_tag":[],"class_list":{"0":"post-11018","1":"product","2":"type-product","3":"status-publish","4":"has-post-thumbnail","6":"product_cat-saint-martin","7":"description-off","9":"first","10":"instock","11":"shipping-taxable","12":"product-type-simple"},"aioseo_notices":[],"_links":{"self":[{"href":"https:\/\/www.carrerivegauche.com\/fr\/wp-json\/wp\/v2\/product\/11018","targetHints":{"allow":["GET"]}}],"collection":[{"href":"https:\/\/www.carrerivegauche.com\/fr\/wp-json\/wp\/v2\/product"}],"about":[{"href":"https:\/\/www.carrerivegauche.com\/fr\/wp-json\/wp\/v2\/types\/product"}],"wp:featuredmedia":[{"embeddable":true,"href":"https:\/\/www.carrerivegauche.com\/fr\/wp-json\/wp\/v2\/media\/10994"}],"wp:attachment":[{"href":"https:\/\/www.carrerivegauche.com\/fr\/wp-json\/wp\/v2\/media?parent=11018"}],"wp:term":[{"taxonomy":"product_brand","embeddable":true,"href":"https:\/\/www.carrerivegauche.com\/fr\/wp-json\/wp\/v2\/product_brand?post=11018"},{"taxonomy":"product_cat","embeddable":true,"href":"https:\/\/www.carrerivegauche.com\/fr\/wp-json\/wp\/v2\/product_cat?post=11018"},{"taxonomy":"product_tag","embeddable":true,"href":"https:\/\/www.carrerivegauche.com\/fr\/wp-json\/wp\/v2\/product_tag?post=11018"}],"curies":[{"name":"wp","href":"https:\/\/api.w.org\/{rel}","templated":true}]}}