 

{"id":10986,"date":"2021-06-04T13:00:40","date_gmt":"2021-06-04T11:00:40","guid":{"rendered":"https:\/\/www.carrerivegauche.com\/boutique-crg\/un-cheval-en-bronze-par-isidore-jules-bonheur\/"},"modified":"2023-04-01T15:58:27","modified_gmt":"2023-04-01T13:58:27","slug":"un-cheval-en-bronze-par-isidore-jules-bonheur","status":"publish","type":"product","link":"https:\/\/www.carrerivegauche.com\/fr\/boutique-crg\/un-cheval-en-bronze-par-isidore-jules-bonheur\/","title":{"rendered":"Un cheval en bronze par Isidore Jules BONHEUR"},"content":{"rendered":"<p>Jules Bonheur (1827-1901) est \u00e0 la fois peintre et sculpteur animalier. Il \u00e9tudie d\u2019abord la peinture avec son p\u00e8re, puis \u00e0 l\u2019\u00c9cole des Beaux-Arts. Puis s&rsquo;ouvre \u00e0 la sculpture, qu&rsquo;il pratique tr\u00e8s jeune.<\/p>\n<p>Il participe aux Salons jusqu\u2019en 1899 et obtient une m\u00e9daille \u00e0 celui de 89. Il est fait chevalier de L\u00e9gion d\u2019honneur en 1895.<\/p>\n<p>\u00a0Il est l\u2019auteur, entre autres, des lions en pierre qui ornent l\u2019escalier du Palais de justice, place Dauphine \u00e0 Paris et du monument \u00e0 la m\u00e9moire de Rosa Bonheur \u00e0 Fontainebleau.<\/p>\n","protected":false},"excerpt":{"rendered":"<p>Ce cheval est en bronze \u00e0 patine brune. Si sa facture peut sembler classique, sa crini\u00e8re au vent donne un ravissant volume \u00e0 l\u2019\u0153uvre et une touche de modernit\u00e9.<\/p>\n","protected":false},"featured_media":10971,"template":"","meta":[],"product_brand":[],"product_cat":[278],"product_tag":[],"class_list":{"0":"post-10986","1":"product","2":"type-product","3":"status-publish","4":"has-post-thumbnail","6":"product_cat-saint-martin","7":"description-off","9":"first","10":"instock","11":"shipping-taxable","12":"purchasable","13":"product-type-simple"},"aioseo_notices":[],"_links":{"self":[{"href":"https:\/\/www.carrerivegauche.com\/fr\/wp-json\/wp\/v2\/product\/10986","targetHints":{"allow":["GET"]}}],"collection":[{"href":"https:\/\/www.carrerivegauche.com\/fr\/wp-json\/wp\/v2\/product"}],"about":[{"href":"https:\/\/www.carrerivegauche.com\/fr\/wp-json\/wp\/v2\/types\/product"}],"wp:featuredmedia":[{"embeddable":true,"href":"https:\/\/www.carrerivegauche.com\/fr\/wp-json\/wp\/v2\/media\/10971"}],"wp:attachment":[{"href":"https:\/\/www.carrerivegauche.com\/fr\/wp-json\/wp\/v2\/media?parent=10986"}],"wp:term":[{"taxonomy":"product_brand","embeddable":true,"href":"https:\/\/www.carrerivegauche.com\/fr\/wp-json\/wp\/v2\/product_brand?post=10986"},{"taxonomy":"product_cat","embeddable":true,"href":"https:\/\/www.carrerivegauche.com\/fr\/wp-json\/wp\/v2\/product_cat?post=10986"},{"taxonomy":"product_tag","embeddable":true,"href":"https:\/\/www.carrerivegauche.com\/fr\/wp-json\/wp\/v2\/product_tag?post=10986"}],"curies":[{"name":"wp","href":"https:\/\/api.w.org\/{rel}","templated":true}]}}