 

{"id":10775,"date":"2021-05-31T12:53:28","date_gmt":"2021-05-31T10:53:28","guid":{"rendered":"https:\/\/www.carrerivegauche.com\/boutique-crg\/maison-ramsay-commode-en-bois-laque-nuance-vers-1950\/"},"modified":"2021-05-31T19:10:26","modified_gmt":"2021-05-31T17:10:26","slug":"maison-ramsay-commode-en-bois-laque-nuance-vers-1950","status":"publish","type":"product","link":"https:\/\/www.carrerivegauche.com\/fr\/boutique-crg\/maison-ramsay-commode-en-bois-laque-nuance-vers-1950\/","title":{"rendered":"Maison Ramsay &#8211; Commode en bois laqu\u00e9 nuanc\u00e9 &#8211; vers 1950"},"content":{"rendered":"<p>Rouge nuanc\u00e9 ouvrant en fa\u00e7ade \u00e0 quatre tiroirs, avec poign\u00e9es, serrures, cl\u00e9s en bronze dor\u00e9, deux pieds en bronze dor\u00e9 figurant des sabots \u00e0 l\u2019avant.\u00a0<br \/>Elle est estampill\u00e9e RAMSAY sous la traverse.<\/p>\n<p>Bibliographie : un secr\u00e9taire pr\u00e9sentant les m\u00eames caract\u00e9ristiques : p.32, B. Foucart &#038; J.L. Gaillemin, Les D\u00e9corateurs des ann\u00e9es 40, ed. Norma, 1998.<\/p>\n<p>______________________________________________________________________________________________________________<\/p>\n<p>This commode opens on the front on four drawers, with gilt bronze handles, locks and standing on four feet with two gilt bronze feet featuring hoofs on the front.\u00a0It bears the stamp RAMSAY under the sleeper.<\/p>\n<p>Bibliography : a writing desk presenting similar caracteristics : p.32, B. Foucart &#038; J.L. Gaillemin, Les D\u00e9corateurs des ann\u00e9es 40, ed. Norma, 1998.<\/p>\n","protected":false},"excerpt":{"rendered":"<p>Maison Ramsay<br \/>Commode en bois laqu\u00e9.<br \/>Vers 1950.<\/p>\n<p>______________________<\/p>\n<p>Maison Ramsay<br \/>A shaded red lacquered wood chest of drawers.\u00a0<br \/>Circa 1950.<\/p>\n","protected":false},"featured_media":10785,"template":"","meta":[],"product_brand":[],"product_cat":[264],"product_tag":[],"class_list":{"0":"post-10775","1":"product","2":"type-product","3":"status-publish","4":"has-post-thumbnail","6":"product_cat-lamy-chabolle","7":"description-off","9":"first","10":"instock","11":"shipping-taxable","12":"purchasable","13":"product-type-simple"},"aioseo_notices":[],"_links":{"self":[{"href":"https:\/\/www.carrerivegauche.com\/fr\/wp-json\/wp\/v2\/product\/10775","targetHints":{"allow":["GET"]}}],"collection":[{"href":"https:\/\/www.carrerivegauche.com\/fr\/wp-json\/wp\/v2\/product"}],"about":[{"href":"https:\/\/www.carrerivegauche.com\/fr\/wp-json\/wp\/v2\/types\/product"}],"wp:featuredmedia":[{"embeddable":true,"href":"https:\/\/www.carrerivegauche.com\/fr\/wp-json\/wp\/v2\/media\/10785"}],"wp:attachment":[{"href":"https:\/\/www.carrerivegauche.com\/fr\/wp-json\/wp\/v2\/media?parent=10775"}],"wp:term":[{"taxonomy":"product_brand","embeddable":true,"href":"https:\/\/www.carrerivegauche.com\/fr\/wp-json\/wp\/v2\/product_brand?post=10775"},{"taxonomy":"product_cat","embeddable":true,"href":"https:\/\/www.carrerivegauche.com\/fr\/wp-json\/wp\/v2\/product_cat?post=10775"},{"taxonomy":"product_tag","embeddable":true,"href":"https:\/\/www.carrerivegauche.com\/fr\/wp-json\/wp\/v2\/product_tag?post=10775"}],"curies":[{"name":"wp","href":"https:\/\/api.w.org\/{rel}","templated":true}]}}