 

{"id":10769,"date":"2021-05-31T12:03:45","date_gmt":"2021-05-31T10:03:45","guid":{"rendered":"https:\/\/www.carrerivegauche.com\/boutique-crg\/lustre-neo-pompeien-fonderie-chiurazzi-xixe-siecle\/"},"modified":"2021-05-31T19:11:14","modified_gmt":"2021-05-31T17:11:14","slug":"lustre-neo-pompeien-fonderie-chiurazzi-xixe-siecle","status":"publish","type":"product","link":"https:\/\/www.carrerivegauche.com\/fr\/boutique-crg\/lustre-neo-pompeien-fonderie-chiurazzi-xixe-siecle\/","title":{"rendered":"Lustre n\u00e9o-pomp\u00e9ien &#8211; Fonderie Chiurazzi &#8211; XIXe si\u00e8cle"},"content":{"rendered":"<p>Cet exceptionnel lustre en bronze patin\u00e9 illustre un des aspects stylistiques les plus importants des arts d\u00e9coratifs europ\u00e9ens de la deuxi\u00e8me moiti\u00e9 du XIXe si\u00e8cle : la production d\u2019objets d\u2019art inspir\u00e9s de l\u2019Antiquit\u00e9 grecque et romaine. Compos\u00e9 de quatre lampes \u00e0 huile surmont\u00e9 de figures de chim\u00e8res, de t\u00eates d\u2019oiseaux et de motifs de palmettes. Portant l\u2019estampille de la fonderie Chiurazzi, il constitue un magnifique t\u00e9moignage du savoir-faire des artisans napolitains de la fin du XIXe si\u00e8cle.<\/p>\n<p>Il est issu de la production de la c\u00e9l\u00e8bre dynastie de fondeurs italiens, les Chiurazzi. Son fondateur, Gennaro Chiurazzi (1842 1906) d\u00e9veloppa l\u2019activit\u00e9 essentiellement tourn\u00e9e vers la reproduction de petits bronzes et d\u2019oeuvres d\u2019art conserv\u00e9s dans les mus\u00e9es de Naples.<\/p>\n<p>En 1891, probablement \u00e0 cause de l\u2019intensification de l\u2019activit\u00e9 de son propre atelier, Chiurazzi ouvrit aussi une premi\u00e8re salle d\u2019exposition de sa production place des Martyrs \u00e0 Naples et en 1894, une seconde plus importante sous la Galerie du Prince.<\/p>\n<p>L\u2019ann\u00e9e suivante, en 1895, il associa \u00e0 la direction de la fonderie ses deux fils, Federico (1870-1951) et Salvatore (1872-1941). Les Chiurazzi cr\u00e9\u00e8rent \u00e9galement, peu avant 1925, une seconde fonderie \u00e0 Rome, via Baldissera, (d\u00e9truite durant la seconde guerre mondiale) qui a \u00e9t\u00e9 charg\u00e9e en particulier de la fonte du quadrige de Carlo Fontana pour le monument \u00e0 Victor Emmanuel II et de l\u2019ouverture, toujours \u00e0 Rome d\u2019une salle d\u2019exposition et de vente via del Babuino.<\/p>\n<p>La fonderie Chiurazzi est toujours en activit\u00e9.<\/p>\n<p>______________________________________________________________________________________________________________<\/p>\n<p>This exceptionnal patinated bronze chandelier is a good illustration of the production of objects of art inspired but roman and greek antiquity. This was one of the most important style of the european decorative arts during the second half of the eighteenth century.<\/p>\n<p>With its four oil lamps topped by chimeras, birds heads and palm leafs, this chandelier is a good exemple of the reinterpretation of the antique consequently to numerous archaeological discoveries during the 18th and 19th centuries This chandelier is a good illustration of the napolitan craftmen\u2019s skills at the end of the 19th century.<\/p>\n<p>The Chiurazzis were a famous dynasty of italian art caster. The founder of the Chiurazzi foundry, Gennaro Chiurazzi (1842 1906) developped its activity exclusively around the reproductions of works helded by the napolitan museums.<\/p>\n<p>In 1891, thanks to the success of his firm, he inaugurated his first showroom at the Piazza dei Martiri in Napoli and opened a second one in 1894 in the Galleria Principe di Napoli. In 1895, his two sons, Federico (1870-1951) and Salvatore (1872-1941) joined him at the head of the foundry. A second foundry created in Rome in 1925 was charged of the casting of Carlo Fontana\u2019s quadriga for Victor-Emmanuel II\u2019s monument. The foundry still exists nowadays.<\/p>\n","protected":false},"excerpt":{"rendered":"<p><strong>Lustre n\u00e9o-pomp\u00e9ien inspir\u00e9 des gravures de Piran\u00e8se.<\/strong><br \/><strong>Bronze patin\u00e9.<\/strong><br \/><strong>Chiurazzi Federico, fonderie napolitaine, Estamp\u00e9 C.F sur plusieurs \u00e9lements.<\/strong><br \/><strong>Italie, XIXeme si\u00e8cle.<\/strong><\/p>\n<p>_______________________________________________________<\/p>\n<p><b>Pompeian chandelier inspired by engravings from Piranesi.\u00a0<br \/><\/b><b>Patinated bronze.<br \/><\/b><b>Chiurazzi Federico, Neapolitan foundry. Stamped C.F on several parts.<br \/><\/b><b>Italy, 19th century.<\/b><\/p>\n<p><\/p>\n<p><br style=\"color: rgb(0, 0, 0); font-family: Verdana, Arial, Helvetica, sans-serif; font-size: 11px; background-color: rgb(250, 251, 252);\"><\/p>\n","protected":false},"featured_media":10757,"template":"","meta":[],"product_brand":[],"product_cat":[264],"product_tag":[],"class_list":{"0":"post-10769","1":"product","2":"type-product","3":"status-publish","4":"has-post-thumbnail","6":"product_cat-lamy-chabolle","7":"description-off","9":"first","10":"instock","11":"shipping-taxable","12":"purchasable","13":"product-type-simple"},"aioseo_notices":[],"_links":{"self":[{"href":"https:\/\/www.carrerivegauche.com\/fr\/wp-json\/wp\/v2\/product\/10769","targetHints":{"allow":["GET"]}}],"collection":[{"href":"https:\/\/www.carrerivegauche.com\/fr\/wp-json\/wp\/v2\/product"}],"about":[{"href":"https:\/\/www.carrerivegauche.com\/fr\/wp-json\/wp\/v2\/types\/product"}],"wp:featuredmedia":[{"embeddable":true,"href":"https:\/\/www.carrerivegauche.com\/fr\/wp-json\/wp\/v2\/media\/10757"}],"wp:attachment":[{"href":"https:\/\/www.carrerivegauche.com\/fr\/wp-json\/wp\/v2\/media?parent=10769"}],"wp:term":[{"taxonomy":"product_brand","embeddable":true,"href":"https:\/\/www.carrerivegauche.com\/fr\/wp-json\/wp\/v2\/product_brand?post=10769"},{"taxonomy":"product_cat","embeddable":true,"href":"https:\/\/www.carrerivegauche.com\/fr\/wp-json\/wp\/v2\/product_cat?post=10769"},{"taxonomy":"product_tag","embeddable":true,"href":"https:\/\/www.carrerivegauche.com\/fr\/wp-json\/wp\/v2\/product_tag?post=10769"}],"curies":[{"name":"wp","href":"https:\/\/api.w.org\/{rel}","templated":true}]}}