 

{"id":10706,"date":"2021-05-09T17:15:49","date_gmt":"2021-05-09T15:15:49","guid":{"rendered":"https:\/\/www.carrerivegauche.com\/boutique-crg\/latelier-gaston-hoffmann1833-1977\/"},"modified":"2024-06-25T18:52:12","modified_gmt":"2024-06-25T16:52:12","slug":"latelier-gaston-hoffmann1833-1977","status":"publish","type":"product","link":"https:\/\/www.carrerivegauche.com\/fr\/boutique-crg\/latelier-gaston-hoffmann1833-1977\/","title":{"rendered":"L&rsquo;atelier &#8211; Gaston HOFFMANN(1833-1977)"},"content":{"rendered":"<p>Il travaille aussi pour la c\u00e9l\u00e8bre manufacture Daum \u00e0 Nancy, avec laquelle il rencontra un vif succ\u00e8s.<\/p>\n<p>Sa production est large et tr\u00e8s h\u00e9t\u00e9roclite, mais toujours de grande qualit\u00e9, allant de la nature morte \u00e0 des toiles plus complexes, voire symbolistes.<\/p>\n","protected":false},"excerpt":{"rendered":"<p>Grande huile sur toile\u00a0<\/p>\n<p>Gaston HOFFMANN (1833-1977), \u00e9l\u00e8ve aux Beaux-arts, \u00e0 l\u2019acad\u00e9mie Julian puis aux Beaux-arts de Nancy, est un peintre aux multiples facettes.<\/p>\n","protected":false},"featured_media":10703,"template":"","meta":[],"product_brand":[],"product_cat":[278],"product_tag":[],"class_list":{"0":"post-10706","1":"product","2":"type-product","3":"status-publish","4":"has-post-thumbnail","6":"product_cat-saint-martin","7":"description-off","9":"first","10":"instock","11":"shipping-taxable","12":"purchasable","13":"product-type-simple"},"aioseo_notices":[],"_links":{"self":[{"href":"https:\/\/www.carrerivegauche.com\/fr\/wp-json\/wp\/v2\/product\/10706","targetHints":{"allow":["GET"]}}],"collection":[{"href":"https:\/\/www.carrerivegauche.com\/fr\/wp-json\/wp\/v2\/product"}],"about":[{"href":"https:\/\/www.carrerivegauche.com\/fr\/wp-json\/wp\/v2\/types\/product"}],"wp:featuredmedia":[{"embeddable":true,"href":"https:\/\/www.carrerivegauche.com\/fr\/wp-json\/wp\/v2\/media\/10703"}],"wp:attachment":[{"href":"https:\/\/www.carrerivegauche.com\/fr\/wp-json\/wp\/v2\/media?parent=10706"}],"wp:term":[{"taxonomy":"product_brand","embeddable":true,"href":"https:\/\/www.carrerivegauche.com\/fr\/wp-json\/wp\/v2\/product_brand?post=10706"},{"taxonomy":"product_cat","embeddable":true,"href":"https:\/\/www.carrerivegauche.com\/fr\/wp-json\/wp\/v2\/product_cat?post=10706"},{"taxonomy":"product_tag","embeddable":true,"href":"https:\/\/www.carrerivegauche.com\/fr\/wp-json\/wp\/v2\/product_tag?post=10706"}],"curies":[{"name":"wp","href":"https:\/\/api.w.org\/{rel}","templated":true}]}}