 

{"id":10644,"date":"2021-05-18T16:53:44","date_gmt":"2021-05-18T14:53:44","guid":{"rendered":"https:\/\/www.carrerivegauche.com\/boutique-crg\/vierge-a-la-pomme-de-pin-xvie-siecle\/"},"modified":"2021-05-31T09:57:34","modified_gmt":"2021-05-31T07:57:34","slug":"vierge-a-la-pomme-de-pin-xvie-siecle","status":"publish","type":"product","link":"https:\/\/www.carrerivegauche.com\/fr\/boutique-crg\/vierge-a-la-pomme-de-pin-xvie-siecle\/","title":{"rendered":"Vierge \u00e0 la pomme de pin, XVIe si\u00e8cle"},"content":{"rendered":"<p>Tr\u00e8s t\u00f4t l&rsquo;\u00e9glise a reconnut le r\u00f4le \u00e9minent de Marie. Le concile d\u2019\u00c9ph\u00e8se proclamant Marie Th\u00e9otokos, \u00ab M\u00e8re de Dieu \u00bb, en 431, fixeront les bases des images des Vierges \u00e0 l\u2019enfant, tr\u00e8s d\u00e9velopp\u00e9 de mani\u00e8res diverses en fonction des si\u00e8cles.\u00a0<\/p>\n<p>A partir du XV\u00e8me si\u00e8cle, la plupart des \u00e9glises paroissiales poss\u00e8dent au moins une modeste Vierge \u00e0 l\u2019enfant polychrom\u00e9e.<\/p>\n<p>Notre vierge, noble tr\u00e8s hi\u00e9ratique et frontale, tiens dans son bras gauche l&rsquo;enfant j\u00e9sus et tend sa main droite pour receveoir la pomme de pin offert par son fils.<\/p>\n<p>Le plus souvent repr\u00e9sent\u00e9e tenant un globe terrestre , de temps en tenmps un oiseaun des fleurs , notre petit j\u00e9sus tiens une pomme de pin, repr\u00e9sentation \u00e9tonnante mais plus courant que l&rsquo;on ne le pense .\u00a0<\/p>\n<p>La pomme de pin est pr\u00e9sente dans de nombreuses religions, et de nombreux r\u00e9cits et l\u00e9gendes chr\u00e9tiennes. En vend\u00e9e, elle serait assimil\u00e9e aux marques des doigts de la vierge en sicile \u00e0 celle de j\u00e9sus.<\/p>\n<p>La pomme de pin symbolise l&rsquo;immortalit\u00e9 de la vie v\u00e9g\u00e9tative et animale, l&rsquo;exaltation de la puissance vitale et la glorification de la f\u00e9condit\u00e9. Dans certaine sc\u00e8nes de calvaire ou elle orne l\u2019extr\u00e9mit\u00e9 des bras de la croix, elle figure \u00ab l\u2019\u00e9ternel retour \u00bb de la vie, la renaissance.<\/p>\n<p>Un des vierges \u00e0 la pomme de pin les plus connue est\u00a0 Vierge noire de Montserrat<\/p>\n","protected":false},"excerpt":{"rendered":"<p>Belle Vierge courron\u00e9e , portant l&rsquo;enfant j\u00e9sus dans ses bras. Tr\u00e8s belle polychromie aux couleurs de la Vierge , bleu et rouge.\u00a0<\/p>\n<p><\/p>\n","protected":false},"featured_media":10641,"template":"","meta":[],"product_brand":[],"product_cat":[278],"product_tag":[],"class_list":{"0":"post-10644","1":"product","2":"type-product","3":"status-publish","4":"has-post-thumbnail","6":"product_cat-saint-martin","7":"description-off","9":"first","10":"instock","11":"shipping-taxable","12":"product-type-simple"},"aioseo_notices":[],"_links":{"self":[{"href":"https:\/\/www.carrerivegauche.com\/fr\/wp-json\/wp\/v2\/product\/10644","targetHints":{"allow":["GET"]}}],"collection":[{"href":"https:\/\/www.carrerivegauche.com\/fr\/wp-json\/wp\/v2\/product"}],"about":[{"href":"https:\/\/www.carrerivegauche.com\/fr\/wp-json\/wp\/v2\/types\/product"}],"wp:featuredmedia":[{"embeddable":true,"href":"https:\/\/www.carrerivegauche.com\/fr\/wp-json\/wp\/v2\/media\/10641"}],"wp:attachment":[{"href":"https:\/\/www.carrerivegauche.com\/fr\/wp-json\/wp\/v2\/media?parent=10644"}],"wp:term":[{"taxonomy":"product_brand","embeddable":true,"href":"https:\/\/www.carrerivegauche.com\/fr\/wp-json\/wp\/v2\/product_brand?post=10644"},{"taxonomy":"product_cat","embeddable":true,"href":"https:\/\/www.carrerivegauche.com\/fr\/wp-json\/wp\/v2\/product_cat?post=10644"},{"taxonomy":"product_tag","embeddable":true,"href":"https:\/\/www.carrerivegauche.com\/fr\/wp-json\/wp\/v2\/product_tag?post=10644"}],"curies":[{"name":"wp","href":"https:\/\/api.w.org\/{rel}","templated":true}]}}