 

{"id":10618,"date":"2021-05-21T16:36:26","date_gmt":"2021-05-21T14:36:26","guid":{"rendered":"https:\/\/www.carrerivegauche.com\/boutique-crg\/grande-huile-sur-toile-marchande-de-legumes\/"},"modified":"2024-06-25T18:38:10","modified_gmt":"2024-06-25T16:38:10","slug":"grande-huile-sur-toile-marchande-de-legumes","status":"publish","type":"product","link":"https:\/\/www.carrerivegauche.com\/fr\/boutique-crg\/grande-huile-sur-toile-marchande-de-legumes\/","title":{"rendered":"Grande huile sur toile, Marchande de l\u00e9gumes"},"content":{"rendered":"<p>Cette belle marchande de l\u00e9gumes est peinte sur un fond aux nuances de noir et de marron. La blancheur de son visage est accentu\u00e9e par le foulard rouge qu\u2019elle porte sur ses \u00e9paules.<\/p>\n<p>Sa pose est lascive, une main sur une hanche, la deuxi\u00e8me attrapant un fruit.<\/p>\n<p>Son regard fuit le spectateur, elle semble perdue loin d\u2019\u00e9talage, un l\u00e9ger sourire aux l\u00e8vres.\u00a0\u00a0<\/p>\n<p>Une grande attention est port\u00e9e aux d\u00e9tails : ses boucles d\u2019oreilles, sa bague\u2026ainsi qu\u2019aux fruits et l\u00e9gumes.<\/p>\n<p>Tous les codes des portraits r\u00e9serv\u00e9s jusqu\u2019ici \u00e0 l\u2019aristocratie, sont employ\u00e9s : la taille du tableau, la pose du mod\u00e8le, la simplicit\u00e9 et la minutie des d\u00e9tails.<\/p>\n<p>La femme du peuple devient l\u2019\u00e9gale de l\u2019aristocrate.\u00a0<\/p>\n","protected":false},"excerpt":{"rendered":"<p>Cette toile de tr\u00e8s grande qualit\u00e9 date du milieu voir de la fin du 19e si\u00e8cle.<\/p>\n<p>Elle comporte une trace de signature, en haut \u00e0 droite.\u00a0<\/p>\n","protected":false},"featured_media":10603,"template":"","meta":[],"product_brand":[],"product_cat":[278],"product_tag":[],"class_list":{"0":"post-10618","1":"product","2":"type-product","3":"status-publish","4":"has-post-thumbnail","6":"product_cat-saint-martin","7":"description-off","9":"first","10":"instock","11":"shipping-taxable","12":"purchasable","13":"product-type-simple"},"aioseo_notices":[],"_links":{"self":[{"href":"https:\/\/www.carrerivegauche.com\/fr\/wp-json\/wp\/v2\/product\/10618","targetHints":{"allow":["GET"]}}],"collection":[{"href":"https:\/\/www.carrerivegauche.com\/fr\/wp-json\/wp\/v2\/product"}],"about":[{"href":"https:\/\/www.carrerivegauche.com\/fr\/wp-json\/wp\/v2\/types\/product"}],"wp:featuredmedia":[{"embeddable":true,"href":"https:\/\/www.carrerivegauche.com\/fr\/wp-json\/wp\/v2\/media\/10603"}],"wp:attachment":[{"href":"https:\/\/www.carrerivegauche.com\/fr\/wp-json\/wp\/v2\/media?parent=10618"}],"wp:term":[{"taxonomy":"product_brand","embeddable":true,"href":"https:\/\/www.carrerivegauche.com\/fr\/wp-json\/wp\/v2\/product_brand?post=10618"},{"taxonomy":"product_cat","embeddable":true,"href":"https:\/\/www.carrerivegauche.com\/fr\/wp-json\/wp\/v2\/product_cat?post=10618"},{"taxonomy":"product_tag","embeddable":true,"href":"https:\/\/www.carrerivegauche.com\/fr\/wp-json\/wp\/v2\/product_tag?post=10618"}],"curies":[{"name":"wp","href":"https:\/\/api.w.org\/{rel}","templated":true}]}}