 

{"id":10592,"date":"2021-05-27T16:08:17","date_gmt":"2021-05-27T14:08:17","guid":{"rendered":"https:\/\/www.carrerivegauche.com\/boutique-crg\/commode-en-noyer-epoque-louis-xv\/"},"modified":"2021-05-31T09:59:57","modified_gmt":"2021-05-31T07:59:57","slug":"commode-en-noyer-epoque-louis-xv","status":"publish","type":"product","link":"https:\/\/www.carrerivegauche.com\/fr\/boutique-crg\/commode-en-noyer-epoque-louis-xv\/","title":{"rendered":"Commode en noyer, \u00e9poque Louis XV"},"content":{"rendered":"<p>Notre commode s\u2019inspire de la silhouette de la commode Louis XV en lui apportant le galbe et les courbes de la mode Louis XV.<\/p>\n<p>L\u2019apparente simplicit\u00e9 du travail du bois dans les commode, notamment r\u00e9gionale, Louis XV est compens\u00e9 par une richesse des bronzes. Ils rivalisent en fonction des r\u00e9gions par leur qualit\u00e9, leur originalit\u00e9 et leur fantaisie.<\/p>\n<p>Les bronzes de notre commode, repr\u00e9sentent des feuillages et des fleurs, sculpt\u00e9s diff\u00e9remment de chaque c\u00f4t\u00e9 de la poign\u00e9e. L\u2019artisan a apport\u00e9 autant d\u2019attention aux serrures centrales.\u00a0<\/p>\n","protected":false},"excerpt":{"rendered":"<p>Cette commode en noyer, ouvrant \u00e0 3 tiroirs,\u00a0 poss\u00e8de une traverse basse d\u00e9licatement moulur\u00e9e, chantourn\u00e9e avec en son centre un motif de coquille.\u00a0<\/p>\n<p>Ses bronzes sont finement sculpt\u00e9s.<\/p>\n","protected":false},"featured_media":10571,"template":"","meta":[],"product_brand":[],"product_cat":[278],"product_tag":[],"class_list":{"0":"post-10592","1":"product","2":"type-product","3":"status-publish","4":"has-post-thumbnail","6":"product_cat-saint-martin","7":"description-off","9":"first","10":"instock","11":"shipping-taxable","12":"product-type-simple"},"aioseo_notices":[],"_links":{"self":[{"href":"https:\/\/www.carrerivegauche.com\/fr\/wp-json\/wp\/v2\/product\/10592","targetHints":{"allow":["GET"]}}],"collection":[{"href":"https:\/\/www.carrerivegauche.com\/fr\/wp-json\/wp\/v2\/product"}],"about":[{"href":"https:\/\/www.carrerivegauche.com\/fr\/wp-json\/wp\/v2\/types\/product"}],"wp:featuredmedia":[{"embeddable":true,"href":"https:\/\/www.carrerivegauche.com\/fr\/wp-json\/wp\/v2\/media\/10571"}],"wp:attachment":[{"href":"https:\/\/www.carrerivegauche.com\/fr\/wp-json\/wp\/v2\/media?parent=10592"}],"wp:term":[{"taxonomy":"product_brand","embeddable":true,"href":"https:\/\/www.carrerivegauche.com\/fr\/wp-json\/wp\/v2\/product_brand?post=10592"},{"taxonomy":"product_cat","embeddable":true,"href":"https:\/\/www.carrerivegauche.com\/fr\/wp-json\/wp\/v2\/product_cat?post=10592"},{"taxonomy":"product_tag","embeddable":true,"href":"https:\/\/www.carrerivegauche.com\/fr\/wp-json\/wp\/v2\/product_tag?post=10592"}],"curies":[{"name":"wp","href":"https:\/\/api.w.org\/{rel}","templated":true}]}}