 

{"id":10570,"date":"2021-05-29T16:03:51","date_gmt":"2021-05-29T14:03:51","guid":{"rendered":"https:\/\/www.carrerivegauche.com\/boutique-crg\/une-table-tric-trac-en-acajou-louis-xvi-estampillee-l-n-malle\/"},"modified":"2024-06-25T18:31:26","modified_gmt":"2024-06-25T16:31:26","slug":"une-table-tric-trac-en-acajou-louis-xvi-estampillee-l-n-malle","status":"publish","type":"product","link":"https:\/\/www.carrerivegauche.com\/fr\/boutique-crg\/une-table-tric-trac-en-acajou-louis-xvi-estampillee-l-n-malle\/","title":{"rendered":"Une table tric-trac en acajou, Louis XVI, estampill\u00e9e L N Malle"},"content":{"rendered":"<p>Le trictrac est un jeu de soci\u00e9t\u00e9 tr\u00e8s en vogue en France aux 17e et 18e si\u00e8cles, \u00e0 la cour et dans les milieux aristocratiques. Il fait partie des jeux de hasard raisonn\u00e9 tel que le backgammon.<\/p>\n<p>Souvent, en bois pr\u00e9cieux, garni de bronzes dor\u00e9s, le dessus est amovible et laisse place au casier de jeu. Sur le c\u00f4t\u00e9, des petits tiroirs accueillent les jetons et les d\u00e9s.<\/p>\n<p>Le plus souvent dans les tables \u00e0 jeu de l\u2019\u00e9poque Louis XVI, les pieds sont cannel\u00e9s.<\/p>\n<p>Louis No\u00ebl Malle (1734-1782) en est son cr\u00e9ateur. C\u2019est un \u00e9b\u00e9niste renomm\u00e9 du 18e, qui aime travailler avec l\u2019\u00e9b\u00e8ne et des bois de couleurs.<\/p>\n","protected":false},"excerpt":{"rendered":"<p>Notre table \u00e0 jeu est un tric trac, Elle est estampill\u00e9e deux fois par l&rsquo;\u00e9b\u00e9niste Louis No\u00ebl Malle et poss\u00e8de ses jetons, ses d\u00e9s ainsi que son plateau.<\/p>\n","protected":false},"featured_media":10561,"template":"","meta":[],"product_brand":[],"product_cat":[278],"product_tag":[],"class_list":{"0":"post-10570","1":"product","2":"type-product","3":"status-publish","4":"has-post-thumbnail","6":"product_cat-saint-martin","7":"description-off","9":"first","10":"instock","11":"shipping-taxable","12":"purchasable","13":"product-type-simple"},"aioseo_notices":[],"_links":{"self":[{"href":"https:\/\/www.carrerivegauche.com\/fr\/wp-json\/wp\/v2\/product\/10570","targetHints":{"allow":["GET"]}}],"collection":[{"href":"https:\/\/www.carrerivegauche.com\/fr\/wp-json\/wp\/v2\/product"}],"about":[{"href":"https:\/\/www.carrerivegauche.com\/fr\/wp-json\/wp\/v2\/types\/product"}],"wp:featuredmedia":[{"embeddable":true,"href":"https:\/\/www.carrerivegauche.com\/fr\/wp-json\/wp\/v2\/media\/10561"}],"wp:attachment":[{"href":"https:\/\/www.carrerivegauche.com\/fr\/wp-json\/wp\/v2\/media?parent=10570"}],"wp:term":[{"taxonomy":"product_brand","embeddable":true,"href":"https:\/\/www.carrerivegauche.com\/fr\/wp-json\/wp\/v2\/product_brand?post=10570"},{"taxonomy":"product_cat","embeddable":true,"href":"https:\/\/www.carrerivegauche.com\/fr\/wp-json\/wp\/v2\/product_cat?post=10570"},{"taxonomy":"product_tag","embeddable":true,"href":"https:\/\/www.carrerivegauche.com\/fr\/wp-json\/wp\/v2\/product_tag?post=10570"}],"curies":[{"name":"wp","href":"https:\/\/api.w.org\/{rel}","templated":true}]}}