 

{"id":10544,"date":"2021-05-28T15:34:16","date_gmt":"2021-05-28T13:34:16","guid":{"rendered":"https:\/\/www.carrerivegauche.com\/boutique-crg\/un-bureau-a-cylindre-en-acajou-epoque-directoire\/"},"modified":"2024-06-25T18:35:41","modified_gmt":"2024-06-25T16:35:41","slug":"un-bureau-a-cylindre-en-acajou-epoque-directoire","status":"publish","type":"product","link":"https:\/\/www.carrerivegauche.com\/fr\/boutique-crg\/un-bureau-a-cylindre-en-acajou-epoque-directoire\/","title":{"rendered":"Un bureau \u00e0 cylindre en acajou, \u00e9poque Directoire"},"content":{"rendered":"<p>Le bureau \u00e0 cylindre est \u00e0 l\u2019\u00e9poque plut\u00f4t destin\u00e9 aux hommes, et surtout le premier d\u2019entre eux, le roi. Le meuble cylindre se popularise par la suite dans les int\u00e9rieurs bourgeois.<\/p>\n<p>Il est \u00e9quip\u00e9 d\u2019un nid d\u2019\u00e9tag\u00e8res et tiroirs en arri\u00e8re-plan et d\u2019un plan de travail au premier plan. Un rideau en quart de cercle coulisse pour permettre de fermer le bureau.<\/p>\n<p>Notre bureau est en acajou mouchet\u00e9 uni, soulign\u00e9 de baguettes en bronze dor\u00e9 cisel\u00e9 avec un soin particulier.\u00a0<\/p>\n","protected":false},"excerpt":{"rendered":"<p>Ce bureau \u00e0 cylindre, poss\u00e8de une tablette gain\u00e9 d\u2019un cuir vert et un rang de tiroirs et de casiers.\u00a0<\/p>\n<p>D\u2019\u00e9poque et de style directoire, il est caract\u00e9ristique par sa facture sobre et ses formes simples.<\/p>\n","protected":false},"featured_media":10541,"template":"","meta":[],"product_brand":[],"product_cat":[278],"product_tag":[],"class_list":{"0":"post-10544","1":"product","2":"type-product","3":"status-publish","4":"has-post-thumbnail","6":"product_cat-saint-martin","7":"description-off","9":"first","10":"instock","11":"shipping-taxable","12":"purchasable","13":"product-type-simple"},"aioseo_notices":[],"_links":{"self":[{"href":"https:\/\/www.carrerivegauche.com\/fr\/wp-json\/wp\/v2\/product\/10544","targetHints":{"allow":["GET"]}}],"collection":[{"href":"https:\/\/www.carrerivegauche.com\/fr\/wp-json\/wp\/v2\/product"}],"about":[{"href":"https:\/\/www.carrerivegauche.com\/fr\/wp-json\/wp\/v2\/types\/product"}],"wp:featuredmedia":[{"embeddable":true,"href":"https:\/\/www.carrerivegauche.com\/fr\/wp-json\/wp\/v2\/media\/10541"}],"wp:attachment":[{"href":"https:\/\/www.carrerivegauche.com\/fr\/wp-json\/wp\/v2\/media?parent=10544"}],"wp:term":[{"taxonomy":"product_brand","embeddable":true,"href":"https:\/\/www.carrerivegauche.com\/fr\/wp-json\/wp\/v2\/product_brand?post=10544"},{"taxonomy":"product_cat","embeddable":true,"href":"https:\/\/www.carrerivegauche.com\/fr\/wp-json\/wp\/v2\/product_cat?post=10544"},{"taxonomy":"product_tag","embeddable":true,"href":"https:\/\/www.carrerivegauche.com\/fr\/wp-json\/wp\/v2\/product_tag?post=10544"}],"curies":[{"name":"wp","href":"https:\/\/api.w.org\/{rel}","templated":true}]}}