 

{"id":10540,"date":"2021-05-29T15:50:28","date_gmt":"2021-05-29T13:50:28","guid":{"rendered":"https:\/\/www.carrerivegauche.com\/boutique-crg\/commode-lyonnaise-en-noyer-18e-siecle\/"},"modified":"2024-06-25T18:34:28","modified_gmt":"2024-06-25T16:34:28","slug":"commode-lyonnaise-en-noyer-18e-siecle","status":"publish","type":"product","link":"https:\/\/www.carrerivegauche.com\/fr\/boutique-crg\/commode-lyonnaise-en-noyer-18e-siecle\/","title":{"rendered":"Commode lyonnaise en noyer, 18e si\u00e8cle"},"content":{"rendered":"<p>La commode lyonnaise se reconna\u00eet facilement \u00e0 la disposition de son riche d\u00e9cor sculpt\u00e9.<\/p>\n<p>La fa\u00e7ade est l\u00e9g\u00e8rement galb\u00e9e ou en arbal\u00e8te.<\/p>\n<p>La ceinture basse, est droite ou mouvement\u00e9e, avec souvent une coquille R\u00e9gence au milieu, et repose sur des pieds bas cambr\u00e9s.<\/p>\n<p>Le plateau taill\u00e9 en bec-de-corbin est en bois.<\/p>\n<p>Des rinceaux, des arabesques, des feuilles d&rsquo;acanthe&#8230; sont dispos\u00e9s sym\u00e9triquement sur les bordures lat\u00e9rales des tiroirs et en \u00e9coin\u00e7ons, formant le d\u00e9cor sculpt\u00e9 tr\u00e8s caract\u00e9ristique du style lyonnais.<\/p>\n<p>Les \u00e9b\u00e9nistes lyonnais utilisent presque toujours du noyer, facile \u00e0 travailler et qui patine magnifiquement avec le temps.<\/p>\n","protected":false},"excerpt":{"rendered":"<p>Commode lyonnaise en noyer, sculpt\u00e9, ouvrant \u00e0 3 tiroirs poss\u00e9dant de tr\u00e8s beaux bronzes.<\/p>\n<p>La commode lyonnaise ancienne du 18e s&rsquo;inspire du style louis XV.<\/p>\n","protected":false},"featured_media":10534,"template":"","meta":[],"product_brand":[],"product_cat":[278],"product_tag":[],"class_list":{"0":"post-10540","1":"product","2":"type-product","3":"status-publish","4":"has-post-thumbnail","6":"product_cat-saint-martin","7":"description-off","9":"first","10":"instock","11":"shipping-taxable","12":"purchasable","13":"product-type-simple"},"aioseo_notices":[],"_links":{"self":[{"href":"https:\/\/www.carrerivegauche.com\/fr\/wp-json\/wp\/v2\/product\/10540","targetHints":{"allow":["GET"]}}],"collection":[{"href":"https:\/\/www.carrerivegauche.com\/fr\/wp-json\/wp\/v2\/product"}],"about":[{"href":"https:\/\/www.carrerivegauche.com\/fr\/wp-json\/wp\/v2\/types\/product"}],"wp:featuredmedia":[{"embeddable":true,"href":"https:\/\/www.carrerivegauche.com\/fr\/wp-json\/wp\/v2\/media\/10534"}],"wp:attachment":[{"href":"https:\/\/www.carrerivegauche.com\/fr\/wp-json\/wp\/v2\/media?parent=10540"}],"wp:term":[{"taxonomy":"product_brand","embeddable":true,"href":"https:\/\/www.carrerivegauche.com\/fr\/wp-json\/wp\/v2\/product_brand?post=10540"},{"taxonomy":"product_cat","embeddable":true,"href":"https:\/\/www.carrerivegauche.com\/fr\/wp-json\/wp\/v2\/product_cat?post=10540"},{"taxonomy":"product_tag","embeddable":true,"href":"https:\/\/www.carrerivegauche.com\/fr\/wp-json\/wp\/v2\/product_tag?post=10540"}],"curies":[{"name":"wp","href":"https:\/\/api.w.org\/{rel}","templated":true}]}}