 

{"id":10394,"date":"2021-05-27T16:11:38","date_gmt":"2021-05-27T14:11:38","guid":{"rendered":"https:\/\/www.carrerivegauche.com\/boutique-crg\/pendule-en-marbre-vert\/"},"modified":"2021-05-28T09:48:47","modified_gmt":"2021-05-28T07:48:47","slug":"pendule-en-marbre-vert","status":"publish","type":"product","link":"https:\/\/www.carrerivegauche.com\/fr\/boutique-crg\/pendule-en-marbre-vert\/","title":{"rendered":"Pendule en marbre vert"},"content":{"rendered":"<p>Surplomb\u00e9e d\u2019une statuette repr\u00e9sentant une jeune fille lisant.<br \/>De forme cubique, elle repose sur 4 pieds en bronze dor\u00e9.<br \/>Le cadran est ajour\u00e9 d\u2019un fin liser\u00e9 de bronze dor\u00e9 et cisel\u00e9.<br \/>En \u00e9tat de fonctionnement.<br \/>\u00a0\u00c9poque Restauration.<br \/>R\u00e9f : 2124<br data-mce-bogus=\"1\"><\/p>\n","protected":false},"excerpt":{"rendered":"<p>Surplomb\u00e9e d\u2019une statuette repr\u00e9sentant une jeune fille lisant.<br \/>De forme cubique, elle repose sur 4 pieds en bronze dor\u00e9.<br \/>Le cadran est ajour\u00e9 d\u2019un fin liser\u00e9 de bronze dor\u00e9 et cisel\u00e9.<br \/>En \u00e9tat de fonctionnement.<br \/>\u00c9poque Restauration.<br data-mce-bogus=\"1\"><\/p>\n","protected":false},"featured_media":10379,"template":"","meta":[],"product_brand":[],"product_cat":[248],"product_tag":[],"class_list":{"0":"post-10394","1":"product","2":"type-product","3":"status-publish","4":"has-post-thumbnail","6":"product_cat-belliard","7":"description-off","9":"first","10":"instock","11":"shipping-taxable","12":"product-type-simple"},"aioseo_notices":[],"_links":{"self":[{"href":"https:\/\/www.carrerivegauche.com\/fr\/wp-json\/wp\/v2\/product\/10394","targetHints":{"allow":["GET"]}}],"collection":[{"href":"https:\/\/www.carrerivegauche.com\/fr\/wp-json\/wp\/v2\/product"}],"about":[{"href":"https:\/\/www.carrerivegauche.com\/fr\/wp-json\/wp\/v2\/types\/product"}],"wp:featuredmedia":[{"embeddable":true,"href":"https:\/\/www.carrerivegauche.com\/fr\/wp-json\/wp\/v2\/media\/10379"}],"wp:attachment":[{"href":"https:\/\/www.carrerivegauche.com\/fr\/wp-json\/wp\/v2\/media?parent=10394"}],"wp:term":[{"taxonomy":"product_brand","embeddable":true,"href":"https:\/\/www.carrerivegauche.com\/fr\/wp-json\/wp\/v2\/product_brand?post=10394"},{"taxonomy":"product_cat","embeddable":true,"href":"https:\/\/www.carrerivegauche.com\/fr\/wp-json\/wp\/v2\/product_cat?post=10394"},{"taxonomy":"product_tag","embeddable":true,"href":"https:\/\/www.carrerivegauche.com\/fr\/wp-json\/wp\/v2\/product_tag?post=10394"}],"curies":[{"name":"wp","href":"https:\/\/api.w.org\/{rel}","templated":true}]}}