 

{"id":10369,"date":"2021-05-20T17:00:21","date_gmt":"2021-05-20T15:00:21","guid":{"rendered":"https:\/\/www.carrerivegauche.com\/boutique-crg\/chaise-de-musicien\/"},"modified":"2021-05-28T12:11:02","modified_gmt":"2021-05-28T10:11:02","slug":"chaise-de-musicien","status":"publish","type":"product","link":"https:\/\/www.carrerivegauche.com\/fr\/boutique-crg\/chaise-de-musicien\/","title":{"rendered":"Chaise de musicien"},"content":{"rendered":"<p style=\"margin: 0px 0px 10px; color: rgb(81, 81, 81); font-family: Lato, \"Helvetica Neue\", Helvetica, Arial, sans-serif; font-size: 14px;\">Chaise de musicien en acajou \u00e0 fut central, pi\u00e8tement tripode termin\u00e9 par des pieds simulant des griffes. Dossier en \u00e9ventail. Tapisserie d\u2019origine.<\/p>\n<p style=\"margin: 0px 0px 10px; color: rgb(81, 81, 81); font-family: Lato, \"Helvetica Neue\", Helvetica, Arial, sans-serif; font-size: 14px;\">Epoque Louis-Philippe<\/p>\n<p style=\"margin: 0px; color: rgb(81, 81, 81); font-family: Lato, \"Helvetica Neue\", Helvetica, Arial, sans-serif; font-size: 14px;\">H\u00a0: 83 cm<br \/>D : 40 cm<\/p>\n","protected":false},"excerpt":{"rendered":"<p style=\"margin: 0px 0px 10px; color: rgb(81, 81, 81); font-family: Lato, \"Helvetica Neue\", Helvetica, Arial, sans-serif; font-size: 14px;\">Chaise de musicien en acajou \u00e0 fut central, pi\u00e8tement tripode termin\u00e9 par des pieds simulant des griffes. Dossier en \u00e9ventail. Tapisserie d\u2019origine.<\/p>\n<p style=\"margin: 0px 0px 10px; color: rgb(81, 81, 81); font-family: Lato, \"Helvetica Neue\", Helvetica, Arial, sans-serif; font-size: 14px;\">Epoque Louis-Philippe.<\/p>\n","protected":false},"featured_media":10334,"template":"","meta":[],"product_brand":[],"product_cat":[248],"product_tag":[],"class_list":{"0":"post-10369","1":"product","2":"type-product","3":"status-publish","4":"has-post-thumbnail","6":"product_cat-belliard","7":"description-off","9":"first","10":"instock","11":"shipping-taxable","12":"product-type-simple"},"aioseo_notices":[],"_links":{"self":[{"href":"https:\/\/www.carrerivegauche.com\/fr\/wp-json\/wp\/v2\/product\/10369","targetHints":{"allow":["GET"]}}],"collection":[{"href":"https:\/\/www.carrerivegauche.com\/fr\/wp-json\/wp\/v2\/product"}],"about":[{"href":"https:\/\/www.carrerivegauche.com\/fr\/wp-json\/wp\/v2\/types\/product"}],"wp:featuredmedia":[{"embeddable":true,"href":"https:\/\/www.carrerivegauche.com\/fr\/wp-json\/wp\/v2\/media\/10334"}],"wp:attachment":[{"href":"https:\/\/www.carrerivegauche.com\/fr\/wp-json\/wp\/v2\/media?parent=10369"}],"wp:term":[{"taxonomy":"product_brand","embeddable":true,"href":"https:\/\/www.carrerivegauche.com\/fr\/wp-json\/wp\/v2\/product_brand?post=10369"},{"taxonomy":"product_cat","embeddable":true,"href":"https:\/\/www.carrerivegauche.com\/fr\/wp-json\/wp\/v2\/product_cat?post=10369"},{"taxonomy":"product_tag","embeddable":true,"href":"https:\/\/www.carrerivegauche.com\/fr\/wp-json\/wp\/v2\/product_tag?post=10369"}],"curies":[{"name":"wp","href":"https:\/\/api.w.org\/{rel}","templated":true}]}}