 

{"id":10235,"date":"2021-05-22T14:49:34","date_gmt":"2021-05-22T12:49:34","guid":{"rendered":"https:\/\/www.carrerivegauche.com\/boutique-crg\/coffre-de-marchand-choba-dansu-japon-fin-de-la-periode-edo\/"},"modified":"2021-05-25T09:54:27","modified_gmt":"2021-05-25T07:54:27","slug":"coffre-de-marchand-choba-dansu-japon-fin-de-la-periode-edo","status":"publish","type":"product","link":"https:\/\/www.carrerivegauche.com\/fr\/boutique-crg\/coffre-de-marchand-choba-dansu-japon-fin-de-la-periode-edo\/","title":{"rendered":"Coffre de marchand, Choba Dansu, Japon, fin de la p\u00e9riode Edo"},"content":{"rendered":"<p><\/p>\n","protected":false},"excerpt":{"rendered":"<p><span style=\"color: #000000; font-family: regular,;\" data-mce-style=\"color: #000000; font-family: regular,;\">Coffre de marchand japonais (choba-dansu), r\u00e9gion de Matsumoto, Nagano. La fa\u00e7ade est enti\u00e8rement construite en bois de citronnier, compl\u00e9t\u00e9e par des montants en Keyaki. Le meuble a trois tiroirs inf\u00e9rieurs, tous ces tiroirs avec plaque de verrouillage orn\u00e9e, un compartiment avec portes coulissantes, goupille de verrouillage centrale, dissimulant une \u00e9tag\u00e8re et trois petits tiroirs \u00e9galement en citronnier et orn\u00e9s serrures. Il y a un grand tiroir sur la partie haute avec plaque de verrouillage, d\u00e9tails de chrysanth\u00e8me en diamant. Poign\u00e9es en fer sur plaques ajour\u00e9s et protections d&rsquo;angle en fer.<\/span><br style=\"color: #000000; font-family: regular,;\" data-mce-style=\"color: #000000; font-family: regular,;\"><span style=\"color: #000000; font-family: regular,;\" data-mce-style=\"color: #000000; font-family: regular,;\">Bel \u00e9tat.<\/span><br style=\"color: #000000; font-family: regular,;\" data-mce-style=\"color: #000000; font-family: regular,;\"><span style=\"color: #000000; font-family: regular,;\" data-mce-style=\"color: #000000; font-family: regular,;\">Fin de la p\u00e9riode Edo, d\u00e9but du XIXe si\u00e8cle.<\/span><br style=\"color: #000000; font-family: regular,;\" data-mce-style=\"color: #000000; font-family: regular,;\"><span style=\"color: #000000; font-family: regular,;\" data-mce-style=\"color: #000000; font-family: regular,;\">Hauteur 90,5 cm L \/ L 89x45cm<\/span><\/p>\n","protected":false},"featured_media":10245,"template":"","meta":[],"product_brand":[],"product_cat":[275],"product_tag":[],"class_list":{"0":"post-10235","1":"product","2":"type-product","3":"status-publish","4":"has-post-thumbnail","6":"product_cat-ortega","7":"description-off","9":"first","10":"instock","11":"shipping-taxable","12":"purchasable","13":"product-type-simple"},"aioseo_notices":[],"_links":{"self":[{"href":"https:\/\/www.carrerivegauche.com\/fr\/wp-json\/wp\/v2\/product\/10235","targetHints":{"allow":["GET"]}}],"collection":[{"href":"https:\/\/www.carrerivegauche.com\/fr\/wp-json\/wp\/v2\/product"}],"about":[{"href":"https:\/\/www.carrerivegauche.com\/fr\/wp-json\/wp\/v2\/types\/product"}],"wp:featuredmedia":[{"embeddable":true,"href":"https:\/\/www.carrerivegauche.com\/fr\/wp-json\/wp\/v2\/media\/10245"}],"wp:attachment":[{"href":"https:\/\/www.carrerivegauche.com\/fr\/wp-json\/wp\/v2\/media?parent=10235"}],"wp:term":[{"taxonomy":"product_brand","embeddable":true,"href":"https:\/\/www.carrerivegauche.com\/fr\/wp-json\/wp\/v2\/product_brand?post=10235"},{"taxonomy":"product_cat","embeddable":true,"href":"https:\/\/www.carrerivegauche.com\/fr\/wp-json\/wp\/v2\/product_cat?post=10235"},{"taxonomy":"product_tag","embeddable":true,"href":"https:\/\/www.carrerivegauche.com\/fr\/wp-json\/wp\/v2\/product_tag?post=10235"}],"curies":[{"name":"wp","href":"https:\/\/api.w.org\/{rel}","templated":true}]}}