 

{"id":10067,"date":"2021-05-19T16:08:31","date_gmt":"2021-05-19T14:08:31","guid":{"rendered":"https:\/\/www.carrerivegauche.com\/boutique-crg\/barye-antoine-louis-1795-1875\/"},"modified":"2022-10-17T15:40:51","modified_gmt":"2022-10-17T13:40:51","slug":"barye-antoine-louis-1795-1875","status":"publish","type":"product","link":"https:\/\/www.carrerivegauche.com\/fr\/boutique-crg\/barye-antoine-louis-1795-1875\/","title":{"rendered":"BARYE Antoine-Louis (1795-1875) Paire de cand\u00e9labres"},"content":{"rendered":"<p class=\"MsoNormal\" style=\"margin: 0cm;font-size: medium;font-family: Calibri, sans-serif;text-align: justify\" data-mce-style=\"margin: 0cm; font-size: medium; font-family: Calibri, sans-serif; text-align: justify;\">Parmi les sculpteurs du XIXe si\u00e8cle, <strong>Antoine Louis Barye<\/strong> est s\u00fbrement l\u2019un de ceux auxquels on doit les plus beaux mod\u00e8les de bronzes d\u2019ornements. Sa collection\u00a0\u00a0se compose principalement de cand\u00e9labres, de coupes, de bougeoirs et d\u2019encriers. Certains de ses mod\u00e8les ont \u00e9t\u00e9 pr\u00e9vus pour \u00eatre des pendants.<\/p>\n<p class=\"MsoNormal\" style=\"margin: 0cm;font-size: medium;font-family: Calibri, sans-serif;text-align: justify\" data-mce-style=\"margin: 0cm; font-size: medium; font-family: Calibri, sans-serif; text-align: justify;\">Ces cand\u00e9labres, les plus richement ornement\u00e9s de la collection, sont d\u00e9cor\u00e9s \u00e0 partir de la base d\u2019une v\u00e9g\u00e9tation luxuriante de racines et de feuilles de pavots. Un serpent en bronze dor\u00e9 s\u2019enroule au tiers de la hauteur apportant ainsi un relief suppl\u00e9mentaire \u00e0 l\u2019ensemble. Les bob\u00e8ches, elles-m\u00eames en bronze dor\u00e9, qui terminent les douze bras de lumi\u00e8re sont constitu\u00e9es de fleurs d\u2019opium et la tige est surmont\u00e9e d\u2019une perruche qui seront con\u00e7ues en pendants dans une version ult\u00e9rieure; la base moulur\u00e9e est \u00e9galement soulign\u00e9e de bronze dor\u00e9\u00a0et laisse entrevoir trois tortues dispos\u00e9es \u00e0 chaque angle du triangle.<\/p>\n<p class=\"MsoNormal\" style=\"margin: 0cm;font-size: medium;font-family: Calibri, sans-serif;text-align: justify\" data-mce-style=\"margin: 0cm; font-size: medium; font-family: Calibri, sans-serif; text-align: justify;\">La fonte de ce mod\u00e8le d\u2019exception est estim\u00e9e \u00e0 moins de quinze exemplaires, le n\u00f4tre \u00e9tant num\u00e9rot\u00e9 4. Les mod\u00e8les polychromes sont plut\u00f4t rares. On conna\u00eet trois mod\u00e8les conserv\u00e9s dans les mus\u00e9es\u00a0: Bayonne, mus\u00e9e Bonnat &#8211; Paris, mus\u00e9e des Arts d\u00e9coratifs \u00a0\u2013 Paris, mus\u00e9e du Louvre. Le n\u00f4tre s\u2019apparente davantage \u00e0 l\u2019exemplaire du mus\u00e9e des Arts d\u00e9coratifs par son sens du d\u00e9tail et la richesse de son bronze dor\u00e9.<\/p>\n<p class=\"MsoNormal\" style=\"margin: 0cm;font-size: medium;font-family: Calibri, sans-serif;text-align: justify\" data-mce-style=\"margin: 0cm; font-size: medium; font-family: Calibri, sans-serif; text-align: justify;\"><\/p>\n","protected":false},"excerpt":{"rendered":"<p class=\"MsoNormal\" style=\"margin: 0cm;font-size: medium;font-family: Calibri, sans-serif;color: #000000;text-align: center\" align=\"center\" data-mce-style=\"margin: 0cm; font-size: medium; font-family: Calibri, sans-serif; caret-color: #000000; color: #000000; text-align: center;\">En bronze patin\u00e9 et dor\u00e9.<i><\/i><\/p>\n<p class=\"MsoNormal\" style=\"margin: 0cm;font-size: medium;font-family: Calibri, sans-serif;color: #000000;text-align: center\" align=\"center\" data-mce-style=\"margin: 0cm; font-size: medium; font-family: Calibri, sans-serif; caret-color: #000000; color: #000000; text-align: center;\">A douze bras de lumi\u00e8re \u00e0 d\u00e9cor de pavots, perruche, serpent, et tortues.<\/p>\n<p class=\"MsoNormal\" style=\"margin: 0cm;font-size: medium;font-family: Calibri, sans-serif;color: #000000;text-align: center\" align=\"center\" data-mce-style=\"margin: 0cm; font-size: medium; font-family: Calibri, sans-serif; caret-color: #000000; color: #000000; text-align: center;\">Estampill\u00e9 Barye. Num\u00e9rot\u00e9 4<\/p>\n<p class=\"MsoNormal\" style=\"margin: 0cm;font-size: medium;font-family: Calibri, sans-serif;color: #000000;text-align: center\" align=\"center\" data-mce-style=\"margin: 0cm; font-size: medium; font-family: Calibri, sans-serif; caret-color: #000000; color: #000000; text-align: center;\">Circa 1845<\/p>\n<p style=\"margin: 0cm;font-size: medium\" data-mce-style=\"margin: 0cm; font-size: medium;\"><b>R\u00e9f\u00e9rences bibliographiques<\/b>\u00a0:\u00a0<span style=\"font-size: 11pt\" data-mce-style=\"font-size: 11pt;\">\u00a0M. Poletti et A. Richarme<\/span><i><span style=\"font-size: 11pt\" data-mce-style=\"font-size: 11pt;\">, Barye catalogue raisonn\u00e9 des sculptures, <\/span><\/i><span style=\"font-size: 11pt\" data-mce-style=\"font-size: 11pt;\">V\u00e9rone, 2000, pages 377-378, mod\u00e8le r\u00e9f\u00e9renc\u00e9 D11, exemplaire reproduit N\u00b0 390.<\/span><\/p>\n","protected":false},"featured_media":10071,"template":"","meta":[],"product_brand":[],"product_cat":[233],"product_tag":[],"class_list":{"0":"post-10067","1":"product","2":"type-product","3":"status-publish","4":"has-post-thumbnail","6":"product_cat-bourriaud","7":"description-off","9":"first","10":"instock","11":"shipping-taxable","12":"product-type-simple"},"aioseo_notices":[],"_links":{"self":[{"href":"https:\/\/www.carrerivegauche.com\/fr\/wp-json\/wp\/v2\/product\/10067","targetHints":{"allow":["GET"]}}],"collection":[{"href":"https:\/\/www.carrerivegauche.com\/fr\/wp-json\/wp\/v2\/product"}],"about":[{"href":"https:\/\/www.carrerivegauche.com\/fr\/wp-json\/wp\/v2\/types\/product"}],"wp:featuredmedia":[{"embeddable":true,"href":"https:\/\/www.carrerivegauche.com\/fr\/wp-json\/wp\/v2\/media\/10071"}],"wp:attachment":[{"href":"https:\/\/www.carrerivegauche.com\/fr\/wp-json\/wp\/v2\/media?parent=10067"}],"wp:term":[{"taxonomy":"product_brand","embeddable":true,"href":"https:\/\/www.carrerivegauche.com\/fr\/wp-json\/wp\/v2\/product_brand?post=10067"},{"taxonomy":"product_cat","embeddable":true,"href":"https:\/\/www.carrerivegauche.com\/fr\/wp-json\/wp\/v2\/product_cat?post=10067"},{"taxonomy":"product_tag","embeddable":true,"href":"https:\/\/www.carrerivegauche.com\/fr\/wp-json\/wp\/v2\/product_tag?post=10067"}],"curies":[{"name":"wp","href":"https:\/\/api.w.org\/{rel}","templated":true}]}}