 

{"id":10023,"date":"2021-05-17T13:05:26","date_gmt":"2021-05-17T11:05:26","guid":{"rendered":"https:\/\/www.carrerivegauche.com\/boutique-crg\/grand-plat-en-faience-de-rouen-a-decor-de-grenades-18e-s\/"},"modified":"2021-05-19T19:52:08","modified_gmt":"2021-05-19T17:52:08","slug":"grand-plat-en-faience-de-rouen-a-decor-de-grenades-18e-s","status":"publish","type":"product","link":"https:\/\/www.carrerivegauche.com\/fr\/boutique-crg\/grand-plat-en-faience-de-rouen-a-decor-de-grenades-18e-s\/","title":{"rendered":"Grand plat en fa\u00efence de Rouen \u00e0 d\u00e9cor de grenades, 18e s."},"content":{"rendered":"<p>Rouen (France) a large dish in earthenware with polychrome decoration<br \/>\ncalled pomegranate, a large basket with flowers in the center, the wing<br \/>\ndecorated with pomegranates and flowering stems on a blue background. <br \/>\nCirca 1740, 18th century.  <br \/>\nDiameter: 39.5cm. <br \/>\nRestored chips on the edge.<\/p>\n","protected":false},"excerpt":{"rendered":"<p>Grand plat en fa\u00efence de Rouen \u00e0 d\u00e9cor polychrome dit \u00e0 la grenade,<br \/>d&rsquo;une large corbeille fleurie au centre, l&rsquo;aile orn\u00e9e de grenades et<br \/>tiges fleuries sur fond bleu. vers 1740, XVIIIe si\u00e8cle. <br \/>Diam\u00e8tre : 39,5cm. <br \/>Eclats sur le bord restaur\u00e9s.<\/p>\n","protected":false},"featured_media":10011,"template":"","meta":[],"product_brand":[],"product_cat":[239],"product_tag":[],"class_list":{"0":"post-10023","1":"product","2":"type-product","3":"status-publish","4":"has-post-thumbnail","6":"product_cat-bealu","7":"description-off","9":"first","10":"instock","11":"shipping-taxable","12":"purchasable","13":"product-type-simple"},"aioseo_notices":[],"_links":{"self":[{"href":"https:\/\/www.carrerivegauche.com\/fr\/wp-json\/wp\/v2\/product\/10023","targetHints":{"allow":["GET"]}}],"collection":[{"href":"https:\/\/www.carrerivegauche.com\/fr\/wp-json\/wp\/v2\/product"}],"about":[{"href":"https:\/\/www.carrerivegauche.com\/fr\/wp-json\/wp\/v2\/types\/product"}],"wp:featuredmedia":[{"embeddable":true,"href":"https:\/\/www.carrerivegauche.com\/fr\/wp-json\/wp\/v2\/media\/10011"}],"wp:attachment":[{"href":"https:\/\/www.carrerivegauche.com\/fr\/wp-json\/wp\/v2\/media?parent=10023"}],"wp:term":[{"taxonomy":"product_brand","embeddable":true,"href":"https:\/\/www.carrerivegauche.com\/fr\/wp-json\/wp\/v2\/product_brand?post=10023"},{"taxonomy":"product_cat","embeddable":true,"href":"https:\/\/www.carrerivegauche.com\/fr\/wp-json\/wp\/v2\/product_cat?post=10023"},{"taxonomy":"product_tag","embeddable":true,"href":"https:\/\/www.carrerivegauche.com\/fr\/wp-json\/wp\/v2\/product_tag?post=10023"}],"curies":[{"name":"wp","href":"https:\/\/api.w.org\/{rel}","templated":true}]}}