 

{"id":10010,"date":"2021-05-19T12:58:04","date_gmt":"2021-05-19T10:58:04","guid":{"rendered":"https:\/\/www.carrerivegauche.com\/boutique-crg\/assiette-en-faience-de-moustiers-a-decor-de-chasse-aux-guepards-xviiie-siecle\/"},"modified":"2021-05-19T16:31:57","modified_gmt":"2021-05-19T14:31:57","slug":"assiette-en-faience-de-moustiers-a-decor-de-chasse-aux-guepards-xviiie-siecle","status":"publish","type":"product","link":"https:\/\/www.carrerivegauche.com\/fr\/boutique-crg\/assiette-en-faience-de-moustiers-a-decor-de-chasse-aux-guepards-xviiie-siecle\/","title":{"rendered":"Assiette en fa\u00efence de Moustiers \u00e0 d\u00e9cor de chasse aux gu\u00e9pards, XVIIIe si\u00e8cle."},"content":{"rendered":"<p class=\"font_8\" style=\"font-size: 17px;\"><span style=\"font-size:17px;\"><span style=\"font-family:din-next-w01-light\"><span style=\"font-weight:normal\"><span style=\"font-style:normal\"><span style=\"color:rgb(96, 96, 96)\"><span style=\"font-family:eb garamond,serif\">Earthenware<br \/>\n plate decorated in blue monochrome with a scene of hunting cheetahs<br \/>\nafter Tempesta in the center, frieze of foliage on the edge<\/span><\/span><\/span><\/span><\/span><\/span><\/p>\n<p class=\"font_8\" style=\"font-size: 17px;\"><span style=\"font-size:17px;\"><span style=\"font-family:din-next-w01-light\"><span style=\"font-weight:normal\"><span style=\"font-style:normal\"><span style=\"color:rgb(96, 96, 96)\"><span style=\"font-family:eb garamond,serif\">Manufacture Cl\u00e9rissy.<\/span><\/span><\/span><\/span><\/span><\/span><\/p>\n<p class=\"font_8\" style=\"font-size: 17px;\"><span style=\"font-size:17px;\"><span style=\"font-family:din-next-w01-light\"><span style=\"font-weight:normal\"><span style=\"font-style:normal\"><span style=\"color:rgb(96, 96, 96)\"><span style=\"font-family:eb garamond,serif\">FRANCE, Moustiers. 18th Century.<\/span><\/span><\/span><\/span><\/span><\/span><\/p>\n<p class=\"font_8\" style=\"font-size: 17px;\"><span style=\"font-size:17px;\"><span style=\"font-family:din-next-w01-light\"><span style=\"font-weight:normal\"><span style=\"font-style:normal\"><span style=\"color:rgb(96, 96, 96)\"><span style=\"font-family:eb garamond,serif\">Diameter: 24 cm.<\/span><\/span><\/span><\/span><\/span><\/span><\/p>\n","protected":false},"excerpt":{"rendered":"<p class=\"font_8\" style=\"font-size: 18px;\" data-mce-style=\"font-size: 18px;\"><span style=\"font-size: 18px;\" data-mce-style=\"font-size: 18px;\"><span style=\"font-family: din-next-w01-light;\" data-mce-style=\"font-family: din-next-w01-light;\"><span style=\"font-weight: normal;\" data-mce-style=\"font-weight: normal;\"><span style=\"font-style: normal;\" data-mce-style=\"font-style: normal;\"><span style=\"color: #606060;\" data-mce-style=\"color: #606060;\"><span style=\"font-family: eb garamond,serif;\" data-mce-style=\"font-family: eb garamond,serif;\">Assiette en fa\u00efence \u00e0 d\u00e9cor en cama\u00efeu bleu d\u2019une sc\u00e8ne de chasse aux gu\u00e9pards<br \/>d\u2019apr\u00e8s Tempesta au centre, frise de rinceaux feuillag\u00e9s sur le bord. <\/span><\/span><\/span><\/span><\/span><\/span><\/p>\n<p class=\"font_8\" style=\"font-size: 18px;\" data-mce-style=\"font-size: 18px;\"><span style=\"font-size: 18px;\" data-mce-style=\"font-size: 18px;\"><span style=\"font-family: din-next-w01-light;\" data-mce-style=\"font-family: din-next-w01-light;\"><span style=\"font-weight: normal;\" data-mce-style=\"font-weight: normal;\"><span style=\"font-style: normal;\" data-mce-style=\"font-style: normal;\"><span style=\"color: #606060;\" data-mce-style=\"color: #606060;\"><span style=\"font-family: eb garamond,serif;\" data-mce-style=\"font-family: eb garamond,serif;\">Manufacture Cl\u00e9rissy. <\/span><\/span><\/span><\/span><\/span><\/span><span style=\"font-size: 18px;\" data-mce-style=\"font-size: 18px;\"><span style=\"font-family: din-next-w01-light;\" data-mce-style=\"font-family: din-next-w01-light;\"><span style=\"font-weight: normal;\" data-mce-style=\"font-weight: normal;\"><span style=\"font-style: normal;\" data-mce-style=\"font-style: normal;\"><span style=\"color: #606060;\" data-mce-style=\"color: #606060;\"><span style=\"font-family: eb garamond,serif;\" data-mce-style=\"font-family: eb garamond,serif;\">FRANCE, Moustiers. Premi\u00e8re moiti\u00e9 du XVIIIe si\u00e8cle. <\/span><\/span><\/span><\/span><\/span><\/span><\/p>\n<p class=\"font_8\" style=\"font-size: 18px;\" data-mce-style=\"font-size: 18px;\"><span style=\"font-size: 18px;\" data-mce-style=\"font-size: 18px;\"><span style=\"font-family: din-next-w01-light;\" data-mce-style=\"font-family: din-next-w01-light;\"><span style=\"font-weight: normal;\" data-mce-style=\"font-weight: normal;\"><span style=\"font-style: normal;\" data-mce-style=\"font-style: normal;\"><span style=\"color: #606060;\" data-mce-style=\"color: #606060;\"><span style=\"font-family: eb garamond,serif;\" data-mce-style=\"font-family: eb garamond,serif;\">Diam\u00e8tre : 24 cm. <\/span><\/span><\/span><\/span><\/span><\/span><br \/><span style=\"font-size: 18px;\" data-mce-style=\"font-size: 18px;\"><span style=\"font-family: din-next-w01-light;\" data-mce-style=\"font-family: din-next-w01-light;\"><span style=\"font-weight: normal;\" data-mce-style=\"font-weight: normal;\"><span style=\"font-style: normal;\" data-mce-style=\"font-style: normal;\"><span style=\"color: #606060;\" data-mce-style=\"color: #606060;\"><span style=\"font-family: eb garamond,serif;\" data-mce-style=\"font-family: eb garamond,serif;\">Conservation: Manque d&rsquo;\u00e9mail repris en bordure.<\/span><\/span><\/span><\/span><\/span><\/span><\/p>\n","protected":false},"featured_media":10001,"template":"","meta":[],"product_brand":[],"product_cat":[239],"product_tag":[],"class_list":{"0":"post-10010","1":"product","2":"type-product","3":"status-publish","4":"has-post-thumbnail","6":"product_cat-bealu","7":"description-off","9":"first","10":"instock","11":"shipping-taxable","12":"purchasable","13":"product-type-simple"},"aioseo_notices":[],"_links":{"self":[{"href":"https:\/\/www.carrerivegauche.com\/fr\/wp-json\/wp\/v2\/product\/10010","targetHints":{"allow":["GET"]}}],"collection":[{"href":"https:\/\/www.carrerivegauche.com\/fr\/wp-json\/wp\/v2\/product"}],"about":[{"href":"https:\/\/www.carrerivegauche.com\/fr\/wp-json\/wp\/v2\/types\/product"}],"wp:featuredmedia":[{"embeddable":true,"href":"https:\/\/www.carrerivegauche.com\/fr\/wp-json\/wp\/v2\/media\/10001"}],"wp:attachment":[{"href":"https:\/\/www.carrerivegauche.com\/fr\/wp-json\/wp\/v2\/media?parent=10010"}],"wp:term":[{"taxonomy":"product_brand","embeddable":true,"href":"https:\/\/www.carrerivegauche.com\/fr\/wp-json\/wp\/v2\/product_brand?post=10010"},{"taxonomy":"product_cat","embeddable":true,"href":"https:\/\/www.carrerivegauche.com\/fr\/wp-json\/wp\/v2\/product_cat?post=10010"},{"taxonomy":"product_tag","embeddable":true,"href":"https:\/\/www.carrerivegauche.com\/fr\/wp-json\/wp\/v2\/product_tag?post=10010"}],"curies":[{"name":"wp","href":"https:\/\/api.w.org\/{rel}","templated":true}]}}