 

{"id":715,"date":"2020-04-16T10:40:46","date_gmt":"2020-04-16T08:40:46","guid":{"rendered":"http:\/\/tngkpad.cluster026.hosting.ovh.net\/?page_id=715"},"modified":"2021-05-17T11:49:55","modified_gmt":"2021-05-17T09:49:55","slug":"espace-adherents","status":"publish","type":"page","link":"https:\/\/www.carrerivegauche.com\/fr\/espace-adherents\/","title":{"rendered":"Espace adh\u00e9rents"},"content":{"rendered":"<div class=\"wpb-content-wrapper\"><p>[vc_row][vc_column][vc_column_text]<\/p>\n<h4 style=\"text-align: center;\"><strong>Acc\u00e8s \u00e0 l&rsquo;administration de votre page<\/strong><\/h4>\n<p style=\"text-align: center;\"><a href=\"https:\/\/www.carrerivegauche.com\/wp-admin\">www.carrerivegauche.com\/wp-admin<\/a><\/p>\n<p>[\/vc_column_text][vc_empty_space height=\u00a0\u00bb100px\u00a0\u00bb][vc_column_text]<\/p>\n<p style=\"text-align: center;\">Vous pouvez nous contacter pour une assistance technique par t\u00e9l\u00e9phone et par mail du lundi au vendredi de 9 h \u00e0 17 h.<\/p>\n<p style=\"text-align: center;\"><strong>Philippe Winckler<\/strong><br \/>\n<a href=\"mailto:contact@philippewinckler.com\">contact@philippewinckler.com<\/a><br \/>\n06 87 68 07 75<\/p>\n<p>[\/vc_column_text][vc_empty_space height=\u00a0\u00bb60px\u00a0\u00bb][vc_single_image image=\u00a0\u00bb7148&Prime; img_size=\u00a0\u00bb114&#215;132&Prime; alignment=\u00a0\u00bbcenter\u00a0\u00bb][\/vc_column][\/vc_row]<\/p>\n<\/div>","protected":false},"excerpt":{"rendered":"<p>[vc_row][vc_column][vc_column_text] Acc\u00e8s \u00e0 l&rsquo;administration de votre page www.carrerivegauche.com\/wp-admin [\/vc_column_text][vc_empty_space height=\u00a0\u00bb100px\u00a0\u00bb][vc_column_text] Vous pouvez nous contacter pour une assistance technique par t\u00e9l\u00e9phone et par mail du lundi au vendredi de 9 h \u00e0 17 h. Philippe Winckler contact@philippewinckler.com 06 87 68 07 75 [\/vc_column_text][vc_empty_space height=\u00a0\u00bb60px\u00a0\u00bb][vc_single_image image=\u00a0\u00bb7148&Prime; img_size=\u00a0\u00bb114&#215;132&Prime; alignment=\u00a0\u00bbcenter\u00a0\u00bb][\/vc_column][\/vc_row]<\/p>\n","protected":false},"author":1,"featured_media":0,"parent":0,"menu_order":20,"comment_status":"closed","ping_status":"closed","template":"","meta":{"footnotes":""},"class_list":["post-715","page","type-page","status-publish","hentry","description-off"],"aioseo_notices":[],"_links":{"self":[{"href":"https:\/\/www.carrerivegauche.com\/fr\/wp-json\/wp\/v2\/pages\/715","targetHints":{"allow":["GET"]}}],"collection":[{"href":"https:\/\/www.carrerivegauche.com\/fr\/wp-json\/wp\/v2\/pages"}],"about":[{"href":"https:\/\/www.carrerivegauche.com\/fr\/wp-json\/wp\/v2\/types\/page"}],"author":[{"embeddable":true,"href":"https:\/\/www.carrerivegauche.com\/fr\/wp-json\/wp\/v2\/users\/1"}],"replies":[{"embeddable":true,"href":"https:\/\/www.carrerivegauche.com\/fr\/wp-json\/wp\/v2\/comments?post=715"}],"version-history":[{"count":27,"href":"https:\/\/www.carrerivegauche.com\/fr\/wp-json\/wp\/v2\/pages\/715\/revisions"}],"predecessor-version":[{"id":9696,"href":"https:\/\/www.carrerivegauche.com\/fr\/wp-json\/wp\/v2\/pages\/715\/revisions\/9696"}],"wp:attachment":[{"href":"https:\/\/www.carrerivegauche.com\/fr\/wp-json\/wp\/v2\/media?parent=715"}],"curies":[{"name":"wp","href":"https:\/\/api.w.org\/{rel}","templated":true}]}}