 

{"id":70,"date":"2020-03-09T18:58:11","date_gmt":"2020-03-09T17:58:11","guid":{"rendered":"http:\/\/tngkpad.cluster026.hosting.ovh.net\/?page_id=70"},"modified":"2023-10-04T09:48:20","modified_gmt":"2023-10-04T07:48:20","slug":"contact-et-informations-pratiques","status":"publish","type":"page","link":"https:\/\/www.carrerivegauche.com\/fr\/contact-et-informations-pratiques\/","title":{"rendered":"Contact &#038; Informations pratiques"},"content":{"rendered":"<div class=\"wpb-content-wrapper\"><p>[vc_row][vc_column][vc_column_text]<\/p>\n<h3 style=\"text-align: center;\"><span style=\"color: #cca014;\">Informations pratiques<\/span><\/h3>\n<p>[\/vc_column_text][vc_empty_space][vc_column_text]<\/p>\n<p style=\"text-align: center;\">Les Galeries sont ouvertes du mardi au samedi de 11h00 \u00e0 19h00.<br \/>\nCertaines sont \u00e9galement ouvertes le lundi.<br \/>\nEn dehors de ces horaires, nous vous invitons \u00e0 contacter directement <a href=\"https:\/\/www.carrerivegauche.com\/fr\/galeries\/\">les Galeries<\/a> pour prendre rendez-vous.<\/p>\n<p style=\"text-align: center;\">Les Galeries sont g\u00e9n\u00e9ralement ferm\u00e9es les trois premi\u00e8res semaines du mois d&rsquo;ao\u00fbt.<\/p>\n<p>[\/vc_column_text][vc_empty_space][vc_column_text]<\/p>\n<p style=\"text-align: center;\"><strong>M\u00e9tros :<\/strong> Rue du Bac (Ligne 12) \/ Saint-Germain-des-Pr\u00e9s (Ligne 4) \/ Tuileries (Ligne 1) \/ Palais-Royal (Ligne 1 et 7)<br \/>\n<strong>Parkings :<\/strong>\u00a0Bac Montalembert (Acc\u00e8s par l\u2019angle rue du Bac et rue Montalembert) \/ Saint-Germain (Acc\u00e8s face au 169 boulevard Saint-Germain) \/ Louvre (Acc\u00e8s par le tunnel des Tuileries)<\/p>\n<p>[\/vc_column_text][vc_empty_space][\/vc_column][\/vc_row][vc_row][vc_column width=\u00a0\u00bb1\/4&Prime;][vc_column_text]\n<div class=\"wpcf7 no-js\" id=\"wpcf7-f3527-o1\" lang=\"fr-FR\" dir=\"ltr\" data-wpcf7-id=\"3527\">\n<div class=\"screen-reader-response\"><p role=\"status\" aria-live=\"polite\" aria-atomic=\"true\"><\/p> <ul><\/ul><\/div>\n<form action=\"\/fr\/wp-json\/wp\/v2\/pages\/70#wpcf7-f3527-o1\" method=\"post\" class=\"wpcf7-form init\" aria-label=\"Formulaire de contact\" novalidate=\"novalidate\" data-status=\"init\">\n<fieldset class=\"hidden-fields-container\"><input type=\"hidden\" name=\"_wpcf7\" value=\"3527\" \/><input type=\"hidden\" name=\"_wpcf7_version\" value=\"6.1\" \/><input type=\"hidden\" name=\"_wpcf7_locale\" value=\"fr_FR\" \/><input type=\"hidden\" name=\"_wpcf7_unit_tag\" value=\"wpcf7-f3527-o1\" \/><input type=\"hidden\" name=\"_wpcf7_container_post\" value=\"0\" \/><input type=\"hidden\" name=\"_wpcf7_posted_data_hash\" value=\"\" \/>\n<\/fieldset>\n<p><label> Nom*<br \/>\n<span class=\"wpcf7-form-control-wrap\" data-name=\"your-name\"><input size=\"40\" maxlength=\"400\" class=\"wpcf7-form-control wpcf7-text wpcf7-validates-as-required\" aria-required=\"true\" aria-invalid=\"false\" value=\"\" type=\"text\" name=\"your-name\" \/><\/span> <\/label>\n<\/p>\n<p><label> Email*<br \/>\n<span class=\"wpcf7-form-control-wrap\" data-name=\"your-email\"><input size=\"40\" maxlength=\"400\" class=\"wpcf7-form-control wpcf7-email wpcf7-validates-as-required wpcf7-text wpcf7-validates-as-email\" aria-required=\"true\" aria-invalid=\"false\" value=\"\" type=\"email\" name=\"your-email\" \/><\/span> <\/label>\n<\/p>\n<p><label> Ville*<br \/>\n<span class=\"wpcf7-form-control-wrap\" data-name=\"your-ville\"><input size=\"40\" maxlength=\"400\" class=\"wpcf7-form-control wpcf7-text wpcf7-validates-as-required\" aria-required=\"true\" aria-invalid=\"false\" value=\"\" type=\"text\" name=\"your-ville\" \/><\/span> <\/label>\n<\/p>\n<p><label> Pays*<br \/>\n<span class=\"wpcf7-form-control-wrap\" data-name=\"your-pays\"><input size=\"40\" maxlength=\"400\" class=\"wpcf7-form-control wpcf7-text wpcf7-validates-as-required\" aria-required=\"true\" aria-invalid=\"false\" value=\"\" type=\"text\" name=\"your-pays\" \/><\/span> <\/label>\n<\/p>\n<p><label> Votre message*<br \/>\n<span class=\"wpcf7-form-control-wrap\" data-name=\"your-message\"><textarea cols=\"40\" rows=\"10\" maxlength=\"2000\" class=\"wpcf7-form-control wpcf7-textarea wpcf7-validates-as-required\" aria-required=\"true\" aria-invalid=\"false\" name=\"your-message\"><\/textarea><\/span> <\/label>\n<\/p>\n<p><input class=\"wpcf7-form-control wpcf7-submit has-spinner\" type=\"submit\" value=\"Envoyer\" \/>\n<\/p><div class=\"wpcf7-response-output\" aria-hidden=\"true\"><\/div>\n<\/form>\n<\/div>\n[\/vc_column_text][\/vc_column][vc_column width=\u00a0\u00bb3\/4&Prime;][vc_column_text]<\/p>\n<p style=\"text-align: center;\"><span style=\"color: #cca146;\"><strong>Retrouvez les Galeries, les Antiquaires et les Amis du Carr\u00e9 Rive Gauche<\/strong><\/span><\/p>\n<p>[\/vc_column_text][vc_empty_space][vc_column_text]<iframe loading=\"lazy\" src=\"https:\/\/www.google.com\/maps\/d\/embed?mid=1Y6GASciDHxapczn36TF6uab3Uhs\" width=\"1600\" height=\"600\"><\/iframe>[\/vc_column_text][\/vc_column][\/vc_row]<\/p>\n<\/div>","protected":false},"excerpt":{"rendered":"<p>[vc_row][vc_column][vc_column_text] Informations pratiques [\/vc_column_text][vc_empty_space][vc_column_text] Les Galeries sont ouvertes du mardi au samedi de 11h00 \u00e0 19h00. Certaines sont \u00e9galement ouvertes le lundi. En dehors de ces horaires, nous vous invitons \u00e0 contacter directement les Galeries pour prendre rendez-vous. Les Galeries sont g\u00e9n\u00e9ralement ferm\u00e9es les trois premi\u00e8res semaines du mois d&rsquo;ao\u00fbt. [\/vc_column_text][vc_empty_space][vc_column_text] M\u00e9tros : Rue du&hellip;<\/p>\n","protected":false},"author":1,"featured_media":0,"parent":0,"menu_order":80,"comment_status":"closed","ping_status":"closed","template":"","meta":{"footnotes":""},"class_list":["post-70","page","type-page","status-publish","hentry","description-off"],"aioseo_notices":[],"_links":{"self":[{"href":"https:\/\/www.carrerivegauche.com\/fr\/wp-json\/wp\/v2\/pages\/70","targetHints":{"allow":["GET"]}}],"collection":[{"href":"https:\/\/www.carrerivegauche.com\/fr\/wp-json\/wp\/v2\/pages"}],"about":[{"href":"https:\/\/www.carrerivegauche.com\/fr\/wp-json\/wp\/v2\/types\/page"}],"author":[{"embeddable":true,"href":"https:\/\/www.carrerivegauche.com\/fr\/wp-json\/wp\/v2\/users\/1"}],"replies":[{"embeddable":true,"href":"https:\/\/www.carrerivegauche.com\/fr\/wp-json\/wp\/v2\/comments?post=70"}],"version-history":[{"count":20,"href":"https:\/\/www.carrerivegauche.com\/fr\/wp-json\/wp\/v2\/pages\/70\/revisions"}],"predecessor-version":[{"id":22694,"href":"https:\/\/www.carrerivegauche.com\/fr\/wp-json\/wp\/v2\/pages\/70\/revisions\/22694"}],"wp:attachment":[{"href":"https:\/\/www.carrerivegauche.com\/fr\/wp-json\/wp\/v2\/media?parent=70"}],"curies":[{"name":"wp","href":"https:\/\/api.w.org\/{rel}","templated":true}]}}