 

{"id":58,"date":"2020-03-09T18:56:23","date_gmt":"2020-03-09T17:56:23","guid":{"rendered":"http:\/\/tngkpad.cluster026.hosting.ovh.net\/?page_id=58"},"modified":"2025-02-13T23:57:57","modified_gmt":"2025-02-13T22:57:57","slug":"le-carre","status":"publish","type":"page","link":"https:\/\/www.carrerivegauche.com\/fr\/le-carre\/","title":{"rendered":"Le carr\u00e9"},"content":{"rendered":"<div class=\"wpb-content-wrapper\"><p>[vc_row][vc_column width=\u00a0\u00bb1\/4&Prime;][vc_single_image image=\u00a0\u00bb31079&Prime; img_size=\u00a0\u00bbfull\u00a0\u00bb css=\u00a0\u00bb\u00a0\u00bb][\/vc_column][vc_column width=\u00a0\u00bb3\/4&Prime;][vc_column_text css=\u00a0\u00bb\u00a0\u00bb]<\/p>\n<h1 style=\"text-align: center;\"><strong style=\"font-size: 14px;\" data-start=\"63\" data-end=\"108\">Bienvenue au Carr\u00e9 Rive Gauche\u00a0<\/strong><\/h1>\n<p style=\"text-align: left;\"><strong style=\"font-size: 14px;\" data-start=\"63\" data-end=\"108\">Fl\u00e2ner dans les rues du Carr\u00e9 Rive Gauche<\/strong><span style=\"font-size: 14px; font-weight: normal;\">, c\u2019est bien plus qu\u2019une simple promenade ! C\u2019est un v\u00e9ritable voyage \u00e0 travers les si\u00e8cles, un plongeon au c\u0153ur de 7000 ans d\u2019histoire et de tr\u00e9sors uniques, tout en \u00e9tant t\u00e9moin de l\u2019Histoire qui s\u2019\u00e9crit sous nos yeux.<\/span><\/p>\n<p data-start=\"1481\" data-end=\"1879\">Les <strong data-start=\"1485\" data-end=\"1518\">galeries du Carr\u00e9 Rive Gauche<\/strong>, cr\u00e9\u00e9es en 1977, sont devenues des r\u00e9f\u00e9rences incontournables, conseillant les grandes institutions et collectionneurs tout en soutenant l\u2019\u00e9mergence de courants artistiques. Avec leur s\u00e9lection de pi\u00e8ces rares, authentiques et d\u2019une qualit\u00e9 exceptionnelle, elles font du Carr\u00e9 un <strong data-start=\"1799\" data-end=\"1817\">passage oblig\u00e9<\/strong> pour d\u00e9nicher des tr\u00e9sors dans tous les domaines artistiques. Beaucoup de marchands sont \u00e9galement experts et appartiennent \u00e0 des syndicats de professionnels de l\u2019expertise ind\u00e9pendants, dont la comp\u00e9tence est unanimement reconnue en France et \u00e0 l&rsquo;internationale.<\/p>\n<p data-start=\"1881\" data-end=\"2251\">Le quartier continue de rayonner avec des <strong data-start=\"1923\" data-end=\"1947\">nouvelles ouvertures<\/strong>, comme celle des galeries <strong data-start=\"1974\" data-end=\"1993\">Abraham &amp; Wolff <\/strong>\u00a0et <strong data-start=\"1997\" data-end=\"2006\">Dutko<\/strong> et <strong>Chamagne<\/strong> en 2022 et 2024 qui proposent de l&rsquo;art contemporain et du design.<\/p>\n<div>\n<p data-start=\"330\" data-end=\"545\">Le quartier b\u00e9n\u00e9fice d&rsquo;une histoire prestigieuse qui commence au XVIIe si\u00e8cle. L\u2019imposant quadrilat\u00e8re situ\u00e9 au croisement de la rue du Bac et de la rue de Verneuil abritait la caserne des Mousquetaires gris, et un peu plus loin la maison de leur capitaine, le l\u00e9gendaire d&rsquo;Artagnan.<\/p>\n<p data-start=\"547\" data-end=\"978\">Au XVIIIe, l\u2019\u00eelot Saint-Germain devient le th\u00e9\u00e2tre des salons litt\u00e9raires de <strong data-start=\"624\" data-end=\"645\">Madame du Deffand<\/strong>, o\u00f9 se retrouvent les figures majeures du si\u00e8cle : Jean Le Rond D&rsquo;Alembert, Marivaux, Jacques-Germain Soufflot, \u00c9tienne Maurice Falconet&#8230; Un v\u00e9ritable tourbillon intellectuel o\u00f9 se croisent abb\u00e9s, courtisans, et dames de la Cour. En 1791, le quai de Seine est rebaptis\u00e9 quai Voltaire, en hommage \u00e0 l\u2019\u00e9crivain qui y mourut en 1778.<\/p>\n<p data-start=\"980\" data-end=\"1479\">Au XIXe et XXe si\u00e8cles, le quartier se transforme en un v\u00e9ritable <strong data-start=\"1046\" data-end=\"1084\">creuset artistique et intellectuel<\/strong>. <strong data-start=\"1086\" data-end=\"1212\">Juliette R\u00e9camier, Baudelaire, Modigliani, Dumas, Ingres, Max Ernst, Lacan, Nureyev, Misia Sert, Vivant-Denon, Oscar Wilde<\/strong>\u2026 Autant de noms qui ont marqu\u00e9 l\u2019histoire et qui ont laiss\u00e9 leur empreinte dans les rues du quartier. Aujourd\u2019hui encore, il n\u2019est pas rare de croiser des artistes, des \u00e9crivains, des compositeurs ou des com\u00e9diens, t\u00e9moignant de la <strong data-start=\"1445\" data-end=\"1470\">vitalit\u00e9 intemporelle<\/strong> du lieu.<\/p>\n<p data-start=\"1881\" data-end=\"2251\">\n<\/div>\n<p>[\/vc_column_text][vc_empty_space height=\u00a0\u00bb22px\u00a0\u00bb]<div class=\"hr-thin style-line accent-border-color\" style=\"width: 100%;\"><\/div>[vc_empty_space height=\u00a0\u00bb22px\u00a0\u00bb][vc_column_text css=\u00a0\u00bb\u00a0\u00bb]<\/p>\n<div><span style=\"color: #cca146;\"><strong><span class=\"\">Membres du bureau de l\u2019association \u00a0:<\/span><\/strong><\/span><\/div>\n<div><span class=\"\" style=\"color: #000000;\"><span class=\"\"><strong>Fran\u00e7ois-Xavier Chamagne, <\/strong>Pr\u00e9sident<\/span><\/span><\/div>\n<div><span class=\"\" style=\"color: #000000;\"><span class=\"\"><strong>Julie B\u00e9alu<\/strong>, Tr\u00e9sori\u00e8re<\/span><\/span><\/div>\n<div><span class=\"\" style=\"color: #000000;\"><span class=\"\"><strong>Laurence Werl\u00e9<\/strong>, Secr\u00e9taire G\u00e9n\u00e9ral<\/span><\/span><\/div>\n<div><span class=\"\" style=\"color: #000000;\"><span class=\"\"><b>M\u00e9lanie Baltazar<\/b>, Secr\u00e9taire<\/span><\/span><\/div>\n<p>[\/vc_column_text][vc_empty_space height=\u00a0\u00bb22px\u00a0\u00bb]<div class=\"hr-thin style-line accent-border-color\" style=\"width: 100%;\"><\/div>[vc_empty_space height=\u00a0\u00bb22px\u00a0\u00bb][vc_column_text]<strong><span style=\"color: #cca146;\">Nous rendre visite :<\/span><br \/>\n<\/strong><strong>M\u00e9tros :<\/strong> Rue du Bac (Ligne 12) \/ Saint-Germain-des-Pr\u00e9s (Ligne 4) \/ Tuileries (Ligne 1) \/ Palais-Royal (Ligne 1 et 7)<br \/>\n<strong>Parkings :<\/strong>\u00a0Bac Montalembert (Acc\u00e8s par l\u2019angle rue du Bac et rue Montalembert) \/ Saint-Germain (Acc\u00e8s face au 169 boulevard Saint-Germain) \/ Louvre (Acc\u00e8s par le tunnel des Tuileries)[\/vc_column_text][vc_empty_space]<div class=\"hr-thin style-line accent-border-color\" style=\"width: 100%;\"><\/div>[vc_empty_space][\/vc_column][\/vc_row]<\/p>\n<\/div>","protected":false},"excerpt":{"rendered":"<p>[vc_row][vc_column width=\u00a0\u00bb1\/4&Prime;][vc_single_image image=\u00a0\u00bb31079&Prime; img_size=\u00a0\u00bbfull\u00a0\u00bb css=\u00a0\u00bb\u00a0\u00bb][\/vc_column][vc_column width=\u00a0\u00bb3\/4&Prime;][vc_column_text css=\u00a0\u00bb\u00a0\u00bb] Bienvenue au Carr\u00e9 Rive Gauche\u00a0 Fl\u00e2ner dans les rues du Carr\u00e9 Rive Gauche, c\u2019est bien plus qu\u2019une simple promenade ! C\u2019est un v\u00e9ritable voyage \u00e0 travers les si\u00e8cles, un plongeon au c\u0153ur de 7000 ans d\u2019histoire et de tr\u00e9sors uniques, tout en \u00e9tant t\u00e9moin de l\u2019Histoire qui s\u2019\u00e9crit&hellip;<\/p>\n","protected":false},"author":1,"featured_media":0,"parent":0,"menu_order":10,"comment_status":"closed","ping_status":"closed","template":"","meta":{"footnotes":""},"class_list":["post-58","page","type-page","status-publish","hentry","description-off"],"aioseo_notices":[],"_links":{"self":[{"href":"https:\/\/www.carrerivegauche.com\/fr\/wp-json\/wp\/v2\/pages\/58","targetHints":{"allow":["GET"]}}],"collection":[{"href":"https:\/\/www.carrerivegauche.com\/fr\/wp-json\/wp\/v2\/pages"}],"about":[{"href":"https:\/\/www.carrerivegauche.com\/fr\/wp-json\/wp\/v2\/types\/page"}],"author":[{"embeddable":true,"href":"https:\/\/www.carrerivegauche.com\/fr\/wp-json\/wp\/v2\/users\/1"}],"replies":[{"embeddable":true,"href":"https:\/\/www.carrerivegauche.com\/fr\/wp-json\/wp\/v2\/comments?post=58"}],"version-history":[{"count":44,"href":"https:\/\/www.carrerivegauche.com\/fr\/wp-json\/wp\/v2\/pages\/58\/revisions"}],"predecessor-version":[{"id":31083,"href":"https:\/\/www.carrerivegauche.com\/fr\/wp-json\/wp\/v2\/pages\/58\/revisions\/31083"}],"wp:attachment":[{"href":"https:\/\/www.carrerivegauche.com\/fr\/wp-json\/wp\/v2\/media?parent=58"}],"curies":[{"name":"wp","href":"https:\/\/api.w.org\/{rel}","templated":true}]}}