 

{"id":3682,"date":"2020-06-18T09:23:55","date_gmt":"2020-06-18T07:23:55","guid":{"rendered":"https:\/\/www.carrerivegauche.com\/?page_id=3682"},"modified":"2025-07-02T18:16:31","modified_gmt":"2025-07-02T16:16:31","slug":"mentions-legales","status":"publish","type":"page","link":"https:\/\/www.carrerivegauche.com\/fr\/mentions-legales\/","title":{"rendered":"Mentions l\u00e9gales"},"content":{"rendered":"<div class=\"wpb-content-wrapper\"><p>[vc_row][vc_column][vc_column_text css=\u00a0\u00bb\u00a0\u00bb]<\/p>\n<h3>MENTIONS LE\u0301GALES<\/h3>\n<p>Ce site internet est \u00e9dit\u00e9 par l&rsquo;association : CARRE\u0301 RIVE GAUCHE<br \/>\nSie\u0300ge social : 16 rue des Saints-Pe\u0300res 75007 Paris \u2013 FRANCE<br \/>\nSIRET : 400 645 354<br \/>\nCarr\u00e9 Rive Gauche\u00a9 est une marque d\u00e9pos\u00e9e par l\u2019association.<\/p>\n<p>Courriel : <a href=\"mailto:contact@carrerivegauche.com\">contact@carrerivegauche.com<\/a><\/p>\n<p>Directeur de la publication : Le Bureau du Carr\u00e9 Rive Gauche<\/p>\n<p>Le Carr\u00e9 Rive Gauche est une association d\u2019antiquaires et de galeristes, cr\u00e9\u00e9e en 1977, au c\u0153ur du 7\u00e8me arrondissement de Paris. Le Carr\u00e9 Rive Gauche rend hommage \u00e0 l\u2019\u00e2me de ce quartier unique et propose \u00e0 ses visiteurs un voyage \u00e0 travers 7 000 ans d\u2019histoire des arts.<\/p>\n<p>Rue du Bac, rue de Beaune, rue de Lille, rue des Saints-P\u00e8res, rue de l\u2019Universit\u00e9, rue de Verneuil, quai Voltaire. Paris VII et VI.<\/p>\n<p>Re\u0301alisation Graphique et De\u0301veloppement : Philippe Winckler<br \/>\nAPI &#8211; D\u00e9veloppement et Int\u00e9gration : David Giorgi<\/p>\n<p>He\u0301bergement :<br \/>\nOVH<br \/>\nSAS au capital de 10 069 020 \u20ac<br \/>\nRCS Lille Me\u0301tropole 424 761 419 00045 \u2013 Code APE 2620Z N\u00b0 TVA : FR 22 424 761 419<br \/>\nSie\u0300ge social : 2 rue Kellermann \u2013 59100 Roubaix \u2013 France. Directeur de la publication : Octave KLABA<\/p>\n<p>La loi franc\u0327aise du 11 mars 1957 n\u2019autorise, aux termes des aline\u0301as 2 et 3 de l\u2019article 41, d\u2019une part, que les \u00ab copies ou reproductions strictement re\u0301serve\u0301es a\u0300 l\u2019usage prive\u0301 du copiste et non destine\u0301es a\u0300 une utilisation collective \u00bb et, d\u2019autre part, que les analyses et les courtes citations dans un but d\u2019exemple et d\u2019illustration (\u00ab toute repre\u0301sentation ou reproduction inte\u0301grale, ou partielle, faites sans le consentement de l\u2019auteur ou de ses ayants droit ou ayants cause, est illicite \u00bb \u2013 aline\u0301a 1er de l\u2019article 40).<\/p>\n<p>Toute repre\u0301sentation ou reproduction abusive du site www.carrerivegauche.com, par quelque proce\u0301dure que ce soit, constituerait donc une contrefac\u0327on sanctionne\u0301e par les articles 425 et suivants du Code pe\u0301nal.<\/p>\n<p>Les textes mis en ligne sur le site www.carrerivegauche.com, sauf mentions particulie\u0300res, sont la proprie\u0301te\u0301 intellectuelle et le\u0301gale de leur auteur.<br \/>\nSauf accord express, le site www.carrerivegauche.com n\u2019autorise pas la reproduction des articles produits et du texte qui les accompagne.<\/p>\n<p>Dans tous les cas, ces textes originaux ne peuvent e\u0302tre cite\u0301s qu\u2019a\u0300 condition de pre\u0301venir l\u2019auteur.<br \/>\nLes liens pre\u0301sents sur ce site peuvent orienter l\u2019utilisateur sur des sites exte\u0301rieurs dont le contenu ne peut en aucune manie\u0300re engager la responsabilite\u0301 de la re\u0301daction du site www.carrerivegauche.com<\/p>\n<p>www.carrerivegauche.com peut, a\u0300 tout moment, sans pre\u0301avis, apporter des ame\u0301liorations ou des changements aux services de\u0301crits sur ce site.<\/p>\n<hr \/>\n<p>&nbsp;<\/p>\n<h3><strong>Re\u0300glement Ge\u0301ne\u0301ral sur la Protection des Donne\u0301es (RGPD).<\/strong><\/h3>\n<p>Nous vous rappelons que vous disposez, conforme\u0301ment a\u0300 la loi \u00ab Informatique et Liberte\u0301s \u00bb du 6 janvier 1978 modifie\u0301e et au Re\u0300glement ge\u0301ne\u0301ral sur la protection des donne\u0301es du 27 avril 2016, d\u2019un droit d\u2019acce\u0300s, de rectification et d\u2019effacement des donne\u0301es vous concernant, d\u2019opposition et de limitation du traitement de ces donne\u0301es, ainsi que d\u2019un droit a\u0300 la portabilite\u0301 de vos donne\u0301es. Vous pouvez l\u2019exercer par courrier e\u0301lectronique aupre\u0300s de <a href=\"mailto:contact@carrerivegauche.com\">contact@carrerivegauche.com<\/a><\/p>\n<p>En effectuant une demande d\u2019information via notre formulaire, vous acceptez et comprenez que nous pouvons conserver et traiter vos donne\u0301es personnelles. L&rsquo;association CARRE\u0301 RIVE GAUCHE respecte totalement la vie prive\u0301e des personnes utilisant ce formulaire, et que vos donne\u0301es personnelles ne peuvent e\u0302tre utilise\u0301es par l&rsquo;association CARRE\u0301 RIVE GAUCHE que pour l\u2019usage strict des demandes lie\u0301es a\u0300 son activite\u0301.<br \/>\nL&rsquo;association CARRE\u0301 RIVE GAUCHE respecte totalement la vie prive\u0301e des personnes et ne peut diffuser vos donne\u0301es personnelles a\u0300 un tiers.[\/vc_column_text][vc_empty_space][\/vc_column][\/vc_row]<\/p>\n<\/div>","protected":false},"excerpt":{"rendered":"<p>[vc_row][vc_column][vc_column_text css=\u00a0\u00bb\u00a0\u00bb] MENTIONS LE\u0301GALES Ce site internet est \u00e9dit\u00e9 par l&rsquo;association : CARRE\u0301 RIVE GAUCHE Sie\u0300ge social : 16 rue des Saints-Pe\u0300res 75007 Paris \u2013 FRANCE SIRET : 400 645 354 Carr\u00e9 Rive Gauche\u00a9 est une marque d\u00e9pos\u00e9e par l\u2019association. Courriel : contact@carrerivegauche.com Directeur de la publication : Le Bureau du Carr\u00e9 Rive Gauche Le&hellip;<\/p>\n","protected":false},"author":1,"featured_media":0,"parent":0,"menu_order":60,"comment_status":"closed","ping_status":"closed","template":"","meta":{"footnotes":""},"class_list":["post-3682","page","type-page","status-publish","hentry","description-off"],"aioseo_notices":[],"_links":{"self":[{"href":"https:\/\/www.carrerivegauche.com\/fr\/wp-json\/wp\/v2\/pages\/3682","targetHints":{"allow":["GET"]}}],"collection":[{"href":"https:\/\/www.carrerivegauche.com\/fr\/wp-json\/wp\/v2\/pages"}],"about":[{"href":"https:\/\/www.carrerivegauche.com\/fr\/wp-json\/wp\/v2\/types\/page"}],"author":[{"embeddable":true,"href":"https:\/\/www.carrerivegauche.com\/fr\/wp-json\/wp\/v2\/users\/1"}],"replies":[{"embeddable":true,"href":"https:\/\/www.carrerivegauche.com\/fr\/wp-json\/wp\/v2\/comments?post=3682"}],"version-history":[{"count":6,"href":"https:\/\/www.carrerivegauche.com\/fr\/wp-json\/wp\/v2\/pages\/3682\/revisions"}],"predecessor-version":[{"id":31438,"href":"https:\/\/www.carrerivegauche.com\/fr\/wp-json\/wp\/v2\/pages\/3682\/revisions\/31438"}],"wp:attachment":[{"href":"https:\/\/www.carrerivegauche.com\/fr\/wp-json\/wp\/v2\/media?parent=3682"}],"curies":[{"name":"wp","href":"https:\/\/api.w.org\/{rel}","templated":true}]}}