 

{"id":1006,"date":"2020-04-30T16:16:28","date_gmt":"2020-04-30T14:16:28","guid":{"rendered":"http:\/\/tngkpad.cluster026.hosting.ovh.net\/?page_id=1006"},"modified":"2020-04-30T16:44:33","modified_gmt":"2020-04-30T14:44:33","slug":"conciergerie","status":"publish","type":"page","link":"https:\/\/www.carrerivegauche.com\/fr\/conciergerie\/","title":{"rendered":"Conciergerie"},"content":{"rendered":"<div class=\"wpb-content-wrapper\"><p>[vc_row][vc_column width=\u00a0\u00bb1\/4&Prime;][vc_single_image image=\u00a0\u00bb1010&Prime; img_size=\u00a0\u00bbfull\u00a0\u00bb][\/vc_column][vc_column width=\u00a0\u00bb3\/4&Prime;][vc_column_text]<\/p>\n<h3><span style=\"color: #cca146;\">La Conciergerie du Carr\u00e9<\/span><br \/>\n<span style=\"color: #cca146;\">Service r\u00e9serv\u00e9 aux h\u00f4tels<\/span><\/h3>\n<p>Service offert du lundi au vendredi, de 10 h \u00e0 18 h 00 (toute l\u2019ann\u00e9e)<\/p>\n<p><strong>La Conciergerie du Carr\u00e9.<\/strong><br \/>\nLes 110 galeries et antiquaires du Carr\u00e9 Rive Gauche vous proposent de recevoir vos clients, en leur offrant un accueil VIP.<\/p>\n<p>Il vous suffit de nous contacter par t\u00e9l\u00e9phone, du lundi au vendredi, de 10 h \u00e0 18 h 00 (toute l\u2019ann\u00e9e) et nous vous aiderons \u00e0 proposer les meilleures r\u00e9ponses aux demandes de vos clients privil\u00e9gi\u00e9s.<\/p>\n<p>Ensemble nous identifierons pr\u00e9cis\u00e9ment leurs souhaits : antiquaires, galeries d\u2019art ou plus largement d\u00e9couverte des arts d\u00e9coratifs ? Nous serons ainsi en capacit\u00e9 d\u2019honorer toutes les demandes, y compris les plus sp\u00e9cifiques, comme par exemple : la porcelaine chinoise du XVIIIe si\u00e8cle, les antiquit\u00e9s \u00e9gyptiennes, la photographie, la sculpture, la peinture flamande, le mobilier marquet\u00e9, les pendules anciennes, le mobilier design ou encore la peinture contemporaine\u2026Nous pouvons m\u00eame nous charger de la r\u00e9servation d\u2019une table dans l\u2019un des restaurants du quartier !<\/p>\n<p>Apr\u00e8s ce rapide \u00e9change, et en fonction des langues parl\u00e9es par vos clients, vous leur proposerez de se rendre \u00e0 l\u2019adresse que nous vous indiquerons.<\/p>\n<p>\u00c0 leur arriv\u00e9e, nous les recevrons dans leur langue, chez le meilleur sp\u00e9cialiste de notre association. Un accueil privil\u00e9gi\u00e9 leur sera r\u00e9serv\u00e9.<\/p>\n<p><strong>Adresse mail :<\/strong><br \/>\n<a href=\"mailto:contact@carrerivegauche.com\">contact@carrerivegauche.com<\/a><\/p>\n<p>Du lundi au vendredi, de 10 h \u00e0 18 h 00<br \/>\nService gratuit, accessible toute l\u2019ann\u00e9e.[\/vc_column_text][\/vc_column][\/vc_row]<\/p>\n<\/div>","protected":false},"excerpt":{"rendered":"<p>[vc_row][vc_column width=\u00a0\u00bb1\/4&Prime;][vc_single_image image=\u00a0\u00bb1010&Prime; img_size=\u00a0\u00bbfull\u00a0\u00bb][\/vc_column][vc_column width=\u00a0\u00bb3\/4&Prime;][vc_column_text] La Conciergerie du Carr\u00e9 Service r\u00e9serv\u00e9 aux h\u00f4tels Service offert du lundi au vendredi, de 10 h \u00e0 18 h 00 (toute l\u2019ann\u00e9e) La Conciergerie du Carr\u00e9. Les 110 galeries et antiquaires du Carr\u00e9 Rive Gauche vous proposent de recevoir vos clients, en leur offrant un accueil VIP. Il vous&hellip;<\/p>\n","protected":false},"author":1,"featured_media":0,"parent":0,"menu_order":90,"comment_status":"closed","ping_status":"closed","template":"","meta":{"footnotes":""},"class_list":["post-1006","page","type-page","status-publish","hentry","description-off"],"aioseo_notices":[],"_links":{"self":[{"href":"https:\/\/www.carrerivegauche.com\/fr\/wp-json\/wp\/v2\/pages\/1006","targetHints":{"allow":["GET"]}}],"collection":[{"href":"https:\/\/www.carrerivegauche.com\/fr\/wp-json\/wp\/v2\/pages"}],"about":[{"href":"https:\/\/www.carrerivegauche.com\/fr\/wp-json\/wp\/v2\/types\/page"}],"author":[{"embeddable":true,"href":"https:\/\/www.carrerivegauche.com\/fr\/wp-json\/wp\/v2\/users\/1"}],"replies":[{"embeddable":true,"href":"https:\/\/www.carrerivegauche.com\/fr\/wp-json\/wp\/v2\/comments?post=1006"}],"version-history":[{"count":3,"href":"https:\/\/www.carrerivegauche.com\/fr\/wp-json\/wp\/v2\/pages\/1006\/revisions"}],"predecessor-version":[{"id":1011,"href":"https:\/\/www.carrerivegauche.com\/fr\/wp-json\/wp\/v2\/pages\/1006\/revisions\/1011"}],"wp:attachment":[{"href":"https:\/\/www.carrerivegauche.com\/fr\/wp-json\/wp\/v2\/media?parent=1006"}],"curies":[{"name":"wp","href":"https:\/\/api.w.org\/{rel}","templated":true}]}}