 

{"id":3676,"date":"2020-06-18T09:09:07","date_gmt":"2020-06-18T07:09:07","guid":{"rendered":"https:\/\/www.carrerivegauche.com\/?page_id=3676"},"modified":"2025-07-02T18:17:46","modified_gmt":"2025-07-02T16:17:46","slug":"legal-notice","status":"publish","type":"page","link":"https:\/\/www.carrerivegauche.com\/en\/legal-notice\/","title":{"rendered":"Legal notice"},"content":{"rendered":"<div class=\"wpb-content-wrapper\"><p>[vc_row][vc_column][vc_column_text css=&#8221;&#8221;]<\/p>\n<h3><strong>LEGAL NOTICE<\/strong><\/h3>\n<p>This website is edited by the association : CARR\u00c9 RIVE GAUCHE<br \/>\nHead office : 16 rue des Saints-P\u00e8res 75007 Paris &#8211; FRANCE<br \/>\nSIRET : 400 645 354<br \/>\nCarr\u00e9 Rive Gauche \u00a9 is a registered trademark of the association.<\/p>\n<p>E-mail: <a href=\"mailto:contact@carrerivegauche.com\">contact@carrerivegauche.com<\/a><\/p>\n<p>Director of publication: Le Bureau du Carr\u00e9 Rive Gauche<\/p>\n<p>Le Carr\u00e9 Rive Gauche is an association of antique dealers and gallery owners, created in 1977, in the heart of the 7th arrondissement of Paris. The Carr\u00e9 Rive Gauche pays tribute to the soul of this unique district and offers its visitors a journey through 7,000 years of art history.<\/p>\n<p>Rue du Bac, rue de Beaune, rue de Lille, rue des Saints-P\u00e8res, rue de l\u2019Universit\u00e9, rue de Verneuil, quai Voltaire. Paris VII et VI.<\/p>\n<p>Graphic Realization and Development : Philippe Winckler<br \/>\nAPI &#8211; Development and Integration : David Giorgi<\/p>\n<p>Lodging :<br \/>\nOVH<br \/>\nSAS with capital of \u20ac10,069,020<br \/>\nRCS Lille M\u00e9tropole 424 761 419 00045 &#8211; Code APE 2620Z VAT No.: FR 22 424 761 419<br \/>\nHead office: 2 rue Kellermann &#8211; 59100 Roubaix &#8211; France. Director of publication: Octave KLABA<\/p>\n<p>The French law of 11 March 1957 authorises, under the terms of paragraphs 2 and 3 of Article 41, on the one hand, only &#8220;copies or reproductions strictly reserved for the private use of the copyist and not intended for collective use&#8221; and, on the other hand, only analyses and short quotations for purposes of example and illustration (&#8220;any representation or reproduction in whole or in part, made without the consent of the author or his successors in title or assigns, is unlawful&#8221; &#8211; paragraph 1 of Article 40).<\/p>\n<p>Any abusive representation or reproduction of the site www.carrerivegauche.com, by any procedure whatsoever, would therefore constitute an infringement punishable by articles 425 and following of the Penal Code.<\/p>\n<p>The texts put online on the www.carrerivegauche.com website, unless otherwise stated, are the intellectual and legal property of their author.<br \/>\nExcept with express agreement, the site www.carrerivegauche.com does not authorise the reproduction of the articles produced and the text that accompanies them.<\/p>\n<p>In any case, these original texts may only be cited if the author is notified.<br \/>\nThe links present on this site can direct the user to external sites whose content can in no way engage the responsibility of the editorial staff of the site www.carrerivegauche.com.<\/p>\n<p>www.carrerivegauche.com may, at any time, without notice, make improvements or changes to the services described on this site.<\/p>\n<hr \/>\n<p>&nbsp;<\/p>\n<h3><strong>General Regulation on Data Protection (RGPD).<\/strong><\/h3>\n<p>We remind you that you have, in accordance with the French Data Protection Act of 6 January 1978 as amended and the General Data Protection Regulations of 27 April 2016, a right of access, rectification and deletion of data concerning you, the right to object to and limit the processing of such data, as well as the right to the portability of your data. You can exercise this right by e-mail to <a href=\"mailto:contact@carrerivegauche.com\">contact@carrerivegauche.com<\/a>.<\/p>\n<p>By making a request for information via our form, you agree and understand that we may store and process your personal data. The CARR\u00c9 RIVE GAUCHE association fully respects the privacy of the people using this form, and that your personal data can only be used by the CARR\u00c9 RIVE GAUCHE association for the strict use of requests related to its activity.<br \/>\nThe CARR\u00c9 RIVE GAUCHE association fully respects the privacy of individuals and cannot divulge your personal data to a third party.[\/vc_column_text][vc_empty_space][\/vc_column][\/vc_row]<\/p>\n<\/div>","protected":false},"excerpt":{"rendered":"<p>[vc_row][vc_column][vc_column_text css=&#8221;&#8221;] LEGAL NOTICE This website is edited by the association : CARR\u00c9 RIVE GAUCHE Head office : 16 rue des Saints-P\u00e8res 75007 Paris &#8211; FRANCE SIRET : 400 645 354 Carr\u00e9 Rive Gauche \u00a9 is a registered trademark of the association. E-mail: contact@carrerivegauche.com Director of publication: Le Bureau du Carr\u00e9 Rive Gauche Le Carr\u00e9&hellip;<\/p>\n","protected":false},"author":1,"featured_media":0,"parent":0,"menu_order":60,"comment_status":"closed","ping_status":"closed","template":"","meta":{"footnotes":""},"class_list":["post-3676","page","type-page","status-publish","hentry","description-off"],"aioseo_notices":[],"_links":{"self":[{"href":"https:\/\/www.carrerivegauche.com\/en\/wp-json\/wp\/v2\/pages\/3676","targetHints":{"allow":["GET"]}}],"collection":[{"href":"https:\/\/www.carrerivegauche.com\/en\/wp-json\/wp\/v2\/pages"}],"about":[{"href":"https:\/\/www.carrerivegauche.com\/en\/wp-json\/wp\/v2\/types\/page"}],"author":[{"embeddable":true,"href":"https:\/\/www.carrerivegauche.com\/en\/wp-json\/wp\/v2\/users\/1"}],"replies":[{"embeddable":true,"href":"https:\/\/www.carrerivegauche.com\/en\/wp-json\/wp\/v2\/comments?post=3676"}],"version-history":[{"count":8,"href":"https:\/\/www.carrerivegauche.com\/en\/wp-json\/wp\/v2\/pages\/3676\/revisions"}],"predecessor-version":[{"id":31440,"href":"https:\/\/www.carrerivegauche.com\/en\/wp-json\/wp\/v2\/pages\/3676\/revisions\/31440"}],"wp:attachment":[{"href":"https:\/\/www.carrerivegauche.com\/en\/wp-json\/wp\/v2\/media?parent=3676"}],"curies":[{"name":"wp","href":"https:\/\/api.w.org\/{rel}","templated":true}]}}