 

{"id":3367,"date":"2020-06-10T18:58:19","date_gmt":"2020-06-10T16:58:19","guid":{"rendered":"http:\/\/tngkpad.cluster026.hosting.ovh.net\/?page_id=3367"},"modified":"2020-06-10T18:58:19","modified_gmt":"2020-06-10T16:58:19","slug":"conciergerie","status":"publish","type":"page","link":"https:\/\/www.carrerivegauche.com\/en\/conciergerie\/","title":{"rendered":"Conciergerie"},"content":{"rendered":"<div class=\"wpb-content-wrapper\"><p>[vc_row][vc_column width=&#8221;1\/4&#8243;][vc_single_image image=&#8221;1616&#8243; img_size=&#8221;full&#8221;][\/vc_column][vc_column width=&#8221;3\/4&#8243;][vc_column_text]<\/p>\n<h3><span style=\"color: #cca146;\">Concierge service<\/span><br \/>\n<span style=\"color: #cca146;\">Service reserved for hotels<\/span><\/h3>\n<p>Service available Monday to Friday, 10 a.m. to 6 p.m. (year-round)<\/p>\n<p><strong>La Conciergerie du Carr\u00e9.<\/strong><br \/>\nLes 110 galeries et antiquaires du Carr\u00e9 Rive Gauche vous proposent de recevoir vos clients, en leur offrant un accueil VIP.<\/p>\n<p>Il vous suffit de nous contacter par t\u00e9l\u00e9phone, du lundi au vendredi, de 10 h \u00e0 18 h 00 (toute l\u2019ann\u00e9e) et nous vous aiderons \u00e0 proposer les meilleures r\u00e9ponses aux demandes de vos clients privil\u00e9gi\u00e9s.<\/p>\n<p>Ensemble nous identifierons pr\u00e9cis\u00e9ment leurs souhaits : antiquaires, galeries d\u2019art ou plus largement d\u00e9couverte des arts d\u00e9coratifs ? Nous serons ainsi en capacit\u00e9 d\u2019honorer toutes les demandes, y compris les plus sp\u00e9cifiques, comme par exemple : la porcelaine chinoise du XVIIIe si\u00e8cle, les antiquit\u00e9s \u00e9gyptiennes, la photographie, la sculpture, la peinture flamande, le mobilier marquet\u00e9, les pendules anciennes, le mobilier design ou encore la peinture contemporaine\u2026Nous pouvons m\u00eame nous charger de la r\u00e9servation d\u2019une table dans l\u2019un des restaurants du quartier !<\/p>\n<p>Apr\u00e8s ce rapide \u00e9change, et en fonction des langues parl\u00e9es par vos clients, vous leur proposerez de se rendre \u00e0 l\u2019adresse que nous vous indiquerons.<\/p>\n<p>\u00c0 leur arriv\u00e9e, nous les recevrons dans leur langue, chez le meilleur sp\u00e9cialiste de notre association. Un accueil privil\u00e9gi\u00e9 leur sera r\u00e9serv\u00e9.<\/p>\n<p><strong>Mail adress:<\/strong><br \/>\n<a href=\"mailto:contact@carrerivegauche.com\">contact@carrerivegauche.com<\/a><\/p>\n<p>Monday to Friday, 10 am to 6 pm<br \/>\nFree service, accessible all year round.[\/vc_column_text][\/vc_column][\/vc_row]<\/p>\n<\/div>","protected":false},"excerpt":{"rendered":"<p>[vc_row][vc_column width=&#8221;1\/4&#8243;][vc_single_image image=&#8221;1616&#8243; img_size=&#8221;full&#8221;][\/vc_column][vc_column width=&#8221;3\/4&#8243;][vc_column_text] Concierge service Service reserved for hotels Service available Monday to Friday, 10 a.m. to 6 p.m. (year-round) La Conciergerie du Carr\u00e9. Les 110 galeries et antiquaires du Carr\u00e9 Rive Gauche vous proposent de recevoir vos clients, en leur offrant un accueil VIP. Il vous suffit de nous contacter par t\u00e9l\u00e9phone,&hellip;<\/p>\n","protected":false},"author":1,"featured_media":0,"parent":0,"menu_order":90,"comment_status":"closed","ping_status":"closed","template":"","meta":{"footnotes":""},"class_list":["post-3367","page","type-page","status-publish","hentry","description-off"],"aioseo_notices":[],"_links":{"self":[{"href":"https:\/\/www.carrerivegauche.com\/en\/wp-json\/wp\/v2\/pages\/3367","targetHints":{"allow":["GET"]}}],"collection":[{"href":"https:\/\/www.carrerivegauche.com\/en\/wp-json\/wp\/v2\/pages"}],"about":[{"href":"https:\/\/www.carrerivegauche.com\/en\/wp-json\/wp\/v2\/types\/page"}],"author":[{"embeddable":true,"href":"https:\/\/www.carrerivegauche.com\/en\/wp-json\/wp\/v2\/users\/1"}],"replies":[{"embeddable":true,"href":"https:\/\/www.carrerivegauche.com\/en\/wp-json\/wp\/v2\/comments?post=3367"}],"version-history":[{"count":2,"href":"https:\/\/www.carrerivegauche.com\/en\/wp-json\/wp\/v2\/pages\/3367\/revisions"}],"predecessor-version":[{"id":3369,"href":"https:\/\/www.carrerivegauche.com\/en\/wp-json\/wp\/v2\/pages\/3367\/revisions\/3369"}],"wp:attachment":[{"href":"https:\/\/www.carrerivegauche.com\/en\/wp-json\/wp\/v2\/media?parent=3367"}],"curies":[{"name":"wp","href":"https:\/\/api.w.org\/{rel}","templated":true}]}}