 

{"id":2357,"date":"2020-03-09T18:57:18","date_gmt":"2020-03-09T17:57:18","guid":{"rendered":"http:\/\/tngkpad.cluster026.hosting.ovh.net\/partenaires\/"},"modified":"2024-05-06T19:40:15","modified_gmt":"2024-05-06T17:40:15","slug":"partenaires","status":"publish","type":"page","link":"https:\/\/www.carrerivegauche.com\/en\/partenaires\/","title":{"rendered":"Partners"},"content":{"rendered":"<div class=\"wpb-content-wrapper\"><p>[vc_row][vc_column width=&#8221;1\/4&#8243;][vc_single_image image=&#8221;19266&#8243; img_size=&#8221;full&#8221; alignment=&#8221;center&#8221; onclick=&#8221;custom_link&#8221; img_link_target=&#8221;_blank&#8221; link=&#8221;https:\/\/www.culture.gouv.fr\/en&#8221;][vc_empty_space height=&#8221;10px&#8221;][vc_column_text]<\/p>\n<p style=\"text-align: center;\"><span style=\"color: #cca146;\"><b><a style=\"color: #cca146;\" href=\"https:\/\/www.culture.gouv.fr\/zh\" target=\"_blank\" rel=\"noopener noreferrer\">Minist\u00e8re de la Culture<\/a><br \/>\n<\/b><\/span>French Republic.<\/p>\n<p>[\/vc_column_text][\/vc_column][vc_column width=&#8221;1\/4&#8243;][vc_single_image image=&#8221;1397&#8243; img_size=&#8221;full&#8221; alignment=&#8221;center&#8221; onclick=&#8221;custom_link&#8221; img_link_target=&#8221;_blank&#8221; link=&#8221;https:\/\/www.mairie07.paris.fr\/&#8221;][vc_empty_space height=&#8221;10px&#8221;][vc_column_text]<\/p>\n<p style=\"text-align: center;\"><span style=\"color: #cca146;\"><b><a style=\"color: #cca146;\" href=\"https:\/\/www.mairie07.paris.fr\/\" target=\"_blank\" rel=\"noopener noreferrer\">Mairie 7e<\/a><\/b><\/span><br \/>\nCity Hall of the 7th arrondissement of Paris<\/p>\n<p>[\/vc_column_text][\/vc_column][vc_column width=&#8221;1\/4&#8243;][vc_single_image image=&#8221;24089&#8243; img_size=&#8221;full&#8221; alignment=&#8221;center&#8221; onclick=&#8221;custom_link&#8221; img_link_target=&#8221;_blank&#8221; link=&#8221;https:\/\/www.appia-art.fr\/&#8221;][vc_empty_space height=&#8221;10px&#8221;][vc_column_text]<\/p>\n<p style=\"text-align: center;\"><span style=\"color: #cca146;\"><b><a style=\"color: #cca146;\" href=\"https:\/\/www.appia-art.fr\/\" target=\"_blank\" rel=\"noopener noreferrer\">APPIA<\/a><br \/>\n<\/b><\/span>Art &amp; Assrance.<\/p>\n<p>[\/vc_column_text][\/vc_column][vc_column width=&#8221;1\/4&#8243;][vc_single_image image=&#8221;1403&#8243; img_size=&#8221;full&#8221; alignment=&#8221;center&#8221; onclick=&#8221;custom_link&#8221; img_link_target=&#8221;_blank&#8221; link=&#8221;https:\/\/www.hotellutetia.com\/fr&#8221;][vc_empty_space height=&#8221;10px&#8221;][vc_column_text]<\/p>\n<p style=\"text-align: center;\"><span style=\"color: #cca146;\"><b><a style=\"color: #cca146;\" href=\"https:\/\/www.hotellutetia.com\/fr\" target=\"_blank\" rel=\"noopener noreferrer\">LVTETIA Rive Gauche, Paris<\/a><br \/>\n<\/b><\/span>More than a luxury hotel, the Lutetia is the spirit of Paris.<\/p>\n<p>[\/vc_column_text][\/vc_column][\/vc_row][vc_row][vc_column][vc_empty_space height=&#8221;60px&#8221;][\/vc_column][\/vc_row][vc_row][vc_column width=&#8221;1\/4&#8243;][vc_single_image image=&#8221;19284&#8243; img_size=&#8221;full&#8221; alignment=&#8221;center&#8221; onclick=&#8221;custom_link&#8221; img_link_target=&#8221;_blank&#8221; link=&#8221;https:\/\/www.convelio.com\/&#8221;][vc_empty_space height=&#8221;10px&#8221;][vc_column_text]<\/p>\n<p style=\"text-align: center;\"><span style=\"color: #cca146;\"><b><a style=\"color: #cca146;\" href=\"https:\/\/www.convelio.com\/\" target=\"_blank\" rel=\"noopener noreferrer\">Convelio<\/a><br \/>\n<\/b><\/span>Transport international haut de gamme.<\/p>\n<p>[\/vc_column_text][\/vc_column][vc_column width=&#8221;1\/4&#8243;][vc_single_image image=&#8221;7103&#8243; img_size=&#8221;full&#8221; alignment=&#8221;center&#8221; onclick=&#8221;custom_link&#8221; img_link_target=&#8221;_blank&#8221; link=&#8221;http:\/\/www.lacompagniedesarts.eu\/&#8221;][vc_empty_space height=&#8221;10px&#8221;][vc_column_text]<\/p>\n<p style=\"text-align: center;\"><span style=\"color: #cca146;\"><b><a style=\"color: #cca146;\" href=\"http:\/\/www.lacompagniedesarts.eu\/\" target=\"_blank\" rel=\"noopener noreferrer\">La Compagnie des Arts<\/a><br \/>\n<\/b><\/span>Sp\u00e9cialiste dans l&#8217;assurance des \u0153uvres d&#8217;arts et des professionnels de l&#8217;art \u00e0 travers le monde<\/p>\n<p>[\/vc_column_text][\/vc_column][vc_column width=&#8221;1\/4&#8243;][vc_single_image image=&#8221;25019&#8243; img_size=&#8221;full&#8221; alignment=&#8221;center&#8221; onclick=&#8221;custom_link&#8221; img_link_target=&#8221;_blank&#8221; link=&#8221;https:\/\/www.sfrevision.com\/&#8221;][vc_empty_space height=&#8221;10px&#8221;][vc_column_text]<\/p>\n<p style=\"text-align: center;\"><span style=\"color: #cca146;\"><b><a style=\"color: #cca146;\" href=\"https:\/\/www.sfrevision.com\/\" target=\"_blank\" rel=\"noopener noreferrer\">Soci\u00e9t\u00e9 Fiduciaire de R\u00e9vision<\/a><br \/>\n<\/b><\/span>Cabinet d\u2019Expertise Comptable au c\u0153ur du quartier de la Bourse \u00e0 Paris depuis 1961<\/p>\n<p>[\/vc_column_text][\/vc_column][vc_column width=&#8221;1\/4&#8243;][vc_single_image image=&#8221;19280&#8243; img_size=&#8221;full&#8221; alignment=&#8221;center&#8221; onclick=&#8221;custom_link&#8221; img_link_target=&#8221;_blank&#8221; link=&#8221;https:\/\/agences.sg.fr\/banque-assurance\/particulier\/agences-paris-7eme-C75107&#8243;][vc_empty_space height=&#8221;10px&#8221;][vc_column_text]<\/p>\n<p style=\"text-align: center;\"><span style=\"color: #cca146;\"><b><a style=\"color: #cca146;\" href=\"https:\/\/agences.sg.fr\/banque-assurance\/particulier\/agences-paris-7eme-C75107\" target=\"_blank\" rel=\"noopener noreferrer\">Soci\u00e9t\u00e9 G\u00e9n\u00e9rale<\/a><br \/>\n<\/b><\/span>Banque de soutien.<\/p>\n<p>[\/vc_column_text][\/vc_column][\/vc_row][vc_row][vc_column][vc_empty_space height=&#8221;60px&#8221;][\/vc_column][\/vc_row][vc_row][vc_column width=&#8221;1\/4&#8243;][vc_single_image image=&#8221;25736&#8243; img_size=&#8221;full&#8221; alignment=&#8221;center&#8221; onclick=&#8221;custom_link&#8221; img_link_target=&#8221;_blank&#8221; link=&#8221;https:\/\/paper.fedrigoni.com&#8221;][vc_empty_space height=&#8221;10px&#8221;][vc_column_text]<\/p>\n<p style=\"text-align: center;\"><span style=\"color: #cca146;\"><b><a style=\"color: #cca146;\" href=\"https:\/\/paper.fedrigoni.com\/\" target=\"_blank\" rel=\"noopener noreferrer\">Fedrigoni<\/a><br \/>\n<\/b><\/span>All our papers have a name. A history. An identity.<\/p>\n<p>[\/vc_column_text][\/vc_column][vc_column width=&#8221;1\/4&#8243;][vc_single_image image=&#8221;26030&#8243; img_size=&#8221;full&#8221; alignment=&#8221;center&#8221; onclick=&#8221;custom_link&#8221; img_link_target=&#8221;_blank&#8221; link=&#8221;https:\/\/www.eggraphic.fr\/?pt=tpi&#8221;][vc_empty_space height=&#8221;10px&#8221;][vc_column_text]<\/p>\n<p style=\"text-align: center;\"><span style=\"color: #cca146;\"><b><a style=\"color: #cca146;\" href=\"https:\/\/www.eggraphic.fr\/?pt=tpi\" target=\"_blank\" rel=\"noopener noreferrer\">TPI S.A.S<\/a><br \/>\n<\/b><\/span>Compogravure Impression.<\/p>\n<p>[\/vc_column_text][\/vc_column][vc_column width=&#8221;1\/4&#8243;][vc_single_image image=&#8221;19307&#8243; img_size=&#8221;full&#8221; alignment=&#8221;center&#8221; onclick=&#8221;custom_link&#8221; img_link_target=&#8221;_blank&#8221; link=&#8221;https:\/\/www.annabelleoliveira.fr\/&#8221;][vc_empty_space height=&#8221;10px&#8221;][vc_column_text]<\/p>\n<p style=\"text-align: center;\"><span style=\"color: #cca146;\"><b><a style=\"color: #cca146;\" href=\"https:\/\/www.annabelleoliveira.fr\/\" target=\"_blank\" rel=\"noopener noreferrer\">Annabelle Oliveira<\/a><br \/>\n<\/b><\/span>Conseils, communication, formations.<\/p>\n<p>[\/vc_column_text][\/vc_column][vc_column width=&#8221;1\/4&#8243;][vc_single_image image=&#8221;19300&#8243; img_size=&#8221;full&#8221; alignment=&#8221;center&#8221; onclick=&#8221;custom_link&#8221; img_link_target=&#8221;_blank&#8221; link=&#8221;https:\/\/www.instagram.com\/antic_air\/&#8221;][vc_empty_space height=&#8221;10px&#8221;][vc_column_text]<\/p>\n<p style=\"text-align: center;\"><span style=\"color: #cca146;\"><b><a style=\"color: #cca146;\" href=\"https:\/\/www.instagram.com\/antic_air\/\" target=\"_blank\" rel=\"noopener noreferrer\">Antic Air<\/a><br \/>\n<\/b><\/span>Antic Air is specialized in digital communication and community management in the field of Art.<\/p>\n<p>[\/vc_column_text][\/vc_column][\/vc_row][vc_row][vc_column][vc_empty_space height=&#8221;60px&#8221;][\/vc_column][\/vc_row][vc_row][vc_column width=&#8221;1\/4&#8243;][\/vc_column][vc_column width=&#8221;1\/4&#8243;][\/vc_column][vc_column width=&#8221;1\/4&#8243;][\/vc_column][vc_column width=&#8221;1\/4&#8243;][\/vc_column][\/vc_row][vc_row][vc_column][vc_empty_space height=&#8221;60px&#8221;][\/vc_column][\/vc_row]<\/p>\n<\/div>","protected":false},"excerpt":{"rendered":"<p>[vc_row][vc_column width=&#8221;1\/4&#8243;][vc_single_image image=&#8221;19266&#8243; img_size=&#8221;full&#8221; alignment=&#8221;center&#8221; onclick=&#8221;custom_link&#8221; img_link_target=&#8221;_blank&#8221; link=&#8221;https:\/\/www.culture.gouv.fr\/en&#8221;][vc_empty_space height=&#8221;10px&#8221;][vc_column_text] Minist\u00e8re de la Culture French Republic. [\/vc_column_text][\/vc_column][vc_column width=&#8221;1\/4&#8243;][vc_single_image image=&#8221;1397&#8243; img_size=&#8221;full&#8221; alignment=&#8221;center&#8221; onclick=&#8221;custom_link&#8221; img_link_target=&#8221;_blank&#8221; link=&#8221;https:\/\/www.mairie07.paris.fr\/&#8221;][vc_empty_space height=&#8221;10px&#8221;][vc_column_text] Mairie 7e City Hall of the 7th arrondissement of Paris [\/vc_column_text][\/vc_column][vc_column width=&#8221;1\/4&#8243;][vc_single_image image=&#8221;24089&#8243; img_size=&#8221;full&#8221; alignment=&#8221;center&#8221; onclick=&#8221;custom_link&#8221; img_link_target=&#8221;_blank&#8221; link=&#8221;https:\/\/www.appia-art.fr\/&#8221;][vc_empty_space height=&#8221;10px&#8221;][vc_column_text] APPIA Art &amp; Assrance. [\/vc_column_text][\/vc_column][vc_column width=&#8221;1\/4&#8243;][vc_single_image image=&#8221;1403&#8243; img_size=&#8221;full&#8221; alignment=&#8221;center&#8221; onclick=&#8221;custom_link&#8221; img_link_target=&#8221;_blank&#8221; link=&#8221;https:\/\/www.hotellutetia.com\/fr&#8221;][vc_empty_space&hellip;<\/p>\n","protected":false},"author":1,"featured_media":0,"parent":0,"menu_order":50,"comment_status":"closed","ping_status":"closed","template":"","meta":{"footnotes":""},"class_list":["post-2357","page","type-page","status-publish","hentry","description-off"],"aioseo_notices":[],"_links":{"self":[{"href":"https:\/\/www.carrerivegauche.com\/en\/wp-json\/wp\/v2\/pages\/2357","targetHints":{"allow":["GET"]}}],"collection":[{"href":"https:\/\/www.carrerivegauche.com\/en\/wp-json\/wp\/v2\/pages"}],"about":[{"href":"https:\/\/www.carrerivegauche.com\/en\/wp-json\/wp\/v2\/types\/page"}],"author":[{"embeddable":true,"href":"https:\/\/www.carrerivegauche.com\/en\/wp-json\/wp\/v2\/users\/1"}],"replies":[{"embeddable":true,"href":"https:\/\/www.carrerivegauche.com\/en\/wp-json\/wp\/v2\/comments?post=2357"}],"version-history":[{"count":19,"href":"https:\/\/www.carrerivegauche.com\/en\/wp-json\/wp\/v2\/pages\/2357\/revisions"}],"predecessor-version":[{"id":26042,"href":"https:\/\/www.carrerivegauche.com\/en\/wp-json\/wp\/v2\/pages\/2357\/revisions\/26042"}],"wp:attachment":[{"href":"https:\/\/www.carrerivegauche.com\/en\/wp-json\/wp\/v2\/media?parent=2357"}],"curies":[{"name":"wp","href":"https:\/\/api.w.org\/{rel}","templated":true}]}}